{"id":11516,"date":"2025-09-24T15:00:22","date_gmt":"2025-09-24T16:00:22","guid":{"rendered":"https:\/\/www.psychedelicare.eu\/donar\/"},"modified":"2025-09-30T13:28:00","modified_gmt":"2025-09-30T14:28:00","slug":"donate","status":"publish","type":"page","link":"https:\/\/2025.psychedelicare.eu\/ca\/donate\/","title":{"rendered":"Donar"},"content":{"rendered":"\t\t<div data-elementor-type=\"wp-page\" data-elementor-id=\"11516\" class=\"elementor elementor-11516 elementor-11509\" data-elementor-post-type=\"page\">\n\t\t\t\t<div class=\"elementor-element elementor-element-ee3c2ee e-flex e-con-boxed e-con e-parent\" data-id=\"ee3c2ee\" data-element_type=\"container\">\n\t\t\t\t\t<div class=\"e-con-inner\">\n\t\t<div class=\"elementor-element elementor-element-a0ef854 e-con-full e-flex e-con e-child\" data-id=\"a0ef854\" data-element_type=\"container\">\n\t\t\t\t<div class=\"elementor-element elementor-element-573db51 elementor-widget-mobile__width-initial elementor-widget elementor-widget-heading\" data-id=\"573db51\" data-element_type=\"widget\" data-widget_type=\"heading.default\">\n\t\t\t\t<div class=\"elementor-widget-container\">\n\t\t\t\t\t<h2 class=\"elementor-heading-title elementor-size-default\">DONA A LA INICIATIVA<\/h2>\t\t\t\t<\/div>\n\t\t\t\t<\/div>\n\t\t\t\t<div class=\"elementor-element elementor-element-5ad31b1 elementor-widget elementor-widget-heading\" data-id=\"5ad31b1\" data-element_type=\"widget\" data-widget_type=\"heading.default\">\n\t\t\t\t<div class=\"elementor-widget-container\">\n\t\t\t\t\t<h2 class=\"elementor-heading-title elementor-size-default\">El vostre suport importa!<\/h2>\t\t\t\t<\/div>\n\t\t\t\t<\/div>\n\t\t\t\t<div class=\"elementor-element elementor-element-3da318a elementor-widget elementor-widget-text-editor\" data-id=\"3da318a\" data-element_type=\"widget\" data-widget_type=\"text-editor.default\">\n\t\t\t\t<div class=\"elementor-widget-container\">\n\t\t\t\t\t\t\t\t\t<p>Doneu suport a la nostra iniciativa amb la vostra donaci\u00f3 ben\u00e8fica i ajudeu-nos a conscienciar sobre els beneficis de la ter\u00e0pia assistida amb psicod\u00e8lia, abordar la crisi de salut mental a Europa i impulsar un moviment ciutad\u00e0 democr\u00e0tic.<\/p><p>El vostre donatiu ens pot ajudar principalment de dues maneres: per imprimir recursos de comunicaci\u00f3 com ara fullets i altres materials per donar a con\u00e8ixer la iniciativa i per organitzar esdeveniments i activitats de suport.  <\/p><p>Per a nosaltres, les donacions mitjan\u00e7ant domiciliaci\u00f3 banc\u00e0ria SEPA o transfer\u00e8ncia banc\u00e0ria SEPA s\u00f3n m\u00e9s beneficioses perqu\u00e8 eviten els processadors de pagaments comercials i les seves comissions.<\/p>\t\t\t\t\t\t\t\t<\/div>\n\t\t\t\t<\/div>\n\t\t\t\t<\/div>\n\t\t\t\t\t<\/div>\n\t\t\t\t<\/div>\n\t\t<div class=\"elementor-element elementor-element-f253128 e-flex e-con-boxed e-con e-parent\" data-id=\"f253128\" data-element_type=\"container\">\n\t\t\t\t\t<div class=\"e-con-inner\">\n\t\t\t\t<div class=\"elementor-element elementor-element-5dffdfb elementor-widget elementor-widget-shortcode\" data-id=\"5dffdfb\" data-element_type=\"widget\" data-widget_type=\"shortcode.default\">\n\t\t\t\t<div class=\"elementor-widget-container\">\n\t\t\t\t\t\t\t<div class=\"elementor-shortcode\"><script type=\"text\/javascript\">\n            (function() {\n                var u=\"https:\/\/spenden.twingle.de\/embed\/genericorganisation\/genericproject\/tw66bb695836805\/widget\";\n                var id = '_' + Math.random().toString(36).substr(2, 9);\n                var d=document, g=d.createElement('script'), s=d.getElementsByTagName('script')[0], t=d.createElement('div');\n                t.id = 'twingle-public-embed-' + id;\n                document.currentScript.after(t);\n                g.type='text\/javascript'; g.async=true; g.defer=true; g.src=u+'\/'+id; s.parentNode.insertBefore(g,s);\n            })();\n        <\/script><\/div>\n\t\t\t\t\t\t<\/div>\n\t\t\t\t<\/div>\n\t\t\t\t\t<\/div>\n\t\t\t\t<\/div>\n\t\t<div class=\"elementor-element elementor-element-8bcf504 e-flex e-con-boxed e-con e-parent\" data-id=\"8bcf504\" data-element_type=\"container\">\n\t\t\t\t\t<div class=\"e-con-inner\">\n\t\t\t\t\t<\/div>\n\t\t\t\t<\/div>\n\t\t<div class=\"elementor-element elementor-element-2fe5d7f e-flex e-con-boxed e-con e-parent\" data-id=\"2fe5d7f\" data-element_type=\"container\">\n\t\t\t\t\t<div class=\"e-con-inner\">\n\t\t<div class=\"elementor-element elementor-element-8ca603a e-con-full e-flex e-con e-child\" data-id=\"8ca603a\" data-element_type=\"container\">\n\t\t\t\t<div class=\"elementor-element elementor-element-6414b63 elementor-widget elementor-widget-text-editor\" data-id=\"6414b63\" data-element_type=\"widget\" data-widget_type=\"text-editor.default\">\n\t\t\t\t<div class=\"elementor-widget-container\">\n\t\t\t\t\t\t\t\t\t<p>La teva donaci\u00f3 est\u00e0 gestionada per PsychedeliCare eV, una associaci\u00f3 sense \u00e0nim de lucre registrada a Potsdam, Alemanya. PsychedeliCare eV est\u00e0 reconeguda per les autoritats fiscals com a associaci\u00f3 ben\u00e8fica. Per tant, les donacions s\u00f3n dedu\u00efbles d&#8217;impostos a Alemanya. Que tamb\u00e9 siguin dedu\u00efbles d&#8217;impostos en altres pa\u00efsos de la UE dep\u00e8n de les normatives locals, ja que actualment no hi ha una normativa unificada a nivell de la UE.   <\/p><p><strong>Si realment t&#8217;apassiona aquest tema, tamb\u00e9 pots <a href=\"https:\/\/2025.psychedelicare.eu\/ca\/join-the-psychedelicare-association\/\">fer-te membre de PsychedeliCare eV.<\/a><\/strong><\/p>\t\t\t\t\t\t\t\t<\/div>\n\t\t\t\t<\/div>\n\t\t\t\t<\/div>\n\t\t\t\t\t<\/div>\n\t\t\t\t<\/div>\n\t\t\t\t<\/div>\n\t\t","protected":false},"excerpt":{"rendered":"<p>DONA A LA INICIATIVA El vostre suport importa! Doneu suport a la nostra iniciativa amb la vostra donaci\u00f3 ben\u00e8fica i ajudeu-nos a conscienciar sobre els beneficis de la ter\u00e0pia assistida amb psicod\u00e8lia, abordar la crisi de salut mental a Europa i impulsar un moviment ciutad\u00e0 democr\u00e0tic. El vostre donatiu ens pot ajudar principalment de dues [&hellip;]<\/p>\n","protected":false},"author":1,"featured_media":0,"parent":0,"menu_order":0,"comment_status":"closed","ping_status":"closed","template":"","meta":{"footnotes":""},"class_list":["post-11516","page","type-page","status-publish","hentry"],"_links":{"self":[{"href":"https:\/\/2025.psychedelicare.eu\/ca\/wp-json\/wp\/v2\/pages\/11516","targetHints":{"allow":["GET"]}}],"collection":[{"href":"https:\/\/2025.psychedelicare.eu\/ca\/wp-json\/wp\/v2\/pages"}],"about":[{"href":"https:\/\/2025.psychedelicare.eu\/ca\/wp-json\/wp\/v2\/types\/page"}],"author":[{"embeddable":true,"href":"https:\/\/2025.psychedelicare.eu\/ca\/wp-json\/wp\/v2\/users\/1"}],"replies":[{"embeddable":true,"href":"https:\/\/2025.psychedelicare.eu\/ca\/wp-json\/wp\/v2\/comments?post=11516"}],"version-history":[{"count":5,"href":"https:\/\/2025.psychedelicare.eu\/ca\/wp-json\/wp\/v2\/pages\/11516\/revisions"}],"predecessor-version":[{"id":13269,"href":"https:\/\/2025.psychedelicare.eu\/ca\/wp-json\/wp\/v2\/pages\/11516\/revisions\/13269"}],"wp:attachment":[{"href":"https:\/\/2025.psychedelicare.eu\/ca\/wp-json\/wp\/v2\/media?parent=11516"}],"curies":[{"name":"wp","href":"https:\/\/api.w.org\/{rel}","templated":true}]}}