{"id":4497,"date":"2023-08-26T06:52:46","date_gmt":"2023-08-26T07:52:46","guid":{"rendered":"https:\/\/www.psychedelicare.eu\/datenschutzbestimmungen\/"},"modified":"2025-10-02T06:58:04","modified_gmt":"2025-10-02T07:58:04","slug":"datenschutzbestimmungen","status":"publish","type":"page","link":"https:\/\/2025.psychedelicare.eu\/de\/datenschutzbestimmungen\/","title":{"rendered":"Datenschutzbestimmungen"},"content":{"rendered":"\t\t<div data-elementor-type=\"wp-page\" data-elementor-id=\"4497\" class=\"elementor elementor-4497 elementor-1413\" data-elementor-post-type=\"page\">\n\t\t\t\t<div class=\"elementor-element elementor-element-1da536a9 e-flex e-con-boxed e-con e-parent\" data-id=\"1da536a9\" data-element_type=\"container\">\n\t\t\t\t\t<div class=\"e-con-inner\">\n\t\t\t\t<div class=\"elementor-element elementor-element-4f5ad5a3 elementor-widget elementor-widget-heading\" data-id=\"4f5ad5a3\" data-element_type=\"widget\" data-widget_type=\"heading.default\">\n\t\t\t\t<div class=\"elementor-widget-container\">\n\t\t\t\t\t<h2 class=\"elementor-heading-title elementor-size-default\">DATENSCHUTZBESTIMMUNGEN<\/h2>\t\t\t\t<\/div>\n\t\t\t\t<\/div>\n\t\t\t\t\t<\/div>\n\t\t\t\t<\/div>\n\t\t<div class=\"elementor-element elementor-element-052287f e-flex e-con-boxed e-con e-parent\" data-id=\"052287f\" data-element_type=\"container\">\n\t\t\t\t\t<div class=\"e-con-inner\">\n\t\t\t\t<div class=\"elementor-element elementor-element-fb64b53 elementor-widget elementor-widget-text-editor\" data-id=\"fb64b53\" data-element_type=\"widget\" data-widget_type=\"text-editor.default\">\n\t\t\t\t<div class=\"elementor-widget-container\">\n\t\t\t\t\t\t\t\t\t<div><div><h3>Einf\u00fchrung<\/h3><\/div><p>Diese Datenschutzerkl\u00e4rung erl\u00e4utert, wie psychedelicare.eu die pers\u00f6nlichen Daten, die Sie uns \u00fcber unser Kontaktformular zur Verf\u00fcgung stellen, sammelt, verwendet und sch\u00fctzt. Wir verpflichten uns, Ihre Privatsph\u00e4re zu sch\u00fctzen und die geltenden Datenschutzgesetze, einschlie\u00dflich der General Data Protection Regulation (GDPR), einzuhalten. <\/p><\/div><div><div><h3>Wie wir Ihre pers\u00f6nlichen Daten verwenden<\/h3><\/div><p>Wir verwenden die personenbezogenen Daten, die Sie uns \u00fcber das Kontaktformular zur Verf\u00fcgung stellen, um mit Ihnen in Kontakt zu treten und auf Ihre Anfrage oder Frage zu antworten. Wir verwenden sie nicht f\u00fcr kommerzielle Zwecke oder andere Marketingaktivit\u00e4ten ohne Ihre ausdr\u00fcckliche Zustimmung. <\/p><h3>Einverst\u00e4ndnis<\/h3><\/div><div><p>Indem Sie unser Kontaktformular benutzen und Ihre pers\u00f6nlichen Daten angeben, erkl\u00e4ren Sie sich damit einverstanden, dass wir diese f\u00fcr die in dieser Datenschutzrichtlinie genannten Zwecke verwenden.<\/p><\/div><div><div><h3>Pers\u00f6nliche Daten weitergeben<\/h3><\/div><p>Wir geben Ihre pers\u00f6nlichen Daten nicht an Dritte weiter, es sei denn, es ist notwendig, um Ihre Anfrage zu beantworten oder wir sind gesetzlich dazu verpflichtet.<\/p><\/div><div><div><h3>Datensicherheit<\/h3><\/div><p>Wir ergreifen angemessene Ma\u00dfnahmen, um Ihre pers\u00f6nlichen Daten vor unbefugter Nutzung, Verlust, Zugriff, Offenlegung, \u00c4nderung oder Zerst\u00f6rung zu sch\u00fctzen. Bitte beachten Sie jedoch, dass die Sicherheit von Informationen, die \u00fcber das Internet \u00fcbertragen werden, nicht zu 100% garantiert werden kann. <\/p><\/div><div><div><h3>Ihre Rechte<\/h3><\/div><p>Gem\u00e4\u00df GDPR haben Sie das Recht auf Zugang, Berichtigung, L\u00f6schung oder Widerspruch gegen die Verarbeitung Ihrer personenbezogenen Daten. Wenn Sie eines dieser Rechte aus\u00fcben m\u00f6chten, kontaktieren Sie uns bitte unter info@psychedelicare.eu. Wir werden Ihre Anfrage innerhalb des gesetzlich vorgeschriebenen Zeitrahmens beantworten.  <\/p><\/div><div><div><h3>\u00c4nderungen der Datenschutzbestimmungen<\/h3><\/div><p>Wir behalten uns das Recht vor, diese Datenschutzrichtlinie jederzeit zu aktualisieren. \u00c4nderungen werden auf dieser Seite ver\u00f6ffentlicht, und das Datum der letzten Aktualisierung wird oben auf dieser Seite angegeben. <\/p><\/div><div><div><h3>Kontaktieren Sie uns<\/h3><\/div><p>Wenn Sie Fragen oder Bedenken zu unserer Datenschutzrichtlinie haben, wenden Sie sich bitte an die folgende E-Mail-Adresse: info@psychedelicare.eu<\/p><\/div>\t\t\t\t\t\t\t\t<\/div>\n\t\t\t\t<\/div>\n\t\t\t\t\t<\/div>\n\t\t\t\t<\/div>\n\t\t\t\t<\/div>\n\t\t","protected":false},"excerpt":{"rendered":"<p>DATENSCHUTZBESTIMMUNGEN Einf\u00fchrung Diese Datenschutzerkl\u00e4rung erl\u00e4utert, wie psychedelicare.eu die pers\u00f6nlichen Daten, die Sie uns \u00fcber unser Kontaktformular zur Verf\u00fcgung stellen, sammelt, verwendet und sch\u00fctzt. Wir verpflichten uns, Ihre Privatsph\u00e4re zu sch\u00fctzen und die geltenden Datenschutzgesetze, einschlie\u00dflich der General Data Protection Regulation (GDPR), einzuhalten. Wie wir Ihre pers\u00f6nlichen Daten verwenden Wir verwenden die personenbezogenen Daten, die Sie [&hellip;]<\/p>\n","protected":false},"author":4,"featured_media":0,"parent":0,"menu_order":0,"comment_status":"closed","ping_status":"closed","template":"","meta":{"footnotes":""},"class_list":["post-4497","page","type-page","status-publish","hentry"],"_links":{"self":[{"href":"https:\/\/2025.psychedelicare.eu\/de\/wp-json\/wp\/v2\/pages\/4497","targetHints":{"allow":["GET"]}}],"collection":[{"href":"https:\/\/2025.psychedelicare.eu\/de\/wp-json\/wp\/v2\/pages"}],"about":[{"href":"https:\/\/2025.psychedelicare.eu\/de\/wp-json\/wp\/v2\/types\/page"}],"author":[{"embeddable":true,"href":"https:\/\/2025.psychedelicare.eu\/de\/wp-json\/wp\/v2\/users\/4"}],"replies":[{"embeddable":true,"href":"https:\/\/2025.psychedelicare.eu\/de\/wp-json\/wp\/v2\/comments?post=4497"}],"version-history":[{"count":4,"href":"https:\/\/2025.psychedelicare.eu\/de\/wp-json\/wp\/v2\/pages\/4497\/revisions"}],"predecessor-version":[{"id":13789,"href":"https:\/\/2025.psychedelicare.eu\/de\/wp-json\/wp\/v2\/pages\/4497\/revisions\/13789"}],"wp:attachment":[{"href":"https:\/\/2025.psychedelicare.eu\/de\/wp-json\/wp\/v2\/media?parent=4497"}],"curies":[{"name":"wp","href":"https:\/\/api.w.org\/{rel}","templated":true}]}}