{"id":10041,"date":"2025-05-15T17:14:40","date_gmt":"2025-05-15T18:14:40","guid":{"rendered":"https:\/\/www.psychedelicare.eu\/medios-de-comunicacion\/"},"modified":"2025-10-03T18:23:04","modified_gmt":"2025-10-03T19:23:04","slug":"medios-de-comunicacion","status":"publish","type":"page","link":"https:\/\/2025.psychedelicare.eu\/es\/medios-de-comunicacion\/","title":{"rendered":"Medios de comunicaci\u00f3n"},"content":{"rendered":"\t\t<div data-elementor-type=\"wp-page\" data-elementor-id=\"10041\" class=\"elementor elementor-10041 elementor-7070\" data-elementor-post-type=\"page\">\n\t\t\t\t<div class=\"elementor-element elementor-element-e59cf30 e-flex e-con-boxed e-con e-parent\" data-id=\"e59cf30\" data-element_type=\"container\">\n\t\t\t\t\t<div class=\"e-con-inner\">\n\t\t\t\t<div class=\"elementor-element elementor-element-43f59f6 elementor-widget elementor-widget-heading\" data-id=\"43f59f6\" data-element_type=\"widget\" data-widget_type=\"heading.default\">\n\t\t\t\t<div class=\"elementor-widget-container\">\n\t\t\t\t\t<h2 class=\"elementor-heading-title elementor-size-default\">MEDIOS DE COMUNICACI\u00d3N<\/h2>\t\t\t\t<\/div>\n\t\t\t\t<\/div>\n\t\t\t\t\t<\/div>\n\t\t\t\t<\/div>\n\t\t<div class=\"elementor-element elementor-element-ed5fe67 e-flex e-con-boxed e-con e-parent\" data-id=\"ed5fe67\" data-element_type=\"container\">\n\t\t\t\t\t<div class=\"e-con-inner\">\n\t\t\t\t<div class=\"elementor-element elementor-element-2173d14 elementor-widget elementor-widget-text-editor\" data-id=\"2173d14\" data-element_type=\"widget\" data-widget_type=\"text-editor.default\">\n\t\t\t\t<div class=\"elementor-widget-container\">\n\t\t\t\t\t\t\t\t\t<div class=\"wp-block-uagb-container uagb-block-6a1ba7b0\"><div class=\"wp-block-uagb-advanced-heading uagb-block-e71bc163\"><h3 class=\"uagb-heading-text\">Contactos<\/h3><\/div><p class=\"has-medium-font-size\"><strong>CONSULTAS EUROPEAS Y RELACIONADAS CON LA CIENCIA<\/strong><br><a href=\"mailto:press@psychedelicare.eu\">press@psychedelicare.eu<\/a><\/p><p class=\"has-medium-font-size\"><strong>CONSULTAS NACIONALES<\/strong><br>Ponte en contacto con el <a href=\"https:\/\/2025.psychedelicare.eu\/es\/about-us\/#national-teams\">equipo nacional<\/a> correspondiente.<\/p><\/div><div class=\"wp-block-uagb-container uagb-block-253d4f51\"><div class=\"wp-block-uagb-advanced-heading uagb-block-c0406deb\"><h3 class=\"uagb-heading-text\">Kit de prensa<\/h3><\/div><p class=\"has-medium-font-size\">Descargar <strong>\n  <a href=\"https:\/\/2025.psychedelicare.eu\/wp-content\/uploads\/2025\/01\/Press-kit.zip\">nuestro dossier de prensa<\/a>\n<\/strong>que contiene:<\/p><p class=\"has-medium-font-size\">- Un folleto con un resumen de nuestra Iniciativa;<\/p><p class=\"has-medium-font-size\">- Nuestro logotipo y directrices visuales;<\/p><p class=\"has-medium-font-size\">- Im\u00e1genes e ilustraciones.<\/p><\/div><div class=\"wp-block-uagb-container uagb-block-cd35ce69\"><div class=\"wp-block-uagb-advanced-heading uagb-block-ec224799\"><h3 class=\"uagb-heading-text\">M\u00e1s informaci\u00f3n y noticias<\/h3><\/div><p class=\"has-medium-font-size\">Inf\u00f3rmate <a href=\"https:\/\/citizens-initiative.europa.eu\/initiatives\/details\/2024\/000011_en\" target=\"_blank\" rel=\"noreferrer noopener\">sobre la Iniciativa, su finalidad y nuestras peticiones a la Comisi\u00f3n Europea<\/a>.<\/p><p class=\"has-medium-font-size\">Inf\u00f3rmate sobre nuestras <a href=\"https:\/\/2025.psychedelicare.eu\/es\/news\/\">\u00faltimas noticias<\/a>.<\/p><\/div><div class=\"wp-block-spacer\" style=\"height: 100px;\" aria-hidden=\"true\"> <\/div><p>  re<\/p>\t\t\t\t\t\t\t\t<\/div>\n\t\t\t\t<\/div>\n\t\t\t\t\t<\/div>\n\t\t\t\t<\/div>\n\t\t\t\t<\/div>\n\t\t","protected":false},"excerpt":{"rendered":"<p>MEDIOS DE COMUNICACI\u00d3N Contactos CONSULTAS EUROPEAS Y RELACIONADAS CON LA CIENCIApress@psychedelicare.eu CONSULTAS NACIONALESPonte en contacto con el equipo nacional correspondiente. Kit de prensa Descargar nuestro dossier de prensa que contiene: - Un folleto con un resumen de nuestra Iniciativa; - Nuestro logotipo y directrices visuales; - Im\u00e1genes e ilustraciones. M\u00e1s informaci\u00f3n y noticias Inf\u00f3rmate sobre [&hellip;]<\/p>\n","protected":false},"author":1,"featured_media":0,"parent":0,"menu_order":0,"comment_status":"closed","ping_status":"closed","template":"","meta":{"footnotes":""},"class_list":["post-10041","page","type-page","status-publish","hentry"],"_links":{"self":[{"href":"https:\/\/2025.psychedelicare.eu\/es\/wp-json\/wp\/v2\/pages\/10041","targetHints":{"allow":["GET"]}}],"collection":[{"href":"https:\/\/2025.psychedelicare.eu\/es\/wp-json\/wp\/v2\/pages"}],"about":[{"href":"https:\/\/2025.psychedelicare.eu\/es\/wp-json\/wp\/v2\/types\/page"}],"author":[{"embeddable":true,"href":"https:\/\/2025.psychedelicare.eu\/es\/wp-json\/wp\/v2\/users\/1"}],"replies":[{"embeddable":true,"href":"https:\/\/2025.psychedelicare.eu\/es\/wp-json\/wp\/v2\/comments?post=10041"}],"version-history":[{"count":7,"href":"https:\/\/2025.psychedelicare.eu\/es\/wp-json\/wp\/v2\/pages\/10041\/revisions"}],"predecessor-version":[{"id":14261,"href":"https:\/\/2025.psychedelicare.eu\/es\/wp-json\/wp\/v2\/pages\/10041\/revisions\/14261"}],"wp:attachment":[{"href":"https:\/\/2025.psychedelicare.eu\/es\/wp-json\/wp\/v2\/media?parent=10041"}],"curies":[{"name":"wp","href":"https:\/\/api.w.org\/{rel}","templated":true}]}}