{"id":10069,"date":"2025-08-27T08:33:27","date_gmt":"2025-08-27T09:33:27","guid":{"rendered":"https:\/\/www.psychedelicare.eu\/legal-e-historia\/"},"modified":"2025-09-19T19:26:55","modified_gmt":"2025-09-19T20:26:55","slug":"legal-e-historia","status":"publish","type":"page","link":"https:\/\/2025.psychedelicare.eu\/es\/legal-e-historia\/","title":{"rendered":"Legal e Historia"},"content":{"rendered":"\t\t<div data-elementor-type=\"wp-page\" data-elementor-id=\"10069\" class=\"elementor elementor-10069 elementor-9253\" data-elementor-post-type=\"page\">\n\t\t\t\t<div class=\"elementor-element elementor-element-1553548a e-flex e-con-boxed e-con e-parent\" data-id=\"1553548a\" data-element_type=\"container\">\n\t\t\t\t\t<div class=\"e-con-inner\">\n\t\t\t\t<div class=\"elementor-element elementor-element-4d4cbcf5 elementor-widget elementor-widget-heading\" data-id=\"4d4cbcf5\" data-element_type=\"widget\" data-widget_type=\"heading.default\">\n\t\t\t\t<div class=\"elementor-widget-container\">\n\t\t\t\t\t<h2 class=\"elementor-heading-title elementor-size-default\">LEGAL E HISTORIA<\/h2>\t\t\t\t<\/div>\n\t\t\t\t<\/div>\n\t\t\t\t\t<\/div>\n\t\t\t\t<\/div>\n\t\t<div class=\"elementor-element elementor-element-a018e89 e-flex e-con-boxed e-con e-parent\" data-id=\"a018e89\" data-element_type=\"container\" id=\"legal\" data-settings=\"{&quot;background_background&quot;:&quot;classic&quot;}\">\n\t\t\t\t\t<div class=\"e-con-inner\">\n\t\t<div class=\"elementor-element elementor-element-e69fb58 e-con-full e-flex e-con e-child\" data-id=\"e69fb58\" data-element_type=\"container\">\n\t\t\t\t<div class=\"elementor-element elementor-element-ae5ee47 elementor-widget elementor-widget-heading\" data-id=\"ae5ee47\" data-element_type=\"widget\" data-widget_type=\"heading.default\">\n\t\t\t\t<div class=\"elementor-widget-container\">\n\t\t\t\t\t<h3 class=\"elementor-heading-title elementor-size-default\">Situaci\u00f3n legal y sustancias psicod\u00e9licas<\/h3>\t\t\t\t<\/div>\n\t\t\t\t<\/div>\n\t\t\t\t<div class=\"elementor-element elementor-element-c24cfc0 elementor-widget elementor-widget-text-editor\" data-id=\"c24cfc0\" data-element_type=\"widget\" data-widget_type=\"text-editor.default\">\n\t\t\t\t<div class=\"elementor-widget-container\">\n\t\t\t\t\t\t\t\t\t<p class=\"has-medium-font-size\">Tras la prohibici\u00f3n de las actividades no autorizadas o sin licencia con psicod\u00e9licos designados como \u00abdrogas controladas\u00bb en la d\u00e9cada de 1970-1980, la investigaci\u00f3n sobre los riesgos y beneficios percibidos al experimentar sustancias psicod\u00e9licas como el LSD, la psilocibina y el MDMA (com\u00fanmente conocido como \u00ab\u00e9xtasis\u00bb) ha sido, cuando menos, ardua.<\/p><p class=\"has-medium-font-size\">Sin embargo, en las \u00faltimas d\u00e9cadas ha renacido la investigaci\u00f3n sobre la aplicaci\u00f3n terap\u00e9utica de estos medicamentos. El proceso ha sido lento, pero resistente, y esto ha fomentado cierta liberalizaci\u00f3n de las leyes sobre drogas en algunas jurisdicciones, lo que ha llevado a la despenalizaci\u00f3n de la posesi\u00f3n de muchas drogas y, en unos pocos casos, a una legalizaci\u00f3n m\u00e1s amplia de ciertas actividades que antes eran delito. <\/p>\t\t\t\t\t\t\t\t<\/div>\n\t\t\t\t<\/div>\n\t\t\t\t<\/div>\n\t\t<div class=\"elementor-element elementor-element-8e49099 e-con-full e-flex e-con e-child\" data-id=\"8e49099\" data-element_type=\"container\">\n\t\t\t\t<div class=\"elementor-element elementor-element-81f674b elementor-widget elementor-widget-text-editor\" data-id=\"81f674b\" data-element_type=\"widget\" data-widget_type=\"text-editor.default\">\n\t\t\t\t<div class=\"elementor-widget-container\">\n\t\t\t\t\t\t\t\t\t<p>A este cambio se le denomina Renacimiento Psicod\u00e9lico. Numerosos estudios de investigaci\u00f3n y ensayos cl\u00ednicos han aportado pruebas favorables a la utilizaci\u00f3n de psicod\u00e9licos cuando se administran junto con psicoterapia. Por ejemplo, el Spravato o Esketamina, que es un derivado de la ketamina psicod\u00e9lica\/anest\u00e9sica, fue aprobado en 2019 por la FDA (EE.UU.) para el tratamiento de la depresi\u00f3n, y debe administrarse junto con psicoterapia, otros antidepresivos o ambos. Muchos investigadores y cl\u00ednicos respetados reconocen que los psicod\u00e9licos son herramientas terap\u00e9uticas prometedoras para los trastornos mentales, como la depresi\u00f3n, el TEPT y los trastornos por consumo de sustancias, como el alcoholismo.<\/p><p>El camino hacia la legalizaci\u00f3n de la terapia asistida con psicod\u00e9licos sigue siendo largo, y no le faltan obst\u00e1culos. Sin embargo, a pesar de los numerosos obst\u00e1culos, el renacimiento psicod\u00e9lico est\u00e1 floreciendo y, al hacerlo, est\u00e1 ayudando a aliviar el dolor y el sufrimiento de personas de todo el mundo.  Recomendamos encarecidamente adoptar un discurso centrado en la persona al debatir tales restricciones, ya que utilizando un lenguaje jur\u00eddicamente coherente y centrado en el ser humano, podemos abrir una puerta a un espacio normativo en el que la investigaci\u00f3n y el tratamiento m\u00e9dico puedan prosperar.<\/p>\t\t\t\t\t\t\t\t<\/div>\n\t\t\t\t<\/div>\n\t\t\t\t<div class=\"elementor-element elementor-element-75b61ff elementor-widget elementor-widget-eael-adv-accordion\" data-id=\"75b61ff\" data-element_type=\"widget\" data-widget_type=\"eael-adv-accordion.default\">\n\t\t\t\t<div class=\"elementor-widget-container\">\n\t\t\t\t\t        <div class=\"eael-adv-accordion\" id=\"eael-adv-accordion-75b61ff\" data-scroll-on-click=\"\" data-scroll-speed=\"300\" data-accordion-id=\"75b61ff\" data-accordion-type=\"toggle\" 300>\n    <div class=\"eael-accordion-list\">\n                <div id=\"leer-ms\" class=\"elementor-tab-title eael-accordion-header\" tabindex=\"0\" data-tab=\"1\" aria-controls=\"elementor-tab-content-1231\"><span class=\"eael-advanced-accordion-icon-closed\"><\/span><span class=\"eael-advanced-accordion-icon-opened\"><\/span><span class=\"eael-accordion-tab-title\">LEER M\u00c1S<\/span><svg aria-hidden=\"true\" class=\"fa-toggle e-font-icon-svg e-fas-plus\" viewBox=\"0 0 448 512\" xmlns=\"http:\/\/www.w3.org\/2000\/svg\"><path d=\"M416 208H272V64c0-17.67-14.33-32-32-32h-32c-17.67 0-32 14.33-32 32v144H32c-17.67 0-32 14.33-32 32v32c0 17.67 14.33 32 32 32h144v144c0 17.67 14.33 32 32 32h32c17.67 0 32-14.33 32-32V304h144c17.67 0 32-14.33 32-32v-32c0-17.67-14.33-32-32-32z\"><\/path><\/svg><\/div><div id=\"elementor-tab-content-1231\" class=\"eael-accordion-content clearfix\" data-tab=\"1\" aria-labelledby=\"leer-ms\"><h3 class=\"wp-block-heading\"><strong>Uni\u00f3n Europea y Reino Unido<\/strong><\/h3>\n<p>A pesar de las numerosas instituciones acad\u00e9micas, empresas y organizaciones que aportan pruebas de la eficacia de la terapia asistida con psicod\u00e9licos para el tratamiento de trastornos mentales, siguen estando clasificadas como sustancias de la lista I, sin uso m\u00e9dico aceptado actualmente y con un alto potencial de abuso. La legislaci\u00f3n nacional suele incluir posibles disposiciones reguladoras, pero generalmente no se aplican debido a la determinaci\u00f3n de mantener una idea de \u00abilegalidad\u00bb de las sustancias (en lugar de un modelo regulador proporcionado basado en los resultados). <\/p>\n<p>Sin embargo, hay algunas excepciones. Desde julio de 2025, Alemania es el primer Estado miembro de la UE que permite el acceso legal a la Psilocibina en el marco de un programa limitado de uso compasivo. Una reciente decisi\u00f3n del Parlamento checo va m\u00e1s all\u00e1: A partir de enero de 2026, cuando entre en vigor la nueva legislaci\u00f3n, recibir\u00e1 un tratamiento similar al del Cannabis medicinal. En Holanda, las trufas de Psilocibina (la parte del subsuelo de un hongo) se venden y poseen legalmente. Aunque las trufas de Psilocibina est\u00e1n ahora legalmente disponibles, cuando se utilizan con fines terap\u00e9uticos o en el contexto de un retiro, las afirmaciones m\u00e9dicas relativas al tratamiento de afecciones de salud siguen siendo ilegales. Adem\u00e1s, se han despenalizado los delitos leves con drogas en Espa\u00f1a y Portugal. El uso terap\u00e9utico de algunos psicod\u00e9licos tambi\u00e9n se ha despenalizado en Suiza, y el uso m\u00e9dico de ciertos psicod\u00e9licos est\u00e1 aprobado en el contexto de la psicoterapia por un n\u00famero limitado de m\u00e9dicos certificados.      <\/p>\n<h3 class=\"wp-block-heading\"><strong>Estados Unidos<\/strong><\/h3>\n<p>Los psicod\u00e9licos siguen clasificados como sustancias de la Lista I, excepto unos pocos estados, como Oreg\u00f3n, Colorado y Washington DC, que despenalizaron la posesi\u00f3n, pero no legalizaron todas las actividades con los psicod\u00e9licos nombrados. La despenalizaci\u00f3n (de las actividades con drogas), a diferencia de la legalizaci\u00f3n (de las actividades con drogas), s\u00f3lo permite la posesi\u00f3n y el consumo personal de peque\u00f1as cantidades de la sustancia, y especifica un requisito de edad m\u00ednima. Sin embargo, los ensayos cl\u00ednicos que utilizan la psicoterapia asistida con MDMA para el TEPT han sido bastante prometedores, lo que llev\u00f3 a la FDA a designar la psicoterapia asistida con MDMA como \u00abterapia innovadora\u00bb en 2017. En diciembre de 2023, se present\u00f3 a la FDA una solicitud de nuevo f\u00e1rmaco para la MDMA, pero <a href=\"https:\/\/www.nature.com\/articles\/d41586-024-01622-3\" target=\"_blank\" rel=\"noreferrer noopener\">lamentablemente fue rechazada<\/a>.   <\/p>\n<h3 class=\"wp-block-heading\"><strong>Canad\u00e1<\/strong><\/h3>\n<p>Aunque los psicod\u00e9licos siguen estando clasificados a nivel federal como \u00abdrogas controladas\u00bb, un Programa de Acceso Especial permite a los m\u00e9dicos administrarlos en determinados casos de emergencia, mientras que se permite el uso personal y la posesi\u00f3n de la sustancia psicod\u00e9lica 5-MeO-DMT. En 2023, la provincia canadiense de Alberta se convirti\u00f3 en la primera en regular el acceso a la terapia asistida con psicod\u00e9licos para tratar enfermedades mentales, pero s\u00f3lo para determinadas instituciones acreditadas. Tambi\u00e9n se ha producido una liberalizaci\u00f3n mucho m\u00e1s amplia en Columbia Brit\u00e1nica.  <\/p>\n<h3 class=\"wp-block-heading\"><strong>Australia<\/strong><\/h3>\n<p>Algunos psicod\u00e9licos pueden utilizarse m\u00e9dicamente junto con la terapia, previa prescripci\u00f3n de psiquiatras autorizados, como la MDMA para las personas afectadas por el trastorno de estr\u00e9s postraum\u00e1tico (TEPT) y la psilocibina (contenida en forma natural en las \u00absetas m\u00e1gicas\u00bb) para las personas que sufren depresi\u00f3n resistente al tratamiento. En el caso de trastornos adictivos, los psiquiatras pueden recetar iboga\u00edna, sustancia psicoactiva que se encuentra en un arbusto de \u00c1frica Occidental\u00bb. <\/p>\n<\/div>\n                <\/div><\/div>\t\t\t\t<\/div>\n\t\t\t\t<\/div>\n\t\t\t\t<\/div>\n\t\t\t\t\t<\/div>\n\t\t\t\t<\/div>\n\t\t<div class=\"elementor-element elementor-element-45c49a8 e-flex e-con-boxed e-con e-parent\" data-id=\"45c49a8\" data-element_type=\"container\" id=\"history\" data-settings=\"{&quot;background_background&quot;:&quot;classic&quot;}\">\n\t\t\t\t\t<div class=\"e-con-inner\">\n\t\t<div class=\"elementor-element elementor-element-9da00e5 e-con-full e-flex e-con e-child\" data-id=\"9da00e5\" data-element_type=\"container\">\n\t\t\t\t<div class=\"elementor-element elementor-element-c3e18a3 elementor-widget elementor-widget-heading\" data-id=\"c3e18a3\" data-element_type=\"widget\" data-widget_type=\"heading.default\">\n\t\t\t\t<div class=\"elementor-widget-container\">\n\t\t\t\t\t<h3 class=\"elementor-heading-title elementor-size-default\">Historia del uso de plantas psicod\u00e9licas en Europa<\/h3>\t\t\t\t<\/div>\n\t\t\t\t<\/div>\n\t\t\t\t<div class=\"elementor-element elementor-element-417b723 elementor-widget-mobile__width-inherit elementor-widget elementor-widget-text-editor\" data-id=\"417b723\" data-element_type=\"widget\" data-widget_type=\"text-editor.default\">\n\t\t\t\t<div class=\"elementor-widget-container\">\n\t\t\t\t\t\t\t\t\t<p class=\"has-medium-font-size\">Varios estudios cl\u00e1sicos de etnobot\u00e1nica investigan el uso de hongos, cactus y plantas de Am\u00e9rica Central y del Sur, y han contribuido enormemente a la comprensi\u00f3n de los rituales cham\u00e1nicos y las t\u00e9cnicas utilizadas para hacer que el \u00abdios\u00bb o el \u00abalma\u00bb se manifiesten. Mientras que el uso de ente\u00f3genos en Norteam\u00e9rica, Centroam\u00e9rica y Sudam\u00e9rica est\u00e1 profundamente documentado y estudiado, se sabe menos sobre el continente europeo. <\/p><p class=\"has-medium-font-size\">Sabemos que los antiguos griegos utilizaban cannabis y setas psicod\u00e9licas, pero se sabe muy poco sobre los compuestos utilizados en los antiguos rituales griegos. Wasson et al. (1978), informando sobre los \u00abMisterios Eleusinos\u00bb, propusieron que no era un \u00fanico ingrediente, sino una mezcla de compuestos psicoactivos, la clave del brebaje intoxicante, de cuya composici\u00f3n no estamos seguros (probablemente era una mezcla de cannabis, resina de P. Somniferum, u \u00abopio\u00bb, y alg\u00fan tipo de inhibidor enzim\u00e1tico como la Harmalina extra\u00edda de Peganum Harmala). <\/p><p class=\"has-medium-font-size\">Se sabe que el fil\u00f3sofo griego Plat\u00f3n particip\u00f3 en los Misterios de Eleusis, mencion\u00e1ndolos en su famoso di\u00e1logo sobre la inmortalidad del alma, el <em>Fed\u00f3n<\/em>. Y lo mismo hicieron muchos otros pensadores y fil\u00f3sofos del mundo antiguo. <\/p><p class=\"has-medium-font-size\"><a href=\"https:\/\/psychedelicmagazine.net\/insight\/history-of-psychedelic-use\/\">Lee m\u00e1s sobre la historia del consumo de psicod\u00e9licos.<\/a><\/p>\t\t\t\t\t\t\t\t<\/div>\n\t\t\t\t<\/div>\n\t\t\t\t<\/div>\n\t\t<div class=\"elementor-element elementor-element-596d29b e-con-full e-flex e-con e-child\" data-id=\"596d29b\" data-element_type=\"container\">\n\t\t\t\t<div class=\"elementor-element elementor-element-86a2656 elementor-widget elementor-widget-image\" data-id=\"86a2656\" data-element_type=\"widget\" data-widget_type=\"image.default\">\n\t\t\t\t<div class=\"elementor-widget-container\">\n\t\t\t\t\t\t\t\t\t\t\t\t\t\t\t<img fetchpriority=\"high\" decoding=\"async\" width=\"2185\" height=\"2560\" src=\"https:\/\/2025.psychedelicare.eu\/wp-content\/uploads\/2024\/09\/druido-ammaccato-con-manici-scaled.jpg\" class=\"attachment-full size-full wp-image-16473\" alt=\"\" srcset=\"https:\/\/2025.psychedelicare.eu\/wp-content\/uploads\/2024\/09\/druido-ammaccato-con-manici-scaled.jpg 2185w, https:\/\/2025.psychedelicare.eu\/wp-content\/uploads\/2024\/09\/druido-ammaccato-con-manici-256x300.jpg 256w, https:\/\/2025.psychedelicare.eu\/wp-content\/uploads\/2024\/09\/druido-ammaccato-con-manici-874x1024.jpg 874w, https:\/\/2025.psychedelicare.eu\/wp-content\/uploads\/2024\/09\/druido-ammaccato-con-manici-768x900.jpg 768w, https:\/\/2025.psychedelicare.eu\/wp-content\/uploads\/2024\/09\/druido-ammaccato-con-manici-1311x1536.jpg 1311w, https:\/\/2025.psychedelicare.eu\/wp-content\/uploads\/2024\/09\/druido-ammaccato-con-manici-1748x2048.jpg 1748w\" sizes=\"(max-width: 2185px) 100vw, 2185px\" \/>\t\t\t\t\t\t\t\t\t\t\t\t\t\t\t<\/div>\n\t\t\t\t<\/div>\n\t\t\t\t<\/div>\n\t\t\t\t\t<\/div>\n\t\t\t\t<\/div>\n\t\t<div class=\"elementor-element elementor-element-a14aed0 e-flex e-con-boxed e-con e-parent\" data-id=\"a14aed0\" data-element_type=\"container\" id=\"organisations\" data-settings=\"{&quot;background_background&quot;:&quot;classic&quot;}\">\n\t\t\t\t\t<div class=\"e-con-inner\">\n\t\t\t\t<div class=\"elementor-element elementor-element-ca3021e elementor-widget elementor-widget-heading\" data-id=\"ca3021e\" data-element_type=\"widget\" data-widget_type=\"heading.default\">\n\t\t\t\t<div class=\"elementor-widget-container\">\n\t\t\t\t\t<h2 class=\"elementor-heading-title elementor-size-default\">Organizaciones, Comunidades, Iniciativas<\/h2>\t\t\t\t<\/div>\n\t\t\t\t<\/div>\n\t\t\t\t<div class=\"elementor-element elementor-element-befb48c elementor-widget elementor-widget-text-editor\" data-id=\"befb48c\" data-element_type=\"widget\" data-widget_type=\"text-editor.default\">\n\t\t\t\t<div class=\"elementor-widget-container\">\n\t\t\t\t\t\t\t\t\t<p class=\"has-medium-font-size\">He aqu\u00ed una lista no exhaustiva de organizaciones, empresas y comunidades de todo el mundo que crean conocimiento y educan al p\u00fablico sobre las sustancias psicod\u00e9licas. \u00a1Echa un vistazo tambi\u00e9n a nuestros <a href=\"https:\/\/2025.psychedelicare.eu\/partners\/\">socios<\/a>! <\/p><div class=\"wp-block-uagb-advanced-heading uagb-block-f8122fca\"><h3 class=\"uagb-heading-text\">Universidades e institutos que investigan la psicodelia<\/h3><\/div><p class=\"has-medium-font-size\"><a href=\"https:\/\/www.iceers.org\/research\/\" target=\"_blank\" rel=\"noreferrer noopener\">HELADOS<\/a><br><a href=\"https:\/\/www.heffter.org\/study-publications\/\" target=\"_blank\" rel=\"noreferrer noopener\">Instituto de Investigaci\u00f3n Heffter<\/a><br><a href=\"https:\/\/hopkinspsychedelic.org\/\" target=\"_blank\" rel=\"noreferrer noopener\">Centro Johns Hopkins de Investigaci\u00f3n Psicod\u00e9lica y de la Conciencia<\/a><br><a href=\"https:\/\/www.usonainstitute.org\/\" target=\"_blank\" rel=\"noreferrer noopener\">Instituto Usona<\/a><br><a href=\"https:\/\/www.imperial.ac.uk\/psychedelic-research-centre\/research\/publications\/\" target=\"_blank\" rel=\"noreferrer noopener\">Imperial College de Londres, Centro de Investigaci\u00f3n Psicod\u00e9lica<\/a><br><a href=\"https:\/\/medicine.yale.edu\/psychiatry\/education\/residency\/interest\/psychedelic_science_group\/\" target=\"_blank\" rel=\"noreferrer noopener\">Grupo de Ciencia Psicod\u00e9lica de Yale<\/a><br><a href=\"https:\/\/psychedelics.berkeley.edu\/\" target=\"_blank\" rel=\"noreferrer noopener\">Centro para la Ciencia de los Psicod\u00e9licos de la UC Berkeley<\/a><br><a href=\"https:\/\/med.nyu.edu\/departments-institutes\/psychiatry\/research\/center-psychedelic-medicine\" target=\"_blank\" rel=\"noreferrer noopener\">Centro de Medicina Psicod\u00e9lica Langone de la NYU<\/a><br><a href=\"https:\/\/www.columbiapsychiatry.org\/news\/topics\/mental-health\/psychedelics\" target=\"_blank\" rel=\"noreferrer noopener\">Departamento de Psiquiatr\u00eda de la Universidad de Columbia<\/a><\/p><div class=\"wp-block-uagb-advanced-heading uagb-block-ae6585af\"><h3 class=\"uagb-heading-text\">Organizaciones de defensa y educaci\u00f3n sobre sustancias<\/h3><\/div><p class=\"has-medium-font-size\"><a href=\"https:\/\/www.erowid.org\/splash.php\" target=\"_blank\" rel=\"noreferrer noopener\">Erowid<\/a><br><a href=\"https:\/\/open-foundation.org\/\" target=\"_blank\" rel=\"noreferrer noopener\">Open Foundation<\/a><br><a href=\"https:\/\/www.mind-foundation.org\/\" target=\"_blank\" rel=\"noreferrer noopener\">Mind Foundation<\/a><br><a href=\"https:\/\/www.psychedelicsociety.org.au\/\" target=\"_blank\" rel=\"noreferrer noopener\">Australian Psychedelic Society<\/a><br><a href=\"https:\/\/www.drugscience.org.uk\/\" target=\"_blank\" rel=\"noreferrer noopener\">Drug Science<\/a><br> Blossom<a href=\"https:\/\/blossomanalysis.com\/\" target=\"_blank\" rel=\"noreferrer noopener\">Database on Psychedelic Research<\/a><br><a href=\"https:\/\/parea.eu\/\" target=\"_blank\" rel=\"noreferrer noopener\">Psychedelic Access and Research European Alliance (PAREA)<\/a><\/p><div class=\"wp-block-uagb-advanced-heading uagb-block-edec5e3f\"><h3 class=\"uagb-heading-text\">Comunidades e Iniciativas Psiconautas<\/h3><\/div><p class=\"has-medium-font-size\"><a href=\"https:\/\/www.heroicheartsuk.com\/testimonials\" target=\"_blank\" rel=\"noreferrer noopener\">Corazones heroicos<\/a><br><a href=\"https:\/\/m.psychonautwiki.org\/wiki\/Main_Page\" target=\"_blank\" rel=\"noreferrer noopener\">Wiki del Psiconauta<\/a><br><a href=\"https:\/\/www.bluelight.org\/community\/forums\/\" target=\"_blank\" rel=\"noreferrer noopener\">Comunidad Bluelight<\/a><br><a href=\"https:\/\/www.shroomery.org\/\" target=\"_blank\" rel=\"noreferrer noopener\">Shroomery<\/a><br><a href=\"https:\/\/doubleblindmag.com\/\" target=\"_blank\" rel=\"noreferrer noopener\">Revista Double Blind<\/a><\/p>\t\t\t\t\t\t\t\t<\/div>\n\t\t\t\t<\/div>\n\t\t\t\t\t<\/div>\n\t\t\t\t<\/div>\n\t\t\t\t<\/div>\n\t\t","protected":false},"excerpt":{"rendered":"<p>LEGAL E HISTORIA Situaci\u00f3n legal y sustancias psicod\u00e9licas Tras la prohibici\u00f3n de las actividades no autorizadas o sin licencia con psicod\u00e9licos designados como \u00abdrogas controladas\u00bb en la d\u00e9cada de 1970-1980, la investigaci\u00f3n sobre los riesgos y beneficios percibidos al experimentar sustancias psicod\u00e9licas como el LSD, la psilocibina y el MDMA (com\u00fanmente conocido como \u00ab\u00e9xtasis\u00bb) ha [&hellip;]<\/p>\n","protected":false},"author":8,"featured_media":0,"parent":0,"menu_order":0,"comment_status":"closed","ping_status":"closed","template":"","meta":{"footnotes":""},"class_list":["post-10069","page","type-page","status-publish","hentry"],"_links":{"self":[{"href":"https:\/\/2025.psychedelicare.eu\/es\/wp-json\/wp\/v2\/pages\/10069","targetHints":{"allow":["GET"]}}],"collection":[{"href":"https:\/\/2025.psychedelicare.eu\/es\/wp-json\/wp\/v2\/pages"}],"about":[{"href":"https:\/\/2025.psychedelicare.eu\/es\/wp-json\/wp\/v2\/types\/page"}],"author":[{"embeddable":true,"href":"https:\/\/2025.psychedelicare.eu\/es\/wp-json\/wp\/v2\/users\/8"}],"replies":[{"embeddable":true,"href":"https:\/\/2025.psychedelicare.eu\/es\/wp-json\/wp\/v2\/comments?post=10069"}],"version-history":[{"count":1,"href":"https:\/\/2025.psychedelicare.eu\/es\/wp-json\/wp\/v2\/pages\/10069\/revisions"}],"predecessor-version":[{"id":10070,"href":"https:\/\/2025.psychedelicare.eu\/es\/wp-json\/wp\/v2\/pages\/10069\/revisions\/10070"}],"wp:attachment":[{"href":"https:\/\/2025.psychedelicare.eu\/es\/wp-json\/wp\/v2\/media?parent=10069"}],"curies":[{"name":"wp","href":"https:\/\/api.w.org\/{rel}","templated":true}]}}