{"id":10163,"date":"2024-12-13T10:09:21","date_gmt":"2024-12-13T11:09:21","guid":{"rendered":"https:\/\/www.psychedelicare.eu\/las-razones\/"},"modified":"2025-09-19T19:28:18","modified_gmt":"2025-09-19T20:28:18","slug":"las-razones","status":"publish","type":"page","link":"https:\/\/2025.psychedelicare.eu\/es\/las-razones\/","title":{"rendered":"Las razones"},"content":{"rendered":"\t\t<div data-elementor-type=\"wp-page\" data-elementor-id=\"10163\" class=\"elementor elementor-10163 elementor-5686\" data-elementor-post-type=\"page\">\n\t\t\t\t<div class=\"elementor-element elementor-element-3fede2b e-flex e-con-boxed e-con e-parent\" data-id=\"3fede2b\" data-element_type=\"container\">\n\t\t\t\t\t<div class=\"e-con-inner\">\n\t\t\t\t<div class=\"elementor-element elementor-element-56f7166 elementor-widget elementor-widget-heading\" data-id=\"56f7166\" data-element_type=\"widget\" data-widget_type=\"heading.default\">\n\t\t\t\t<div class=\"elementor-widget-container\">\n\t\t\t\t\t<h2 class=\"elementor-heading-title elementor-size-default\">RAZONES<\/h2>\t\t\t\t<\/div>\n\t\t\t\t<\/div>\n\t\t\t\t\t<\/div>\n\t\t\t\t<\/div>\n\t\t<div class=\"elementor-element elementor-element-da37ce2 e-flex e-con-boxed e-con e-parent\" data-id=\"da37ce2\" data-element_type=\"container\">\n\t\t\t\t\t<div class=\"e-con-inner\">\n\t\t<div class=\"elementor-element elementor-element-279accc e-con-full e-flex e-con e-child\" data-id=\"279accc\" data-element_type=\"container\">\n\t\t\t\t<div class=\"elementor-element elementor-element-0b5c568 elementor-widget elementor-widget-heading\" data-id=\"0b5c568\" data-element_type=\"widget\" data-widget_type=\"heading.default\">\n\t\t\t\t<div class=\"elementor-widget-container\">\n\t\t\t\t\t<h3 class=\"elementor-heading-title elementor-size-default\">Seamos realistas. Estamos sufriendo una crisis de salud mental a nivel mundial. <\/h3>\t\t\t\t<\/div>\n\t\t\t\t<\/div>\n\t\t\t\t<div class=\"elementor-element elementor-element-0a1f078 elementor-widget elementor-widget-text-editor\" data-id=\"0a1f078\" data-element_type=\"widget\" data-widget_type=\"text-editor.default\">\n\t\t\t\t<div class=\"elementor-widget-container\">\n\t\t\t\t\t\t\t\t\t<p class=\"has-medium-font-size\" style=\"padding: 0px; border: 0px; font-variant-numeric: inherit; font-variant-east-asian: inherit; font-variant-alternates: inherit; font-variant-position: inherit; font-variant-emoji: inherit; font-stretch: inherit; line-height: 30px; font-optical-sizing: inherit; font-size-adjust: inherit; font-kerning: inherit; font-feature-settings: inherit; font-variation-settings: inherit; vertical-align: baseline; color: #212529; font-size: 20px !important; margin: 0px auto !important 1rem auto !important;\">Hoy en d\u00eda, en la Uni\u00f3n Europea, <span style=\"margin: 0px; padding: 0px; border: 0px; font-style: inherit; font-variant: inherit; font-weight: bolder; font-stretch: inherit; font-size: inherit; line-height: inherit; font-family: inherit; font-optical-sizing: inherit; font-size-adjust: inherit; font-kerning: inherit; font-feature-settings: inherit; font-variation-settings: inherit; vertical-align: baseline;\">m\u00e1s de 1 de cada 6 personas padece enfermedades mentales<\/span>. M\u00e1s que nunca.<\/p><div class=\"wp-block-group is-layout-constrained wp-block-group-is-layout-constrained\" style=\"padding: 0px; border: 0px; font-variant-numeric: inherit; font-variant-east-asian: inherit; font-variant-alternates: inherit; font-variant-position: inherit; font-variant-emoji: inherit; font-stretch: inherit; font-size: 16px; line-height: inherit; font-optical-sizing: inherit; font-size-adjust: inherit; font-kerning: inherit; font-feature-settings: inherit; font-variation-settings: inherit; vertical-align: baseline; color: #212529; margin: 0px auto !important 0px auto !important;\"><p class=\"has-medium-font-size\" style=\"margin-top: 0px; margin-bottom: 1rem; padding: 0px; border: 0px; font-style: inherit; font-variant: inherit; font-weight: inherit; font-stretch: inherit; line-height: 30px; font-family: inherit; font-optical-sizing: inherit; font-size-adjust: inherit; font-kerning: inherit; font-feature-settings: inherit; font-variation-settings: inherit; vertical-align: baseline; font-size: 20px !important;\">La depresi\u00f3n, el burnout, el TEPT, el insomnio,&#8230;son s\u00f3lo algunos de los problemas psicol\u00f3gicos que afectan a millones de personas de cualquier edad.<\/p><p class=\"has-medium-font-size\" style=\"margin-top: 0px; margin-bottom: 1rem; padding: 0px; border: 0px; font-style: inherit; font-variant: inherit; font-weight: inherit; font-stretch: inherit; line-height: 30px; font-family: inherit; font-optical-sizing: inherit; font-size-adjust: inherit; font-kerning: inherit; font-feature-settings: inherit; font-variation-settings: inherit; vertical-align: baseline; font-size: 20px !important;\">Los problemas de salud mental no son solo fuente de sufrimiento para el individuo, su familia y comunidades, sino que tambi\u00e9n ejercen una enorme presi\u00f3n econ\u00f3mica y administrativa sobre los sistemas de salud, educativo, econ\u00f3mico, laboral y de bienestar social de todos los Estados miembros de la UE.<\/p><p class=\"has-medium-font-size\" style=\"margin-top: 0px; margin-bottom: 1rem; padding: 0px; border: 0px; font-style: inherit; font-variant: inherit; font-weight: inherit; font-stretch: inherit; line-height: 30px; font-family: inherit; font-optical-sizing: inherit; font-size-adjust: inherit; font-kerning: inherit; font-feature-settings: inherit; font-variation-settings: inherit; vertical-align: baseline; font-size: 20px !important;\">El coste anual de los problemas de salud mental son aproximadamente de 600.000 millones de euros, m\u00e1s el 4% del PIB anual. Todos y cada uno de nosotros estamos afectados, directa o indirectamente, por esta crisis de salud mental. <\/p><\/div>\t\t\t\t\t\t\t\t<\/div>\n\t\t\t\t<\/div>\n\t\t\t\t<\/div>\n\t\t<div class=\"elementor-element elementor-element-b71bd23 e-con-full e-flex e-con e-child\" data-id=\"b71bd23\" data-element_type=\"container\">\n\t\t<div class=\"elementor-element elementor-element-b8c61cb e-con-full e-flex e-con e-child\" data-id=\"b8c61cb\" data-element_type=\"container\" data-settings=\"{&quot;background_background&quot;:&quot;classic&quot;}\">\n\t\t\t\t<div class=\"elementor-element elementor-element-30070e7 elementor-widget elementor-widget-text-editor\" data-id=\"30070e7\" data-element_type=\"widget\" data-widget_type=\"text-editor.default\">\n\t\t\t\t<div class=\"elementor-widget-container\">\n\t\t\t\t\t\t\t\t\t<p><strong>Una emergencia invisible de salud mental se est\u00e1 extendiendo por la Uni\u00f3n Europea, como una pandemia silenciosa.<\/strong><\/p>\t\t\t\t\t\t\t\t<\/div>\n\t\t\t\t<\/div>\n\t\t\t\t<div class=\"elementor-element elementor-element-bdcf62a elementor-widget elementor-widget-text-editor\" data-id=\"bdcf62a\" data-element_type=\"widget\" data-widget_type=\"text-editor.default\">\n\t\t\t\t<div class=\"elementor-widget-container\">\n\t\t\t\t\t\t\t\t\t<p>Stella Kyriakides, Comisaria Europea de Salud y Seguridad Alimentaria, 2021<\/p>\t\t\t\t\t\t\t\t<\/div>\n\t\t\t\t<\/div>\n\t\t\t\t<\/div>\n\t\t\t\t<\/div>\n\t\t\t\t\t<\/div>\n\t\t\t\t<\/div>\n\t\t<div class=\"elementor-element elementor-element-5a115a5 e-flex e-con-boxed e-con e-parent\" data-id=\"5a115a5\" data-element_type=\"container\">\n\t\t\t\t\t<div class=\"e-con-inner\">\n\t\t<div class=\"elementor-element elementor-element-253072e e-con-full e-flex e-con e-child\" data-id=\"253072e\" data-element_type=\"container\">\n\t\t\t\t<div class=\"elementor-element elementor-element-12aa70d elementor-widget elementor-widget-heading\" data-id=\"12aa70d\" data-element_type=\"widget\" data-widget_type=\"heading.default\">\n\t\t\t\t<div class=\"elementor-widget-container\">\n\t\t\t\t\t<h3 class=\"elementor-heading-title elementor-size-default\">Los tratamientos farmacol\u00f3gicos est\u00e1n llegando al l\u00edmite de sus capacidades, y nos est\u00e1 mostrando los problemas asociados a estos tratamientos. <\/h3>\t\t\t\t<\/div>\n\t\t\t\t<\/div>\n\t\t\t\t<div class=\"elementor-element elementor-element-d3bc01c elementor-widget elementor-widget-text-editor\" data-id=\"d3bc01c\" data-element_type=\"widget\" data-widget_type=\"text-editor.default\">\n\t\t\t\t<div class=\"elementor-widget-container\">\n\t\t\t\t\t\t\t\t\t<p class=\"has-medium-font-size\">Desde la aparici\u00f3n de los ISRS (antidepresivos) en las \u00faltimas tres d\u00e9cadas, <strong>no ha habido innovaciones sustanciales en el campo de la psicofarmacolog\u00eda<\/strong>.<\/p><div class=\"wp-block-group is-layout-constrained wp-block-group-is-layout-constrained\"><p class=\"has-medium-font-size\">Adem\u00e1s, un porcentaje significativamente alto de pacientes no responde a los tratamientos psiqui\u00e1tricos actualmente disponibles. <\/p><p class=\"has-medium-font-size\">Muchas enfermedades mentales siguen siendo dif\u00edciles de tratar, y la gente suele enfrentarse a efectos secundarios desagradables, como aumento de peso, insomnio, dolores de cabeza y falta de libido.  <\/p><p class=\"has-medium-font-size\">Quiz\u00e1, lo m\u00e1s impactante sea que muchos de estos tratamientos farmacol\u00f3gicos son usados a largo plazo o incluso de por vida, a menudo con el objetivo de paliar los s\u00edntomas en lugar de ir a la ra\u00edz del problema emocional.<\/p><\/div>\t\t\t\t\t\t\t\t<\/div>\n\t\t\t\t<\/div>\n\t\t\t\t<\/div>\n\t\t<div class=\"elementor-element elementor-element-7f15857 e-con-full e-flex e-con e-child\" data-id=\"7f15857\" data-element_type=\"container\">\n\t\t<div class=\"elementor-element elementor-element-19d4516 e-con-full e-flex e-con e-child\" data-id=\"19d4516\" data-element_type=\"container\" data-settings=\"{&quot;background_background&quot;:&quot;gradient&quot;}\">\n\t\t\t\t<div class=\"elementor-element elementor-element-6590660 elementor-widget elementor-widget-text-editor\" data-id=\"6590660\" data-element_type=\"widget\" data-widget_type=\"text-editor.default\">\n\t\t\t\t<div class=\"elementor-widget-container\">\n\t\t\t\t\t\t\t\t\t<p><strong>Con demasiada frecuencia nos quedamos estancados en los mismos tratamientos psicol\u00f3gicos de hace d\u00e9cadas, ignorando los hallazgos de la investigaci\u00f3n cient\u00edfica actualizada. Es fundamental que la investigaci\u00f3n vaya a la par con la pr\u00e1ctica cl\u00ednica, que podamos acelerar la comprensi\u00f3n adquirida en neurociencia con el descubrimiento de mejores tratamientos.  <\/strong><\/p>\t\t\t\t\t\t\t\t<\/div>\n\t\t\t\t<\/div>\n\t\t\t\t<div class=\"elementor-element elementor-element-210652b elementor-widget elementor-widget-text-editor\" data-id=\"210652b\" data-element_type=\"widget\" data-widget_type=\"text-editor.default\">\n\t\t\t\t<div class=\"elementor-widget-container\">\n\t\t\t\t\t\t\t\t\t<p>Kan Duckworth, M\u00e9dico Jefe de la Alianza Nacional sobre Enfermedades Mentales del Reino Unido<\/p>\t\t\t\t\t\t\t\t<\/div>\n\t\t\t\t<\/div>\n\t\t\t\t<\/div>\n\t\t\t\t<\/div>\n\t\t\t\t\t<\/div>\n\t\t\t\t<\/div>\n\t\t<div class=\"elementor-element elementor-element-b145f7a e-flex e-con-boxed e-con e-parent\" data-id=\"b145f7a\" data-element_type=\"container\">\n\t\t\t\t\t<div class=\"e-con-inner\">\n\t\t<div class=\"elementor-element elementor-element-3ead2ad e-con-full e-flex e-con e-child\" data-id=\"3ead2ad\" data-element_type=\"container\">\n\t\t\t\t<div class=\"elementor-element elementor-element-5f2a19a elementor-widget elementor-widget-heading\" data-id=\"5f2a19a\" data-element_type=\"widget\" data-widget_type=\"heading.default\">\n\t\t\t\t<div class=\"elementor-widget-container\">\n\t\t\t\t\t<h3 class=\"elementor-heading-title elementor-size-default\">La ciencia muestra que tratamientos tradicionales pueden ser muy eficaces.<\/h3>\t\t\t\t<\/div>\n\t\t\t\t<\/div>\n\t\t\t\t<div class=\"elementor-element elementor-element-04243cc elementor-widget elementor-widget-text-editor\" data-id=\"04243cc\" data-element_type=\"widget\" data-widget_type=\"text-editor.default\">\n\t\t\t\t<div class=\"elementor-widget-container\">\n\t\t\t\t\t\t\t\t\t<p class=\"has-medium-font-size\">La investigaci\u00f3n cient\u00edfica en todo el mundo destaca <strong>el potencial terap\u00e9utico de las sustancias psicod\u00e9licas<\/strong>, utilizadas a menudo por muchas culturas durante siglos en el proceso de curaci\u00f3n tradicional.<\/p><p class=\"has-medium-font-size\">Resultados de investigaciones actuales revelan que con asistencia psicol\u00f3gica profesional adecuada y unos buenos criterios de selecci\u00f3n estandarizados, <strong>una o unas pocas dosis podr\u00edan producir beneficios muy importantes a largo plazo.<\/strong><\/p><div class=\"wp-block-group is-layout-constrained wp-block-group-is-layout-constrained\"><p class=\"has-medium-font-size\">Cada vez son m\u00e1s los hallazgos m\u00e9dicos que indican la eficacia de sustancias psicod\u00e9licas, entre ellas la psilocibina, la DMT, el LSD y la MDMA, cuando se administran de manera controlado en un entorno cl\u00ednico terap\u00e9utico.<\/p><p>Las terapias asistidas con psicod\u00e9licos (PAT) pueden proporcionar mejoras cl\u00ednicas seguras, de acci\u00f3n r\u00e1pida y s\u00f3lidas con efectos duraderos en, entre otros, el tratamiento para la depresi\u00f3n resistente al tratamiento, el trastorno de estr\u00e9s postraum\u00e1tico, el trastorno obsesivo-compulsivo, la ansiedad al final de la vida, los trastornos por consumo de sustancias y las adicciones.<\/p><p class=\"has-medium-font-size\">Australia ya ha reconocido y regulado el uso de psicod\u00e9licos naturales para la salud mental. Adem\u00e1s, estos tratamientos cuentan con un apoyo cada vez mayor por parte de autoridades y organismos p\u00fablicos en pa\u00edses como Canad\u00e1, Estados Unidos, Reino Unido y Suiza, entre otros.  <\/p><p class=\"has-medium-font-size\"><a href=\"https:\/\/citizens-initiative.europa.eu\/initiatives\/details\/2024\/000011_en\" target=\"_blank\" rel=\"noreferrer noopener\">M\u00e1s informaci\u00f3n sobre nuestra iniciativa<\/a><\/p><\/div>\t\t\t\t\t\t\t\t<\/div>\n\t\t\t\t<\/div>\n\t\t\t\t<\/div>\n\t\t<div class=\"elementor-element elementor-element-5953480 e-con-full e-flex e-con e-child\" data-id=\"5953480\" data-element_type=\"container\">\n\t\t<div class=\"elementor-element elementor-element-6e0b946 e-con-full e-flex e-con e-child\" data-id=\"6e0b946\" data-element_type=\"container\" data-settings=\"{&quot;background_background&quot;:&quot;classic&quot;}\">\n\t\t\t\t<div class=\"elementor-element elementor-element-59e00ed elementor-widget elementor-widget-text-editor\" data-id=\"59e00ed\" data-element_type=\"widget\" data-widget_type=\"text-editor.default\">\n\t\t\t\t<div class=\"elementor-widget-container\">\n\t\t\t\t\t\t\t\t\t<p><strong>Millones de europeos necesitan mejores tratamientos. Tenemos que asegurarnos de que se tienen en cuenta los nuevos tratamientos psicod\u00e9licos, ya que la ciencia que los sustenta pone de relieve su inmenso potencial. <\/strong><\/p>\t\t\t\t\t\t\t\t<\/div>\n\t\t\t\t<\/div>\n\t\t\t\t<div class=\"elementor-element elementor-element-f627518 elementor-widget elementor-widget-text-editor\" data-id=\"f627518\" data-element_type=\"widget\" data-widget_type=\"text-editor.default\">\n\t\t\t\t<div class=\"elementor-widget-container\">\n\t\t\t\t\t\t\t\t\t<p>Mikulas Peksa, Miembro del Parlamento Europeo<\/p>\t\t\t\t\t\t\t\t<\/div>\n\t\t\t\t<\/div>\n\t\t\t\t<\/div>\n\t\t\t\t<\/div>\n\t\t\t\t\t<\/div>\n\t\t\t\t<\/div>\n\t\t\t\t<\/div>\n\t\t","protected":false},"excerpt":{"rendered":"<p>RAZONES Seamos realistas. Estamos sufriendo una crisis de salud mental a nivel mundial. Hoy en d\u00eda, en la Uni\u00f3n Europea, m\u00e1s de 1 de cada 6 personas padece enfermedades mentales. M\u00e1s que nunca. La depresi\u00f3n, el burnout, el TEPT, el insomnio,&#8230;son s\u00f3lo algunos de los problemas psicol\u00f3gicos que afectan a millones de personas de cualquier [&hellip;]<\/p>\n","protected":false},"author":8,"featured_media":0,"parent":0,"menu_order":0,"comment_status":"closed","ping_status":"closed","template":"","meta":{"footnotes":""},"class_list":["post-10163","page","type-page","status-publish","hentry"],"_links":{"self":[{"href":"https:\/\/2025.psychedelicare.eu\/es\/wp-json\/wp\/v2\/pages\/10163","targetHints":{"allow":["GET"]}}],"collection":[{"href":"https:\/\/2025.psychedelicare.eu\/es\/wp-json\/wp\/v2\/pages"}],"about":[{"href":"https:\/\/2025.psychedelicare.eu\/es\/wp-json\/wp\/v2\/types\/page"}],"author":[{"embeddable":true,"href":"https:\/\/2025.psychedelicare.eu\/es\/wp-json\/wp\/v2\/users\/8"}],"replies":[{"embeddable":true,"href":"https:\/\/2025.psychedelicare.eu\/es\/wp-json\/wp\/v2\/comments?post=10163"}],"version-history":[{"count":1,"href":"https:\/\/2025.psychedelicare.eu\/es\/wp-json\/wp\/v2\/pages\/10163\/revisions"}],"predecessor-version":[{"id":10164,"href":"https:\/\/2025.psychedelicare.eu\/es\/wp-json\/wp\/v2\/pages\/10163\/revisions\/10164"}],"wp:attachment":[{"href":"https:\/\/2025.psychedelicare.eu\/es\/wp-json\/wp\/v2\/media?parent=10163"}],"curies":[{"name":"wp","href":"https:\/\/api.w.org\/{rel}","templated":true}]}}