{"id":10059,"date":"2025-05-15T17:14:40","date_gmt":"2025-05-15T18:14:40","guid":{"rendered":"https:\/\/www.psychedelicare.eu\/les-medias\/"},"modified":"2025-10-15T17:40:10","modified_gmt":"2025-10-15T18:40:10","slug":"les-medias","status":"publish","type":"page","link":"https:\/\/2025.psychedelicare.eu\/fr\/les-medias\/","title":{"rendered":"M\u00e9dias"},"content":{"rendered":"\t\t<div data-elementor-type=\"wp-page\" data-elementor-id=\"10059\" class=\"elementor elementor-10059 elementor-7070\" data-elementor-post-type=\"page\">\n\t\t\t\t<div class=\"elementor-element elementor-element-e59cf30 e-flex e-con-boxed e-con e-parent\" data-id=\"e59cf30\" data-element_type=\"container\">\n\t\t\t\t\t<div class=\"e-con-inner\">\n\t\t\t\t<div class=\"elementor-element elementor-element-43f59f6 elementor-widget elementor-widget-heading\" data-id=\"43f59f6\" data-element_type=\"widget\" data-widget_type=\"heading.default\">\n\t\t\t\t<div class=\"elementor-widget-container\">\n\t\t\t\t\t<h2 class=\"elementor-heading-title elementor-size-default\">M\u00c9DIAS<\/h2>\t\t\t\t<\/div>\n\t\t\t\t<\/div>\n\t\t\t\t\t<\/div>\n\t\t\t\t<\/div>\n\t\t<div class=\"elementor-element elementor-element-ed5fe67 e-flex e-con-boxed e-con e-parent\" data-id=\"ed5fe67\" data-element_type=\"container\">\n\t\t\t\t\t<div class=\"e-con-inner\">\n\t\t\t\t<div class=\"elementor-element elementor-element-2173d14 elementor-widget elementor-widget-text-editor\" data-id=\"2173d14\" data-element_type=\"widget\" data-widget_type=\"text-editor.default\">\n\t\t\t\t<div class=\"elementor-widget-container\">\n\t\t\t\t\t\t\t\t\t<div class=\"wp-block-uagb-container uagb-block-6a1ba7b0\"><div class=\"wp-block-uagb-advanced-heading uagb-block-e71bc163\"><h3 class=\"uagb-heading-text\">Contacts<\/h3><\/div><p class=\"has-medium-font-size\"><strong>DEMANDES DE RENSEIGNEMENTS EUROP\u00c9ENS ET SCIENTIFIQUES<\/strong><br>\n  <a href=\"mailto:press@psychedelicare.eu\">press@psychedelicare.eu<\/a>\n<\/p><p class=\"has-medium-font-size\"><strong>DEMANDES DE RENSEIGNEMENTS NATIONAUX<\/strong><br>Veuillez contacter l&rsquo;<a href=\"https:\/\/2025.psychedelicare.eu\/fr\/about-us\/#national-teams\">\u00e9quipe nationale<\/a> concern\u00e9e.<\/p><\/div><div class=\"wp-block-uagb-container uagb-block-253d4f51\"><div class=\"wp-block-uagb-advanced-heading uagb-block-c0406deb\"><h3 class=\"uagb-heading-text\">Dossier de presse<\/h3><\/div><p class=\"has-medium-font-size\">T\u00e9l\u00e9charger le dossier de presse <strong>\n  <a href=\"https:\/\/2025.psychedelicare.eu\/wp-content\/uploads\/2025\/01\/Press-kit.zip\">notre dossier de presse<\/a>\n<\/strong>contenant<\/p><p class=\"has-medium-font-size\">- Un r\u00e9sum\u00e9 d&rsquo;une page de notre initiative ;<\/p><p class=\"has-medium-font-size\">- Notre logo et notre identit\u00e9 visuelle ;<\/p><p class=\"has-medium-font-size\">- Images et illustrations.<\/p><\/div><div class=\"wp-block-uagb-container uagb-block-cd35ce69\"><div class=\"wp-block-uagb-advanced-heading uagb-block-ec224799\"><h3 class=\"uagb-heading-text\">Plus d&rsquo;informations et d&rsquo;actualit\u00e9s<\/h3><\/div><p class=\"has-medium-font-size\">Pour en savoir plus <a href=\"https:\/\/citizens-initiative.europa.eu\/initiatives\/details\/2024\/000011_en\" target=\"_blank\" rel=\"noreferrer noopener\">sur l&rsquo;initiative, son objectif et nos demandes \u00e0 la Commission europ\u00e9enne<\/a>.<\/p><p class=\"has-medium-font-size\">D\u00e9couvrez nos <a href=\"https:\/\/2025.psychedelicare.eu\/fr\/news\/\">derni\u00e8res actualit\u00e9s<\/a>.<\/p><\/div><div class=\"wp-block-spacer\" style=\"height: 100px;\" aria-hidden=\"true\"> <\/div><p>  re<\/p>\t\t\t\t\t\t\t\t<\/div>\n\t\t\t\t<\/div>\n\t\t\t\t\t<\/div>\n\t\t\t\t<\/div>\n\t\t\t\t<\/div>\n\t\t","protected":false},"excerpt":{"rendered":"<p>M\u00c9DIAS Contacts DEMANDES DE RENSEIGNEMENTS EUROP\u00c9ENS ET SCIENTIFIQUES press@psychedelicare.eu DEMANDES DE RENSEIGNEMENTS NATIONAUXVeuillez contacter l&rsquo;\u00e9quipe nationale concern\u00e9e. Dossier de presse T\u00e9l\u00e9charger le dossier de presse notre dossier de presse contenant - Un r\u00e9sum\u00e9 d&rsquo;une page de notre initiative ; - Notre logo et notre identit\u00e9 visuelle ; - Images et illustrations. Plus d&rsquo;informations et d&rsquo;actualit\u00e9s [&hellip;]<\/p>\n","protected":false},"author":1,"featured_media":0,"parent":0,"menu_order":0,"comment_status":"closed","ping_status":"closed","template":"","meta":{"footnotes":""},"class_list":["post-10059","page","type-page","status-publish","hentry"],"_links":{"self":[{"href":"https:\/\/2025.psychedelicare.eu\/fr\/wp-json\/wp\/v2\/pages\/10059","targetHints":{"allow":["GET"]}}],"collection":[{"href":"https:\/\/2025.psychedelicare.eu\/fr\/wp-json\/wp\/v2\/pages"}],"about":[{"href":"https:\/\/2025.psychedelicare.eu\/fr\/wp-json\/wp\/v2\/types\/page"}],"author":[{"embeddable":true,"href":"https:\/\/2025.psychedelicare.eu\/fr\/wp-json\/wp\/v2\/users\/1"}],"replies":[{"embeddable":true,"href":"https:\/\/2025.psychedelicare.eu\/fr\/wp-json\/wp\/v2\/comments?post=10059"}],"version-history":[{"count":9,"href":"https:\/\/2025.psychedelicare.eu\/fr\/wp-json\/wp\/v2\/pages\/10059\/revisions"}],"predecessor-version":[{"id":16116,"href":"https:\/\/2025.psychedelicare.eu\/fr\/wp-json\/wp\/v2\/pages\/10059\/revisions\/16116"}],"wp:attachment":[{"href":"https:\/\/2025.psychedelicare.eu\/fr\/wp-json\/wp\/v2\/media?parent=10059"}],"curies":[{"name":"wp","href":"https:\/\/api.w.org\/{rel}","templated":true}]}}