{"id":11182,"date":"2024-12-13T10:09:21","date_gmt":"2024-12-13T11:09:21","guid":{"rendered":"https:\/\/www.psychedelicare.eu\/razlozi\/"},"modified":"2025-09-24T08:12:27","modified_gmt":"2025-09-24T09:12:27","slug":"razlozi","status":"publish","type":"page","link":"https:\/\/2025.psychedelicare.eu\/hr\/razlozi\/","title":{"rendered":"Razlozi"},"content":{"rendered":"\t\t<div data-elementor-type=\"wp-page\" data-elementor-id=\"11182\" class=\"elementor elementor-11182 elementor-5686\" data-elementor-post-type=\"page\">\n\t\t\t\t<div class=\"elementor-element elementor-element-3fede2b e-flex e-con-boxed e-con e-parent\" data-id=\"3fede2b\" data-element_type=\"container\">\n\t\t\t\t\t<div class=\"e-con-inner\">\n\t\t\t\t<div class=\"elementor-element elementor-element-56f7166 elementor-widget elementor-widget-heading\" data-id=\"56f7166\" data-element_type=\"widget\" data-widget_type=\"heading.default\">\n\t\t\t\t<div class=\"elementor-widget-container\">\n\t\t\t\t\t<h2 class=\"elementor-heading-title elementor-size-default\">RAZLOZI<\/h2>\t\t\t\t<\/div>\n\t\t\t\t<\/div>\n\t\t\t\t\t<\/div>\n\t\t\t\t<\/div>\n\t\t<div class=\"elementor-element elementor-element-da37ce2 e-flex e-con-boxed e-con e-parent\" data-id=\"da37ce2\" data-element_type=\"container\">\n\t\t\t\t\t<div class=\"e-con-inner\">\n\t\t<div class=\"elementor-element elementor-element-279accc e-con-full e-flex e-con e-child\" data-id=\"279accc\" data-element_type=\"container\">\n\t\t\t\t<div class=\"elementor-element elementor-element-0b5c568 elementor-widget elementor-widget-heading\" data-id=\"0b5c568\" data-element_type=\"widget\" data-widget_type=\"heading.default\">\n\t\t\t\t<div class=\"elementor-widget-container\">\n\t\t\t\t\t<h3 class=\"elementor-heading-title elementor-size-default\">U tijeku je kriza mentalnog zdravlja. Suo\u010dimo se s njom. <\/h3>\t\t\t\t<\/div>\n\t\t\t\t<\/div>\n\t\t\t\t<div class=\"elementor-element elementor-element-0a1f078 elementor-widget elementor-widget-text-editor\" data-id=\"0a1f078\" data-element_type=\"widget\" data-widget_type=\"text-editor.default\">\n\t\t\t\t<div class=\"elementor-widget-container\">\n\t\t\t\t\t\t\t\t\t<p class=\"has-medium-font-size\" style=\"padding: 0px; border: 0px; font-variant-numeric: inherit; font-variant-east-asian: inherit; font-variant-alternates: inherit; font-variant-position: inherit; font-variant-emoji: inherit; font-stretch: inherit; line-height: 30px; font-optical-sizing: inherit; font-size-adjust: inherit; font-kerning: inherit; font-feature-settings: inherit; font-variation-settings: inherit; vertical-align: baseline; color: #212529; font-size: 20px !important; margin: 0px auto !important 1rem auto !important;\">Danas u Europskoj uniji <span style=\"margin: 0px; padding: 0px; border: 0px; font-style: inherit; font-variant: inherit; font-weight: bolder; font-stretch: inherit; font-size: inherit; line-height: inherit; font-family: inherit; font-optical-sizing: inherit; font-size-adjust: inherit; font-kerning: inherit; font-feature-settings: inherit; font-variation-settings: inherit; vertical-align: baseline;\">vi\u0161e od 1 od 6 osoba pati od mentalnih zdravstvenih problema<\/span> . Vi\u0161e nego ikad prije.<\/p><div class=\"wp-block-group is-layout-constrained wp-block-group-is-layout-constrained\" style=\"padding: 0px; border: 0px; font-variant-numeric: inherit; font-variant-east-asian: inherit; font-variant-alternates: inherit; font-variant-position: inherit; font-variant-emoji: inherit; font-stretch: inherit; font-size: 16px; line-height: inherit; font-optical-sizing: inherit; font-size-adjust: inherit; font-kerning: inherit; font-feature-settings: inherit; font-variation-settings: inherit; vertical-align: baseline; color: #212529; margin: 0px auto !important 0px auto !important;\"><p class=\"has-medium-font-size\" style=\"margin-top: 0px; margin-bottom: 1rem; padding: 0px; border: 0px; font-style: inherit; font-variant: inherit; font-weight: inherit; font-stretch: inherit; line-height: 30px; font-family: inherit; font-optical-sizing: inherit; font-size-adjust: inherit; font-kerning: inherit; font-feature-settings: inherit; font-variation-settings: inherit; vertical-align: baseline; font-size: 20px !important;\">Depresija, sindromi izgaranja, PTSP, nesanica samo su neki od problema koji poga\u0111aju milijune ljudi svih dobnih skupina.<\/p><p class=\"has-medium-font-size\" style=\"margin-top: 0px; margin-bottom: 1rem; padding: 0px; border: 0px; font-style: inherit; font-variant: inherit; font-weight: inherit; font-stretch: inherit; line-height: 30px; font-family: inherit; font-optical-sizing: inherit; font-size-adjust: inherit; font-kerning: inherit; font-feature-settings: inherit; font-variation-settings: inherit; vertical-align: baseline; font-size: 20px !important;\">Problemi mentalnog zdravlja uzrokuju patnju pojedincu, obiteljima i zajednicama te vr\u0161e ogroman pritisak na zdravstveni, obrazovni, gospodarski, radni\u010dki i sustav socijalne skrbi u dr\u017eavama \u010dlanicama EU.<\/p><p class=\"has-medium-font-size\" style=\"margin-top: 0px; margin-bottom: 1rem; padding: 0px; border: 0px; font-style: inherit; font-variant: inherit; font-weight: inherit; font-stretch: inherit; line-height: 30px; font-family: inherit; font-optical-sizing: inherit; font-size-adjust: inherit; font-kerning: inherit; font-feature-settings: inherit; font-variation-settings: inherit; vertical-align: baseline; font-size: 20px !important;\">Procijenjeni tro\u0161ak iznosi 600 milijardi eura, vi\u0161e od 4% BDP-a godi\u0161nje. To se ti\u010de svakoga od nas, izravno ili neizravno. <\/p><\/div>\t\t\t\t\t\t\t\t<\/div>\n\t\t\t\t<\/div>\n\t\t\t\t<\/div>\n\t\t<div class=\"elementor-element elementor-element-b71bd23 e-con-full e-flex e-con e-child\" data-id=\"b71bd23\" data-element_type=\"container\">\n\t\t<div class=\"elementor-element elementor-element-b8c61cb e-con-full e-flex e-con e-child\" data-id=\"b8c61cb\" data-element_type=\"container\" data-settings=\"{&quot;background_background&quot;:&quot;classic&quot;}\">\n\t\t\t\t<div class=\"elementor-element elementor-element-30070e7 elementor-widget elementor-widget-text-editor\" data-id=\"30070e7\" data-element_type=\"widget\" data-widget_type=\"text-editor.default\">\n\t\t\t\t<div class=\"elementor-widget-container\">\n\t\t\t\t\t\t\t\t\t<p><strong>Nevidljiva kriza mentalnog zdravlja \u0161iri se Europskom unijom, poput tihe pandemije.<\/strong><\/p>\t\t\t\t\t\t\t\t<\/div>\n\t\t\t\t<\/div>\n\t\t\t\t<div class=\"elementor-element elementor-element-bdcf62a elementor-widget elementor-widget-text-editor\" data-id=\"bdcf62a\" data-element_type=\"widget\" data-widget_type=\"text-editor.default\">\n\t\t\t\t<div class=\"elementor-widget-container\">\n\t\t\t\t\t\t\t\t\t<p>Stella Kyriakides, europska povjerenica za zdravlje i sigurnost hrane, 2021.<\/p>\t\t\t\t\t\t\t\t<\/div>\n\t\t\t\t<\/div>\n\t\t\t\t<\/div>\n\t\t\t\t<\/div>\n\t\t\t\t\t<\/div>\n\t\t\t\t<\/div>\n\t\t<div class=\"elementor-element elementor-element-5a115a5 e-flex e-con-boxed e-con e-parent\" data-id=\"5a115a5\" data-element_type=\"container\">\n\t\t\t\t\t<div class=\"e-con-inner\">\n\t\t<div class=\"elementor-element elementor-element-253072e e-con-full e-flex e-con e-child\" data-id=\"253072e\" data-element_type=\"container\">\n\t\t\t\t<div class=\"elementor-element elementor-element-12aa70d elementor-widget elementor-widget-heading\" data-id=\"12aa70d\" data-element_type=\"widget\" data-widget_type=\"heading.default\">\n\t\t\t\t<div class=\"elementor-widget-container\">\n\t\t\t\t\t<h3 class=\"elementor-heading-title elementor-size-default\">Farmakologija pokazuje svoja ograni\u010denja. I svoje probleme. <\/h3>\t\t\t\t<\/div>\n\t\t\t\t<\/div>\n\t\t\t\t<div class=\"elementor-element elementor-element-d3bc01c elementor-widget elementor-widget-text-editor\" data-id=\"d3bc01c\" data-element_type=\"widget\" data-widget_type=\"text-editor.default\">\n\t\t\t\t<div class=\"elementor-widget-container\">\n\t\t\t\t\t\t\t\t\t<p class=\"has-medium-font-size\">Od pojave SSRI-a (antidepresiva), u posljednja tri desetlje\u0107a, <strong>nije bilo zna\u010dajnijih inovacija u podru\u010dju psihofarmakologije<\/strong> .<\/p><div class=\"wp-block-group is-layout-constrained wp-block-group-is-layout-constrained\"><p class=\"has-medium-font-size\">Zna\u010dajan udio pacijenata ne reagira na trenutno dostupne psihijatrijske tretmane.  <\/p><p class=\"has-medium-font-size\">Mnoga mentalna stanja jo\u0161 je uvijek te\u0161ko lije\u010diti, a ljudi se \u010desto suo\u010davaju s neugodnim nuspojavama poput debljanja, nesanice, glavobolja i nedostatka libida. <\/p><p class=\"has-medium-font-size\">Mo\u017eda najva\u017enije, neki od ovih tretmana zahtijevaju dugotrajnu ili do\u017eivotnu upotrebu, lije\u010de\u0107i simptome, a ne uzroke stanja.<\/p><\/div>\t\t\t\t\t\t\t\t<\/div>\n\t\t\t\t<\/div>\n\t\t\t\t<\/div>\n\t\t<div class=\"elementor-element elementor-element-7f15857 e-con-full e-flex e-con e-child\" data-id=\"7f15857\" data-element_type=\"container\">\n\t\t<div class=\"elementor-element elementor-element-19d4516 e-con-full e-flex e-con e-child\" data-id=\"19d4516\" data-element_type=\"container\" data-settings=\"{&quot;background_background&quot;:&quot;gradient&quot;}\">\n\t\t\t\t<div class=\"elementor-element elementor-element-6590660 elementor-widget elementor-widget-text-editor\" data-id=\"6590660\" data-element_type=\"widget\" data-widget_type=\"text-editor.default\">\n\t\t\t\t<div class=\"elementor-widget-container\">\n\t\t\t\t\t\t\t\t\t<p><strong>Pre\u010desto smo ostavljeni s istim starim tretmanima. Tretmani koje je moj otac mogao primiti prije nekoliko desetlje\u0107a jo\u0161 uvijek su neki od najnovijih tretmana. Moramo otkriti vi\u0161e o mozgu i znanosti kako bismo ubrzali otkri\u0107a boljih tretmana.  <\/strong><\/p>\t\t\t\t\t\t\t\t<\/div>\n\t\t\t\t<\/div>\n\t\t\t\t<div class=\"elementor-element elementor-element-210652b elementor-widget elementor-widget-text-editor\" data-id=\"210652b\" data-element_type=\"widget\" data-widget_type=\"text-editor.default\">\n\t\t\t\t<div class=\"elementor-widget-container\">\n\t\t\t\t\t\t\t\t\t<p>Kan Duckworth, glavni medicinski slu\u017ebenik, Nacionalni savez za mentalne bolesti Ujedinjenog Kraljevstva<\/p>\t\t\t\t\t\t\t\t<\/div>\n\t\t\t\t<\/div>\n\t\t\t\t<\/div>\n\t\t\t\t<\/div>\n\t\t\t\t\t<\/div>\n\t\t\t\t<\/div>\n\t\t<div class=\"elementor-element elementor-element-b145f7a e-flex e-con-boxed e-con e-parent\" data-id=\"b145f7a\" data-element_type=\"container\">\n\t\t\t\t\t<div class=\"e-con-inner\">\n\t\t<div class=\"elementor-element elementor-element-3ead2ad e-con-full e-flex e-con e-child\" data-id=\"3ead2ad\" data-element_type=\"container\">\n\t\t\t\t<div class=\"elementor-element elementor-element-5f2a19a elementor-widget elementor-widget-heading\" data-id=\"5f2a19a\" data-element_type=\"widget\" data-widget_type=\"heading.default\">\n\t\t\t\t<div class=\"elementor-widget-container\">\n\t\t\t\t\t<h3 class=\"elementor-heading-title elementor-size-default\">Znanost pokazuje nova stara rje\u0161enja koja mogu biti vrlo u\u010dinkovita.<\/h3>\t\t\t\t<\/div>\n\t\t\t\t<\/div>\n\t\t\t\t<div class=\"elementor-element elementor-element-04243cc elementor-widget elementor-widget-text-editor\" data-id=\"04243cc\" data-element_type=\"widget\" data-widget_type=\"text-editor.default\">\n\t\t\t\t<div class=\"elementor-widget-container\">\n\t\t\t\t\t\t\t\t\t<p class=\"has-medium-font-size\">Znanstvena istra\u017eivanja diljem svijeta isti\u010du <strong>terapijski potencijal psihodeli\u010dnih tvari<\/strong> , koje mnoge kulture stolje\u0107ima koriste u tradicionalnom procesu lije\u010denja.<\/p><p class=\"has-medium-font-size\">Uz stru\u010dnu pomo\u0107 i odgovaraju\u0107i &#8220;set I setting&#8221;, <strong>samo jedna ili nekoliko doza mogu iznijedriti veoma va\u017ene benefite za pacijente<\/strong> , koji \u010desto traju dulje vrijeme.<\/p><div class=\"wp-block-group is-layout-constrained wp-block-group-is-layout-constrained\"><p class=\"has-medium-font-size\">Sve ve\u0107i broj medicinskih otkri\u0107a ukazuje na u\u010dinkovitost psihodeli\u010dnih supstanci poput psilocibina, DMT-a, LSD-a i MDMA-a kao lijekova, kada se primjenjuju u kontroliranim klini\u010dkim uvjetima.<\/p><p>Terapije potpomognute psihodelicima (PAT) mogu pru\u017eiti sigurna, brzo djeluju\u0107a i sna\u017ena klini\u010dka pobolj\u0161anja s trajnim u\u010dincima, izme\u0111u ostalog, u lije\u010denju depresije, posttraumatskog stresnog poreme\u0107aja, opsesivno-kompulzivnog poreme\u0107aja, anksioznosti zbog kraja \u017eivota, poreme\u0107aja uzrokovanih uporabom droga i ovisnosti.<\/p><p class=\"has-medium-font-size\">Australija je ve\u0107 priznala i formalizirala upotrebu prirodnih psihodelika za mentalno zdravlje. Osim toga, psihodelici dobivaju sve ve\u0107u podr\u0161ku javnih vlasti i agencija u Kanadi, Sjedinjenim Ameri\u010dkim Dr\u017eavama, Ujedinjenom Kraljevstvu i \u0160vicarskoj, me\u0111u ostalima.  <\/p><p class=\"has-medium-font-size\"><a href=\"https:\/\/citizens-initiative.europa.eu\/initiatives\/details\/2024\/000011_en\" target=\"_blank\" rel=\"noreferrer noopener\">Saznajte vi\u0161e o na\u0161oj inicijativi<\/a><\/p><\/div>\t\t\t\t\t\t\t\t<\/div>\n\t\t\t\t<\/div>\n\t\t\t\t<\/div>\n\t\t<div class=\"elementor-element elementor-element-5953480 e-con-full e-flex e-con e-child\" data-id=\"5953480\" data-element_type=\"container\">\n\t\t<div class=\"elementor-element elementor-element-6e0b946 e-con-full e-flex e-con e-child\" data-id=\"6e0b946\" data-element_type=\"container\" data-settings=\"{&quot;background_background&quot;:&quot;classic&quot;}\">\n\t\t\t\t<div class=\"elementor-element elementor-element-59e00ed elementor-widget elementor-widget-text-editor\" data-id=\"59e00ed\" data-element_type=\"widget\" data-widget_type=\"text-editor.default\">\n\t\t\t\t<div class=\"elementor-widget-container\">\n\t\t\t\t\t\t\t\t\t<p><strong>Milijunima Europljana potrebni su bolji tretmani. Moramo osigurati da se razmotre novi psihodeli\u010dni tretmani, jer znanost koja stoji iza njih isti\u010de njihov ogroman potencijal. <\/strong><\/p>\t\t\t\t\t\t\t\t<\/div>\n\t\t\t\t<\/div>\n\t\t\t\t<div class=\"elementor-element elementor-element-f627518 elementor-widget elementor-widget-text-editor\" data-id=\"f627518\" data-element_type=\"widget\" data-widget_type=\"text-editor.default\">\n\t\t\t\t<div class=\"elementor-widget-container\">\n\t\t\t\t\t\t\t\t\t<p>Mikul\u00e1\u0161 Peksa, zastupnik u Europskom parlamentu<\/p>\t\t\t\t\t\t\t\t<\/div>\n\t\t\t\t<\/div>\n\t\t\t\t<\/div>\n\t\t\t\t<\/div>\n\t\t\t\t\t<\/div>\n\t\t\t\t<\/div>\n\t\t\t\t<\/div>\n\t\t","protected":false},"excerpt":{"rendered":"<p>RAZLOZI U tijeku je kriza mentalnog zdravlja. Suo\u010dimo se s njom. Danas u Europskoj uniji vi\u0161e od 1 od 6 osoba pati od mentalnih zdravstvenih problema . Vi\u0161e nego ikad prije. Depresija, sindromi izgaranja, PTSP, nesanica samo su neki od problema koji poga\u0111aju milijune ljudi svih dobnih skupina. Problemi mentalnog zdravlja uzrokuju patnju pojedincu, obiteljima [&hellip;]<\/p>\n","protected":false},"author":8,"featured_media":0,"parent":0,"menu_order":0,"comment_status":"closed","ping_status":"closed","template":"","meta":{"footnotes":""},"class_list":["post-11182","page","type-page","status-publish","hentry"],"_links":{"self":[{"href":"https:\/\/2025.psychedelicare.eu\/hr\/wp-json\/wp\/v2\/pages\/11182","targetHints":{"allow":["GET"]}}],"collection":[{"href":"https:\/\/2025.psychedelicare.eu\/hr\/wp-json\/wp\/v2\/pages"}],"about":[{"href":"https:\/\/2025.psychedelicare.eu\/hr\/wp-json\/wp\/v2\/types\/page"}],"author":[{"embeddable":true,"href":"https:\/\/2025.psychedelicare.eu\/hr\/wp-json\/wp\/v2\/users\/8"}],"replies":[{"embeddable":true,"href":"https:\/\/2025.psychedelicare.eu\/hr\/wp-json\/wp\/v2\/comments?post=11182"}],"version-history":[{"count":1,"href":"https:\/\/2025.psychedelicare.eu\/hr\/wp-json\/wp\/v2\/pages\/11182\/revisions"}],"predecessor-version":[{"id":11183,"href":"https:\/\/2025.psychedelicare.eu\/hr\/wp-json\/wp\/v2\/pages\/11182\/revisions\/11183"}],"wp:attachment":[{"href":"https:\/\/2025.psychedelicare.eu\/hr\/wp-json\/wp\/v2\/media?parent=11182"}],"curies":[{"name":"wp","href":"https:\/\/api.w.org\/{rel}","templated":true}]}}