{"id":11384,"date":"2025-08-27T08:33:27","date_gmt":"2025-08-27T09:33:27","guid":{"rendered":"https:\/\/www.psychedelicare.eu\/pravo-i-povijest\/"},"modified":"2025-09-24T08:19:42","modified_gmt":"2025-09-24T09:19:42","slug":"pravo-i-povijest","status":"publish","type":"page","link":"https:\/\/2025.psychedelicare.eu\/hr\/pravo-i-povijest\/","title":{"rendered":"Pravo i povijest"},"content":{"rendered":"\t\t<div data-elementor-type=\"wp-page\" data-elementor-id=\"11384\" class=\"elementor elementor-11384 elementor-9253\" data-elementor-post-type=\"page\">\n\t\t\t\t<div class=\"elementor-element elementor-element-1553548a e-flex e-con-boxed e-con e-parent\" data-id=\"1553548a\" data-element_type=\"container\">\n\t\t\t\t\t<div class=\"e-con-inner\">\n\t\t\t\t<div class=\"elementor-element elementor-element-4d4cbcf5 elementor-widget elementor-widget-heading\" data-id=\"4d4cbcf5\" data-element_type=\"widget\" data-widget_type=\"heading.default\">\n\t\t\t\t<div class=\"elementor-widget-container\">\n\t\t\t\t\t<h2 class=\"elementor-heading-title elementor-size-default\">PRAVO I POVIJEST<\/h2>\t\t\t\t<\/div>\n\t\t\t\t<\/div>\n\t\t\t\t\t<\/div>\n\t\t\t\t<\/div>\n\t\t<div class=\"elementor-element elementor-element-a018e89 e-flex e-con-boxed e-con e-parent\" data-id=\"a018e89\" data-element_type=\"container\" id=\"legal\" data-settings=\"{&quot;background_background&quot;:&quot;classic&quot;}\">\n\t\t\t\t\t<div class=\"e-con-inner\">\n\t\t<div class=\"elementor-element elementor-element-e69fb58 e-con-full e-flex e-con e-child\" data-id=\"e69fb58\" data-element_type=\"container\">\n\t\t\t\t<div class=\"elementor-element elementor-element-ae5ee47 elementor-widget elementor-widget-heading\" data-id=\"ae5ee47\" data-element_type=\"widget\" data-widget_type=\"heading.default\">\n\t\t\t\t<div class=\"elementor-widget-container\">\n\t\t\t\t\t<h3 class=\"elementor-heading-title elementor-size-default\">Pravni status i psihodeli\u010dne supstance<\/h3>\t\t\t\t<\/div>\n\t\t\t\t<\/div>\n\t\t\t\t<div class=\"elementor-element elementor-element-c24cfc0 elementor-widget elementor-widget-text-editor\" data-id=\"c24cfc0\" data-element_type=\"widget\" data-widget_type=\"text-editor.default\">\n\t\t\t\t<div class=\"elementor-widget-container\">\n\t\t\t\t\t\t\t\t\t<p class=\"has-medium-font-size\">Nakon zabrane nelicenciranih\/neovla\u0161tenih aktivnosti s psihodelicima ozna\u010denim kao &#8220;kontrolirane droge&#8221; u 1970-ima i 1980-ima, istra\u017eivanje percipiranih rizika i koristi od iskustva s psihodeli\u010dnim tvarima poput LSD-a, psilocibina i MDMA-a (poznatijeg kao &#8220;ecstasy&#8221;) bilo je, blago re\u010deno, mukotrpno.<\/p><p class=\"has-medium-font-size\">Me\u0111utim, posljednjih nekoliko desetlje\u0107a dolazi do ponovnog ro\u0111enja istra\u017eivanja o terapijskoj primjeni ovih lijekova. Proces je bio spor, ali uporan i \u010dvrst, \u0161to je potaknulo odre\u0111enu liberalizaciju zakona o drogama u nekim jurisdikcijama, te dovelo do dekriminalizacije posjedovanja mnogih droga, a u nekoliko slu\u010dajeva i do \u0161ire legalizacije odre\u0111enih aktivnosti koje su prije smatrane kaznenim djelima. <\/p>\t\t\t\t\t\t\t\t<\/div>\n\t\t\t\t<\/div>\n\t\t\t\t<\/div>\n\t\t<div class=\"elementor-element elementor-element-8e49099 e-con-full e-flex e-con e-child\" data-id=\"8e49099\" data-element_type=\"container\">\n\t\t\t\t<div class=\"elementor-element elementor-element-81f674b elementor-widget elementor-widget-text-editor\" data-id=\"81f674b\" data-element_type=\"widget\" data-widget_type=\"text-editor.default\">\n\t\t\t\t<div class=\"elementor-widget-container\">\n\t\t\t\t\t\t\t\t\t<p>Ovaj pomak naziva se renesansom psihodelika. Brojne istra\u017eiva\u010dke studije i klini\u010dka ispitivanja pru\u017eile su potkrepljuju\u0107e dokaze za kori\u0161tenje psihodelika kada se primjenjuju u kombinaciji sa psihoterapijom. Na primjer, Spravato ili Esketamin, koji je derivat psihodeli\u010dnog\/anesteti\u010dkog ketamina, odobrila je 2019. FDA (SAD) za lije\u010denje depresije i treba ga primjenjivati \u200b\u200bu kombinaciji sa psihoterapijom, drugim antidepresivima ili oboje. Mnogi ugledni istra\u017eiva\u010di i klini\u010dari prepoznaju psihodelike kao obe\u0107avaju\u0107e terapijske alate za poreme\u0107aje mentalnog zdravlja, uklju\u010duju\u0107i depresiju, PTSP i poreme\u0107aje upotrebe droga poput alkoholizma.   <\/p><p>Put do legalizacije terapije potpomognute psihodelicima i dalje je dug, bez nedostatka prepreka. Me\u0111utim, unato\u010d brojnim preprekama, psihodeli\u010dna renesansa cvjeta i time poma\u017ee ubla\u017eiti bol i patnju ljudi diljem svijeta.  Toplo preporu\u010dujemo usvajanje diskursa usmjerenog na osobu prilikom rasprave o takvim ograni\u010denjima, jer kori\u0161tenjem jezika koji je pravno koherentan i usmjeren na \u010dovjeka mo\u017eemo otvoriti vrata u regulatorni prostor u kojem istra\u017eivanje i lije\u010denje mogu napredovati.<\/p>\t\t\t\t\t\t\t\t<\/div>\n\t\t\t\t<\/div>\n\t\t\t\t<div class=\"elementor-element elementor-element-75b61ff elementor-widget elementor-widget-eael-adv-accordion\" data-id=\"75b61ff\" data-element_type=\"widget\" data-widget_type=\"eael-adv-accordion.default\">\n\t\t\t\t<div class=\"elementor-widget-container\">\n\t\t\t\t\t        <div class=\"eael-adv-accordion\" id=\"eael-adv-accordion-75b61ff\" data-scroll-on-click=\"\" data-scroll-speed=\"300\" data-accordion-id=\"75b61ff\" data-accordion-type=\"toggle\" 300>\n    <div class=\"eael-accordion-list\">\n                <div id=\"itaj-vie\" class=\"elementor-tab-title eael-accordion-header\" tabindex=\"0\" data-tab=\"1\" aria-controls=\"elementor-tab-content-1231\"><span class=\"eael-advanced-accordion-icon-closed\"><\/span><span class=\"eael-advanced-accordion-icon-opened\"><\/span><span class=\"eael-accordion-tab-title\">\u010cITAJ VI\u0160E<\/span><svg aria-hidden=\"true\" class=\"fa-toggle e-font-icon-svg e-fas-plus\" viewBox=\"0 0 448 512\" xmlns=\"http:\/\/www.w3.org\/2000\/svg\"><path d=\"M416 208H272V64c0-17.67-14.33-32-32-32h-32c-17.67 0-32 14.33-32 32v144H32c-17.67 0-32 14.33-32 32v32c0 17.67 14.33 32 32 32h144v144c0 17.67 14.33 32 32 32h32c17.67 0 32-14.33 32-32V304h144c17.67 0 32-14.33 32-32v-32c0-17.67-14.33-32-32-32z\"><\/path><\/svg><\/div><div id=\"elementor-tab-content-1231\" class=\"eael-accordion-content clearfix\" data-tab=\"1\" aria-labelledby=\"itaj-vie\"><h3 class=\"wp-block-heading\"><strong>Europska unija i Ujedinjeno Kraljevstvo<\/strong><\/h3>\n<p>Unato\u010d brojnim akademskim institucijama, tvrtkama i organizacijama koje pru\u017eaju dokaze o u\u010dinkovitosti terapije potpomognute psihodelicima za lije\u010denje poreme\u0107aja mentalnog zdravlja, one su i dalje klasificirane kao tvari iz Popisa I, bez trenutno prihva\u0107ene medicinske upotrebe i s visokim potencijalom za zlouporabu. Doma\u0107e zakonodavstvo \u010desto uklju\u010duje mogu\u0107e regulatorne odredbe, ali one se op\u0107enito ne primjenjuju zbog odlu\u010dnosti da se odr\u017ei ideja o \u201eilegalnosti\u201c tvari (umjesto proporcionalnog regulatornog modela temeljenog na ishodima). <\/p>\n<p>Me\u0111utim, postoji nekoliko iznimaka. Od srpnja 2025. Njema\u010dka je postala prva dr\u017eava \u010dlanica EU koja je dopustila legalan pristup psilocibinu u okviru ograni\u010denog programa suosje\u0107ajne upotrebe. Nedavna odluka \u010de\u0161kog parlamenta ide dalje: Od sije\u010dnja 2026. nadalje, kada novi zakon stupi na snagu, tretirat \u0107e se sli\u010dno medicinskom kanabisu. U Nizozemskoj se tartufi psilocibina (podzemni dio gljive) legalno prodaju i posjeduju. Iako su tartufi psilocibina sada legalno dostupni, kada se koriste terapeutski ili u kontekstu rehabilitacije, medicinske tvrdnje u vezi s lije\u010denjem zdravstvenih stanja ostaju nezakonite. Nadalje, dekriminalizirani su lak\u0161i prekr\u0161aji s drogama u \u0160panjolskoj i Portugalu. Terapijska upotreba nekih psihodelika tako\u0111er je dekriminalizirana u \u0160vicarskoj, a medicinska upotreba odre\u0111enih psihodelika odobrena je u kontekstu psihoterapije od strane ograni\u010denog broja certificiranih lije\u010dnika.      <\/p>\n<h3 class=\"wp-block-heading\"><strong>Sjedinjene Dr\u017eave<\/strong><\/h3>\n<p>Psihodelici su i dalje klasificirani kao tvari iz Popisa I, osim nekoliko dr\u017eava, uklju\u010duju\u0107i Oregon, Colorado i Washington DC, koje su dekriminalizirale posjedovanje, ali nisu legalizirale sve aktivnosti s imenovanim psihodelicima. Dekriminalizacija (aktivnosti s drogama), za razliku od legalizacije (aktivnosti s drogama), dopu\u0161ta samo posjedovanje i osobnu upotrebu malih koli\u010dina tvari i odre\u0111uje minimalnu dobnu granicu. Me\u0111utim, klini\u010dka ispitivanja koja koriste MDMA-potpomognutu psihoterapiju za PTSP bila su prili\u010dno obe\u0107avaju\u0107a, \u0161to je navelo FDA da 2017. godine psihoterapiju potpomognutu MDMA-om ozna\u010di kao \u201erevolucionarnu terapiju\u201c. U prosincu 2023. FDA-u je podnesen novi zahtjev za lije\u010denje s MDMA-om, ali <a href=\"https:\/\/www.nature.com\/articles\/d41586-024-01622-3\" target=\"_blank\" rel=\"noreferrer noopener\">je na\u017ealost odbijen<\/a> .   <\/p>\n<h3 class=\"wp-block-heading\"><strong>Kanada<\/strong><\/h3>\n<p>Iako su psihodelici jo\u0161 uvijek klasificirani na saveznoj razini kao &#8220;kontrolirane droge&#8221;, Program posebnog pristupa omogu\u0107uje lije\u010dnicima da ih daju u odre\u0111enim hitnim slu\u010dajevima, dok je osobna upotreba i posjedovanje psihodeli\u010dne tvari 5-MeO-DMT dopu\u0161teno. Godine 2023. kanadska pokrajina Alberta postala je prva koja je regulirala pristup terapiji potpomognutoj psihodelicima za lije\u010denje mentalnih zdravstvenih stanja, ali samo za odre\u0111ene akreditirane institucije. U Britanskoj Kolumbiji tako\u0111er je do\u0161lo do mnogo \u0161ire liberalizacije.  <\/p>\n<h3 class=\"wp-block-heading\"><strong>Australija<\/strong><\/h3>\n<p>Odre\u0111eni psihodelici mogu se koristiti u medicinske svrhe u kombinaciji s terapijom na recept ovla\u0161tenih psihijatara, uklju\u010duju\u0107i MDMA za osobe pogo\u0111ene posttraumatskim stresnim poreme\u0107ajem (PTSP) i psilocibin (sadr\u017ean u prirodnom obliku u \u201e\u010darobnim gljivama\u201c) za osobe koje pate od depresije otporne na terapiju. U slu\u010daju poreme\u0107aja ovisnosti, psihijatri mogu propisati ibogain, psihoaktivnu tvar koja se nalazi u zapadnoafri\u010dkom grmu. <\/p>\n<\/div>\n                <\/div><\/div>\t\t\t\t<\/div>\n\t\t\t\t<\/div>\n\t\t\t\t<\/div>\n\t\t\t\t\t<\/div>\n\t\t\t\t<\/div>\n\t\t<div class=\"elementor-element elementor-element-45c49a8 e-flex e-con-boxed e-con e-parent\" data-id=\"45c49a8\" data-element_type=\"container\" id=\"history\" data-settings=\"{&quot;background_background&quot;:&quot;classic&quot;}\">\n\t\t\t\t\t<div class=\"e-con-inner\">\n\t\t<div class=\"elementor-element elementor-element-9da00e5 e-con-full e-flex e-con e-child\" data-id=\"9da00e5\" data-element_type=\"container\">\n\t\t\t\t<div class=\"elementor-element elementor-element-c3e18a3 elementor-widget elementor-widget-heading\" data-id=\"c3e18a3\" data-element_type=\"widget\" data-widget_type=\"heading.default\">\n\t\t\t\t<div class=\"elementor-widget-container\">\n\t\t\t\t\t<h3 class=\"elementor-heading-title elementor-size-default\">Povijest upotrebe psihodeli\u010dnih biljaka u Europi<\/h3>\t\t\t\t<\/div>\n\t\t\t\t<\/div>\n\t\t\t\t<div class=\"elementor-element elementor-element-417b723 elementor-widget-mobile__width-inherit elementor-widget elementor-widget-text-editor\" data-id=\"417b723\" data-element_type=\"widget\" data-widget_type=\"text-editor.default\">\n\t\t\t\t<div class=\"elementor-widget-container\">\n\t\t\t\t\t\t\t\t\t<p class=\"has-medium-font-size\">Nekoliko klasi\u010dnih etnobotani\u010dkih studija istra\u017euje upotrebu gljiva, kaktusa i biljaka prona\u0111enih u Srednjoj i Ju\u017enoj Americi te su uvelike doprinijele razumijevanju \u0161amanskih rituala i tehnika koje se koriste za manifestiranje &#8220;boga&#8221; ili &#8220;du\u0161e&#8221;. Dok je upotreba enteogena u Sjevernoj, Srednjoj i Ju\u017enoj Americi detaljno dokumentirana i prou\u010dena, manje se zna o europskom kontinentu. <\/p><p class=\"has-medium-font-size\">Znamo da su stari Grci koristili kanabis i psihodeli\u010dne gljive, ali vrlo malo se zna o spojevima koji su se koristili u starogr\u010dkim ritualima. Wasson i sur. (1978.), izvje\u0161tavaju\u0107i o \u201eEleuzinskim misterijama\u201c, pretpostavili su da nijedan sastojak, ve\u0107 mje\u0161avina psihoaktivnih spojeva, nije bio klju\u010d za opojnu mje\u0161avinu, \u010diji sastav nismo sigurni (vjerojatno se radilo o mje\u0161avini kanabisa, smole P. Somniferum ili \u201eopijuma\u201c i neke vrste inhibitora enzima poput harmalina ekstrahiranog iz Peganum Harmala). <\/p><p class=\"has-medium-font-size\">Poznato je da je gr\u010dki filozof Platon sudjelovao u Eleuzinskim misterijima, spominju\u0107i ih u svom poznatom dijalogu o besmrtnosti du\u0161e, <em>Fedonu<\/em> . Kao i mnogi drugi mislioci i filozofi anti\u010dkog svijeta. <\/p><p class=\"has-medium-font-size\"><a href=\"https:\/\/psychedelicmagazine.net\/insight\/history-of-psychedelic-use\/\">Pro\u010ditajte vi\u0161e o povijesti upotrebe psihodelika.<\/a><\/p>\t\t\t\t\t\t\t\t<\/div>\n\t\t\t\t<\/div>\n\t\t\t\t<\/div>\n\t\t<div class=\"elementor-element elementor-element-596d29b e-con-full e-flex e-con e-child\" data-id=\"596d29b\" data-element_type=\"container\">\n\t\t\t\t<div class=\"elementor-element elementor-element-86a2656 elementor-widget elementor-widget-image\" data-id=\"86a2656\" data-element_type=\"widget\" data-widget_type=\"image.default\">\n\t\t\t\t<div class=\"elementor-widget-container\">\n\t\t\t\t\t\t\t\t\t\t\t\t\t\t\t<img fetchpriority=\"high\" decoding=\"async\" width=\"2185\" height=\"2560\" src=\"https:\/\/2025.psychedelicare.eu\/wp-content\/uploads\/2024\/09\/druido-ammaccato-con-manici-scaled.jpg\" class=\"attachment-full size-full wp-image-16466\" alt=\"\" srcset=\"https:\/\/2025.psychedelicare.eu\/wp-content\/uploads\/2024\/09\/druido-ammaccato-con-manici-scaled.jpg 2185w, https:\/\/2025.psychedelicare.eu\/wp-content\/uploads\/2024\/09\/druido-ammaccato-con-manici-256x300.jpg 256w, https:\/\/2025.psychedelicare.eu\/wp-content\/uploads\/2024\/09\/druido-ammaccato-con-manici-874x1024.jpg 874w, https:\/\/2025.psychedelicare.eu\/wp-content\/uploads\/2024\/09\/druido-ammaccato-con-manici-768x900.jpg 768w, https:\/\/2025.psychedelicare.eu\/wp-content\/uploads\/2024\/09\/druido-ammaccato-con-manici-1311x1536.jpg 1311w, https:\/\/2025.psychedelicare.eu\/wp-content\/uploads\/2024\/09\/druido-ammaccato-con-manici-1748x2048.jpg 1748w\" sizes=\"(max-width: 2185px) 100vw, 2185px\" \/>\t\t\t\t\t\t\t\t\t\t\t\t\t\t\t<\/div>\n\t\t\t\t<\/div>\n\t\t\t\t<\/div>\n\t\t\t\t\t<\/div>\n\t\t\t\t<\/div>\n\t\t<div class=\"elementor-element elementor-element-a14aed0 e-flex e-con-boxed e-con e-parent\" data-id=\"a14aed0\" data-element_type=\"container\" id=\"organisations\" data-settings=\"{&quot;background_background&quot;:&quot;classic&quot;}\">\n\t\t\t\t\t<div class=\"e-con-inner\">\n\t\t\t\t<div class=\"elementor-element elementor-element-ca3021e elementor-widget elementor-widget-heading\" data-id=\"ca3021e\" data-element_type=\"widget\" data-widget_type=\"heading.default\">\n\t\t\t\t<div class=\"elementor-widget-container\">\n\t\t\t\t\t<h2 class=\"elementor-heading-title elementor-size-default\">Organizacije, zajednice, inicijative<\/h2>\t\t\t\t<\/div>\n\t\t\t\t<\/div>\n\t\t\t\t<div class=\"elementor-element elementor-element-befb48c elementor-widget elementor-widget-text-editor\" data-id=\"befb48c\" data-element_type=\"widget\" data-widget_type=\"text-editor.default\">\n\t\t\t\t<div class=\"elementor-widget-container\">\n\t\t\t\t\t\t\t\t\t<p class=\"has-medium-font-size\">Ovo je nepotpuni popis organizacija, tvrtki i zajednica diljem svijeta koje grade znanje i obrazuju javnost o psihodeli\u010dnim supstancama. Pogledajte i na\u0161e <a href=\"https:\/\/2025.psychedelicare.eu\/partners\/\">partnere<\/a> ! <\/p><div class=\"wp-block-uagb-advanced-heading uagb-block-f8122fca\"><h3 class=\"uagb-heading-text\">Sveu\u010dili\u0161ta i instituti koji istra\u017euju psihodelike<\/h3><\/div><p class=\"has-medium-font-size\"><a href=\"https:\/\/www.iceers.org\/research\/\" target=\"_blank\" rel=\"noreferrer noopener\">LEDENICI<\/a><br><a href=\"https:\/\/www.heffter.org\/study-publications\/\" target=\"_blank\" rel=\"noreferrer noopener\">Heffterov istra\u017eiva\u010dki institut<\/a><br><a href=\"https:\/\/hopkinspsychedelic.org\/\" target=\"_blank\" rel=\"noreferrer noopener\">Centar Johns Hopkins za istra\u017eivanje psihodelika i svijesti<\/a><br><a href=\"https:\/\/www.usonainstitute.org\/\" target=\"_blank\" rel=\"noreferrer noopener\">Institut Usona<\/a><br><a href=\"https:\/\/www.imperial.ac.uk\/psychedelic-research-centre\/research\/publications\/\" target=\"_blank\" rel=\"noreferrer noopener\">Imperial College London, Centar za psihodeli\u010dna istra\u017eivanja<\/a><br><a href=\"https:\/\/medicine.yale.edu\/psychiatry\/education\/residency\/interest\/psychedelic_science_group\/\" target=\"_blank\" rel=\"noreferrer noopener\">Yaleova grupa za znanost psihodelika<\/a><br><a href=\"https:\/\/psychedelics.berkeley.edu\/\" target=\"_blank\" rel=\"noreferrer noopener\">Centar za znanost o psihodelicima Sveu\u010dili\u0161ta Kalifornije u Berkeleyju<\/a><br><a href=\"https:\/\/med.nyu.edu\/departments-institutes\/psychiatry\/research\/center-psychedelic-medicine\" target=\"_blank\" rel=\"noreferrer noopener\">Centar za psihodeli\u010dnu medicinu Langone Sveu\u010dili\u0161ta New York<\/a><br><a href=\"https:\/\/www.columbiapsychiatry.org\/news\/topics\/mental-health\/psychedelics\" target=\"_blank\" rel=\"noreferrer noopener\">Odjel za psihijatriju Sveu\u010dili\u0161ta Columbia<\/a><\/p><div class=\"wp-block-uagb-advanced-heading uagb-block-ae6585af\"><h3 class=\"uagb-heading-text\">Organizacije koje se zala\u017eu i educiraju o supstancama<\/h3><\/div><p class=\"has-medium-font-size\"><a href=\"https:\/\/www.erowid.org\/splash.php\" target=\"_blank\" rel=\"noreferrer noopener\">Erowid<\/a><br><a href=\"https:\/\/open-foundation.org\/\" target=\"_blank\" rel=\"noreferrer noopener\">Open Foundation<\/a><br><a href=\"https:\/\/www.mind-foundation.org\/\" target=\"_blank\" rel=\"noreferrer noopener\">Mind Foundation<\/a><br><a href=\"https:\/\/www.psychedelicsociety.org.au\/\" target=\"_blank\" rel=\"noreferrer noopener\">Australian Psychedelic Society<\/a><br><a href=\"https:\/\/www.drugscience.org.uk\/\" target=\"_blank\" rel=\"noreferrer noopener\">Drug Science<\/a><br><a href=\"https:\/\/blossomanalysis.com\/\" target=\"_blank\" rel=\"noreferrer noopener\">Blossom Data Base on Psychedelic Research<\/a><br><a href=\"https:\/\/parea.eu\/\" target=\"_blank\" rel=\"noreferrer noopener\">Psychedelic Access and Research European Alliance (PAREA)<\/a><\/p><div class=\"wp-block-uagb-advanced-heading uagb-block-edec5e3f\"><h3 class=\"uagb-heading-text\">Zajednice i inicijative psihonauta<\/h3><\/div><p class=\"has-medium-font-size\"><a href=\"https:\/\/www.heroicheartsuk.com\/testimonials\" target=\"_blank\" rel=\"noreferrer noopener\">Heroic Hearts<\/a><br><a href=\"https:\/\/m.psychonautwiki.org\/wiki\/Main_Page\" target=\"_blank\" rel=\"noreferrer noopener\">Psychonaut Wiki<\/a><br><a href=\"https:\/\/www.bluelight.org\/community\/forums\/\" target=\"_blank\" rel=\"noreferrer noopener\">Bluelight Comminity<\/a><br><a href=\"https:\/\/www.shroomery.org\/\" target=\"_blank\" rel=\"noreferrer noopener\">Shroomery<\/a><br><a href=\"https:\/\/doubleblindmag.com\/\" target=\"_blank\" rel=\"noreferrer noopener\">Double Blind Magazine<\/a><\/p>\t\t\t\t\t\t\t\t<\/div>\n\t\t\t\t<\/div>\n\t\t\t\t\t<\/div>\n\t\t\t\t<\/div>\n\t\t\t\t<\/div>\n\t\t","protected":false},"excerpt":{"rendered":"<p>PRAVO I POVIJEST Pravni status i psihodeli\u010dne supstance Nakon zabrane nelicenciranih\/neovla\u0161tenih aktivnosti s psihodelicima ozna\u010denim kao &#8220;kontrolirane droge&#8221; u 1970-ima i 1980-ima, istra\u017eivanje percipiranih rizika i koristi od iskustva s psihodeli\u010dnim tvarima poput LSD-a, psilocibina i MDMA-a (poznatijeg kao &#8220;ecstasy&#8221;) bilo je, blago re\u010deno, mukotrpno. Me\u0111utim, posljednjih nekoliko desetlje\u0107a dolazi do ponovnog ro\u0111enja istra\u017eivanja o [&hellip;]<\/p>\n","protected":false},"author":8,"featured_media":0,"parent":0,"menu_order":0,"comment_status":"closed","ping_status":"closed","template":"","meta":{"footnotes":""},"class_list":["post-11384","page","type-page","status-publish","hentry"],"_links":{"self":[{"href":"https:\/\/2025.psychedelicare.eu\/hr\/wp-json\/wp\/v2\/pages\/11384","targetHints":{"allow":["GET"]}}],"collection":[{"href":"https:\/\/2025.psychedelicare.eu\/hr\/wp-json\/wp\/v2\/pages"}],"about":[{"href":"https:\/\/2025.psychedelicare.eu\/hr\/wp-json\/wp\/v2\/types\/page"}],"author":[{"embeddable":true,"href":"https:\/\/2025.psychedelicare.eu\/hr\/wp-json\/wp\/v2\/users\/8"}],"replies":[{"embeddable":true,"href":"https:\/\/2025.psychedelicare.eu\/hr\/wp-json\/wp\/v2\/comments?post=11384"}],"version-history":[{"count":1,"href":"https:\/\/2025.psychedelicare.eu\/hr\/wp-json\/wp\/v2\/pages\/11384\/revisions"}],"predecessor-version":[{"id":11385,"href":"https:\/\/2025.psychedelicare.eu\/hr\/wp-json\/wp\/v2\/pages\/11384\/revisions\/11385"}],"wp:attachment":[{"href":"https:\/\/2025.psychedelicare.eu\/hr\/wp-json\/wp\/v2\/media?parent=11384"}],"curies":[{"name":"wp","href":"https:\/\/api.w.org\/{rel}","templated":true}]}}