{"id":11517,"date":"2025-09-24T15:00:22","date_gmt":"2025-09-24T16:00:22","guid":{"rendered":"https:\/\/www.psychedelicare.eu\/donirajte\/"},"modified":"2025-09-30T13:28:00","modified_gmt":"2025-09-30T14:28:00","slug":"donate","status":"publish","type":"page","link":"https:\/\/2025.psychedelicare.eu\/hr\/donate\/","title":{"rendered":"Donirajte"},"content":{"rendered":"\t\t<div data-elementor-type=\"wp-page\" data-elementor-id=\"11517\" class=\"elementor elementor-11517 elementor-11509\" data-elementor-post-type=\"page\">\n\t\t\t\t<div class=\"elementor-element elementor-element-ee3c2ee e-flex e-con-boxed e-con e-parent\" data-id=\"ee3c2ee\" data-element_type=\"container\">\n\t\t\t\t\t<div class=\"e-con-inner\">\n\t\t<div class=\"elementor-element elementor-element-a0ef854 e-con-full e-flex e-con e-child\" data-id=\"a0ef854\" data-element_type=\"container\">\n\t\t\t\t<div class=\"elementor-element elementor-element-573db51 elementor-widget-mobile__width-initial elementor-widget elementor-widget-heading\" data-id=\"573db51\" data-element_type=\"widget\" data-widget_type=\"heading.default\">\n\t\t\t\t<div class=\"elementor-widget-container\">\n\t\t\t\t\t<h2 class=\"elementor-heading-title elementor-size-default\">DONIRAJTE INICIJATIVI<\/h2>\t\t\t\t<\/div>\n\t\t\t\t<\/div>\n\t\t\t\t<div class=\"elementor-element elementor-element-5ad31b1 elementor-widget elementor-widget-heading\" data-id=\"5ad31b1\" data-element_type=\"widget\" data-widget_type=\"heading.default\">\n\t\t\t\t<div class=\"elementor-widget-container\">\n\t\t\t\t\t<h2 class=\"elementor-heading-title elementor-size-default\">Va\u0161a podr\u0161ka je va\u017ena!<\/h2>\t\t\t\t<\/div>\n\t\t\t\t<\/div>\n\t\t\t\t<div class=\"elementor-element elementor-element-3da318a elementor-widget elementor-widget-text-editor\" data-id=\"3da318a\" data-element_type=\"widget\" data-widget_type=\"text-editor.default\">\n\t\t\t\t<div class=\"elementor-widget-container\">\n\t\t\t\t\t\t\t\t\t<p>Podr\u017eite na\u0161u inicijativu svojom dobrotvornom donacijom i pomozite nam da podignemo svijest o dobrobitima terapije potpomognute psihodelicima, pozabavimo se krizom mentalnog zdravlja u Europi i pokrenemo demokratski gra\u0111anski pokret.<\/p><p>Va\u0161a donacija nam mo\u017ee pomo\u0107i uglavnom na dva na\u010dina: za ispis komunikacijskih materijala poput letaka i drugih materijala za podizanje svijesti o inicijativi te za organiziranje prate\u0107ih doga\u0111aja i aktivnosti.  <\/p><p>Za nas su donacije putem SEPA izravnog tere\u0107enja ili SEPA bankovnog transfera najkorisnije jer zaobilaze komercijalne procesore pla\u0107anja i njihove naknade.<\/p>\t\t\t\t\t\t\t\t<\/div>\n\t\t\t\t<\/div>\n\t\t\t\t<\/div>\n\t\t\t\t\t<\/div>\n\t\t\t\t<\/div>\n\t\t<div class=\"elementor-element elementor-element-f253128 e-flex e-con-boxed e-con e-parent\" data-id=\"f253128\" data-element_type=\"container\">\n\t\t\t\t\t<div class=\"e-con-inner\">\n\t\t\t\t<div class=\"elementor-element elementor-element-5dffdfb elementor-widget elementor-widget-shortcode\" data-id=\"5dffdfb\" data-element_type=\"widget\" data-widget_type=\"shortcode.default\">\n\t\t\t\t<div class=\"elementor-widget-container\">\n\t\t\t\t\t\t\t<div class=\"elementor-shortcode\"><script type=\"text\/javascript\">\n            (function() {\n                var u=\"https:\/\/spenden.twingle.de\/embed\/genericorganisation\/genericproject\/tw66bb695836805\/widget\";\n                var id = '_' + Math.random().toString(36).substr(2, 9);\n                var d=document, g=d.createElement('script'), s=d.getElementsByTagName('script')[0], t=d.createElement('div');\n                t.id = 'twingle-public-embed-' + id;\n                document.currentScript.after(t);\n                g.type='text\/javascript'; g.async=true; g.defer=true; g.src=u+'\/'+id; s.parentNode.insertBefore(g,s);\n            })();\n        <\/script><\/div>\n\t\t\t\t\t\t<\/div>\n\t\t\t\t<\/div>\n\t\t\t\t\t<\/div>\n\t\t\t\t<\/div>\n\t\t<div class=\"elementor-element elementor-element-8bcf504 e-flex e-con-boxed e-con e-parent\" data-id=\"8bcf504\" data-element_type=\"container\">\n\t\t\t\t\t<div class=\"e-con-inner\">\n\t\t\t\t\t<\/div>\n\t\t\t\t<\/div>\n\t\t<div class=\"elementor-element elementor-element-2fe5d7f e-flex e-con-boxed e-con e-parent\" data-id=\"2fe5d7f\" data-element_type=\"container\">\n\t\t\t\t\t<div class=\"e-con-inner\">\n\t\t<div class=\"elementor-element elementor-element-8ca603a e-con-full e-flex e-con e-child\" data-id=\"8ca603a\" data-element_type=\"container\">\n\t\t\t\t<div class=\"elementor-element elementor-element-6414b63 elementor-widget elementor-widget-text-editor\" data-id=\"6414b63\" data-element_type=\"widget\" data-widget_type=\"text-editor.default\">\n\t\t\t\t<div class=\"elementor-widget-container\">\n\t\t\t\t\t\t\t\t\t<p>Va\u0161u donaciju obra\u0111uje PsychedeliCare eV, neprofitna udruga registrirana u Potsdamu u Njema\u010dkoj. PsychedeliCare eV porezne su vlasti priznale kao dobrotvornu udrugu. Stoga su donacije porezno priznate u Njema\u010dkoj. Jesu li porezno priznate i u drugim zemljama EU-a ovisi o lokalnim propisima, jer trenutno ne postoji jedinstvena regulativa na razini cijele EU-a.   <\/p><p><strong>Ako ste zaista strastveni oko ovog problema, mo\u017eete <a href=\"https:\/\/2025.psychedelicare.eu\/hr\/join-the-psychedelicare-association\/\">postati i \u010dlan PsychedeliCare eV.<\/a><\/strong><\/p>\t\t\t\t\t\t\t\t<\/div>\n\t\t\t\t<\/div>\n\t\t\t\t<\/div>\n\t\t\t\t\t<\/div>\n\t\t\t\t<\/div>\n\t\t\t\t<\/div>\n\t\t","protected":false},"excerpt":{"rendered":"<p>DONIRAJTE INICIJATIVI Va\u0161a podr\u0161ka je va\u017ena! Podr\u017eite na\u0161u inicijativu svojom dobrotvornom donacijom i pomozite nam da podignemo svijest o dobrobitima terapije potpomognute psihodelicima, pozabavimo se krizom mentalnog zdravlja u Europi i pokrenemo demokratski gra\u0111anski pokret. Va\u0161a donacija nam mo\u017ee pomo\u0107i uglavnom na dva na\u010dina: za ispis komunikacijskih materijala poput letaka i drugih materijala za podizanje [&hellip;]<\/p>\n","protected":false},"author":1,"featured_media":0,"parent":0,"menu_order":0,"comment_status":"closed","ping_status":"closed","template":"","meta":{"footnotes":""},"class_list":["post-11517","page","type-page","status-publish","hentry"],"_links":{"self":[{"href":"https:\/\/2025.psychedelicare.eu\/hr\/wp-json\/wp\/v2\/pages\/11517","targetHints":{"allow":["GET"]}}],"collection":[{"href":"https:\/\/2025.psychedelicare.eu\/hr\/wp-json\/wp\/v2\/pages"}],"about":[{"href":"https:\/\/2025.psychedelicare.eu\/hr\/wp-json\/wp\/v2\/types\/page"}],"author":[{"embeddable":true,"href":"https:\/\/2025.psychedelicare.eu\/hr\/wp-json\/wp\/v2\/users\/1"}],"replies":[{"embeddable":true,"href":"https:\/\/2025.psychedelicare.eu\/hr\/wp-json\/wp\/v2\/comments?post=11517"}],"version-history":[{"count":5,"href":"https:\/\/2025.psychedelicare.eu\/hr\/wp-json\/wp\/v2\/pages\/11517\/revisions"}],"predecessor-version":[{"id":13268,"href":"https:\/\/2025.psychedelicare.eu\/hr\/wp-json\/wp\/v2\/pages\/11517\/revisions\/13268"}],"wp:attachment":[{"href":"https:\/\/2025.psychedelicare.eu\/hr\/wp-json\/wp\/v2\/media?parent=11517"}],"curies":[{"name":"wp","href":"https:\/\/api.w.org\/{rel}","templated":true}]}}