{"id":10192,"date":"2024-12-13T10:09:21","date_gmt":"2024-12-13T11:09:21","guid":{"rendered":"https:\/\/www.psychedelicare.eu\/motivazioni\/"},"modified":"2025-09-19T19:28:38","modified_gmt":"2025-09-19T20:28:38","slug":"motivazioni","status":"publish","type":"page","link":"https:\/\/2025.psychedelicare.eu\/it\/motivazioni\/","title":{"rendered":"Motivazioni"},"content":{"rendered":"\t\t<div data-elementor-type=\"wp-page\" data-elementor-id=\"10192\" class=\"elementor elementor-10192 elementor-5686\" data-elementor-post-type=\"page\">\n\t\t\t\t<div class=\"elementor-element elementor-element-3fede2b e-flex e-con-boxed e-con e-parent\" data-id=\"3fede2b\" data-element_type=\"container\">\n\t\t\t\t\t<div class=\"e-con-inner\">\n\t\t\t\t<div class=\"elementor-element elementor-element-56f7166 elementor-widget elementor-widget-heading\" data-id=\"56f7166\" data-element_type=\"widget\" data-widget_type=\"heading.default\">\n\t\t\t\t<div class=\"elementor-widget-container\">\n\t\t\t\t\t<h2 class=\"elementor-heading-title elementor-size-default\">MOTIVI<\/h2>\t\t\t\t<\/div>\n\t\t\t\t<\/div>\n\t\t\t\t\t<\/div>\n\t\t\t\t<\/div>\n\t\t<div class=\"elementor-element elementor-element-da37ce2 e-flex e-con-boxed e-con e-parent\" data-id=\"da37ce2\" data-element_type=\"container\">\n\t\t\t\t\t<div class=\"e-con-inner\">\n\t\t<div class=\"elementor-element elementor-element-279accc e-con-full e-flex e-con e-child\" data-id=\"279accc\" data-element_type=\"container\">\n\t\t\t\t<div class=\"elementor-element elementor-element-0b5c568 elementor-widget elementor-widget-heading\" data-id=\"0b5c568\" data-element_type=\"widget\" data-widget_type=\"heading.default\">\n\t\t\t\t<div class=\"elementor-widget-container\">\n\t\t\t\t\t<h3 class=\"elementor-heading-title elementor-size-default\">C'\u00e8 una crisi di salute mentale in corso. Ammettiamolo. <\/h3>\t\t\t\t<\/div>\n\t\t\t\t<\/div>\n\t\t\t\t<div class=\"elementor-element elementor-element-0a1f078 elementor-widget elementor-widget-text-editor\" data-id=\"0a1f078\" data-element_type=\"widget\" data-widget_type=\"text-editor.default\">\n\t\t\t\t<div class=\"elementor-widget-container\">\n\t\t\t\t\t\t\t\t\t<p class=\"has-medium-font-size\" style=\"padding: 0px; border: 0px; font-variant-numeric: inherit; font-variant-east-asian: inherit; font-variant-alternates: inherit; font-variant-position: inherit; font-variant-emoji: inherit; font-stretch: inherit; line-height: 30px; font-optical-sizing: inherit; font-size-adjust: inherit; font-kerning: inherit; font-feature-settings: inherit; font-variation-settings: inherit; vertical-align: baseline; color: #212529; font-size: 20px !important; margin: 0px auto !important 1rem auto !important;\">Oggi, nell&#8217;Unione Europea, <span style=\"margin: 0px; padding: 0px; border: 0px; font-style: inherit; font-variant: inherit; font-weight: bolder; font-stretch: inherit; font-size: inherit; line-height: inherit; font-family: inherit; font-optical-sizing: inherit; font-size-adjust: inherit; font-kerning: inherit; font-feature-settings: inherit; font-variation-settings: inherit; vertical-align: baseline;\">pi\u00f9 di 1 persona su 6 soffre di disturbi mentali<\/span>. Pi\u00f9 che mai.<\/p><div class=\"wp-block-group is-layout-constrained wp-block-group-is-layout-constrained\" style=\"padding: 0px; border: 0px; font-variant-numeric: inherit; font-variant-east-asian: inherit; font-variant-alternates: inherit; font-variant-position: inherit; font-variant-emoji: inherit; font-stretch: inherit; font-size: 16px; line-height: inherit; font-optical-sizing: inherit; font-size-adjust: inherit; font-kerning: inherit; font-feature-settings: inherit; font-variation-settings: inherit; vertical-align: baseline; color: #212529; margin: 0px auto !important 0px auto !important;\"><p class=\"has-medium-font-size\" style=\"margin-top: 0px; margin-bottom: 1rem; padding: 0px; border: 0px; font-style: inherit; font-variant: inherit; font-weight: inherit; font-stretch: inherit; line-height: 30px; font-family: inherit; font-optical-sizing: inherit; font-size-adjust: inherit; font-kerning: inherit; font-feature-settings: inherit; font-variation-settings: inherit; vertical-align: baseline; font-size: 20px !important;\">Depressione, sindromi da burnout, disturbo Post-Traumatico da Stress, insonnia, sono solo alcuni dei problemi che affliggono milioni di persone di ogni et\u00e0.<\/p><p class=\"has-medium-font-size\" style=\"margin-top: 0px; margin-bottom: 1rem; padding: 0px; border: 0px; font-style: inherit; font-variant: inherit; font-weight: inherit; font-stretch: inherit; line-height: 30px; font-family: inherit; font-optical-sizing: inherit; font-size-adjust: inherit; font-kerning: inherit; font-feature-settings: inherit; font-variation-settings: inherit; vertical-align: baseline; font-size: 20px !important;\">I problemi di salute mentale causano sofferenza non solo alla persona che ne soffre, ma anche alle famiglie e alle comunit\u00e0, e esercitano un&#8217;estrema pressione sui sistemi sanitari, educativi, economici, lavorativi e di assistenza sociale degli Stati membri dell&#8217;UE.<\/p><p class=\"has-medium-font-size\" style=\"margin-top: 0px; margin-bottom: 1rem; padding: 0px; border: 0px; font-style: inherit; font-variant: inherit; font-weight: inherit; font-stretch: inherit; line-height: 30px; font-family: inherit; font-optical-sizing: inherit; font-size-adjust: inherit; font-kerning: inherit; font-feature-settings: inherit; font-variation-settings: inherit; vertical-align: baseline; font-size: 20px !important;\">Il costo stimato \u00e8 di 600 miliardi di euro, pi\u00f9 del 4% del PIL all&#8217;anno. Ognuno di noi \u00e8 coinvolto, direttamente o indirettamente. <\/p><\/div>\t\t\t\t\t\t\t\t<\/div>\n\t\t\t\t<\/div>\n\t\t\t\t<\/div>\n\t\t<div class=\"elementor-element elementor-element-b71bd23 e-con-full e-flex e-con e-child\" data-id=\"b71bd23\" data-element_type=\"container\">\n\t\t<div class=\"elementor-element elementor-element-b8c61cb e-con-full e-flex e-con e-child\" data-id=\"b8c61cb\" data-element_type=\"container\" data-settings=\"{&quot;background_background&quot;:&quot;classic&quot;}\">\n\t\t\t\t<div class=\"elementor-element elementor-element-30070e7 elementor-widget elementor-widget-text-editor\" data-id=\"30070e7\" data-element_type=\"widget\" data-widget_type=\"text-editor.default\">\n\t\t\t\t<div class=\"elementor-widget-container\">\n\t\t\t\t\t\t\t\t\t<p><strong>Un&#8217;emergenza invisibile per la salute mentale sta attraversando l&#8217;Unione Europea, come una pandemia silenziosa.<\/strong><\/p>\t\t\t\t\t\t\t\t<\/div>\n\t\t\t\t<\/div>\n\t\t\t\t<div class=\"elementor-element elementor-element-bdcf62a elementor-widget elementor-widget-text-editor\" data-id=\"bdcf62a\" data-element_type=\"widget\" data-widget_type=\"text-editor.default\">\n\t\t\t\t<div class=\"elementor-widget-container\">\n\t\t\t\t\t\t\t\t\t<p>Stella Kyriakides, Commissario europeo per la salute e la sicurezza alimentare, 2021<\/p>\t\t\t\t\t\t\t\t<\/div>\n\t\t\t\t<\/div>\n\t\t\t\t<\/div>\n\t\t\t\t<\/div>\n\t\t\t\t\t<\/div>\n\t\t\t\t<\/div>\n\t\t<div class=\"elementor-element elementor-element-5a115a5 e-flex e-con-boxed e-con e-parent\" data-id=\"5a115a5\" data-element_type=\"container\">\n\t\t\t\t\t<div class=\"e-con-inner\">\n\t\t<div class=\"elementor-element elementor-element-253072e e-con-full e-flex e-con e-child\" data-id=\"253072e\" data-element_type=\"container\">\n\t\t\t\t<div class=\"elementor-element elementor-element-12aa70d elementor-widget elementor-widget-heading\" data-id=\"12aa70d\" data-element_type=\"widget\" data-widget_type=\"heading.default\">\n\t\t\t\t<div class=\"elementor-widget-container\">\n\t\t\t\t\t<h3 class=\"elementor-heading-title elementor-size-default\">La farmacologia sta mostrando i suoi limiti.<br>E i suoi problemi. <\/h3>\t\t\t\t<\/div>\n\t\t\t\t<\/div>\n\t\t\t\t<div class=\"elementor-element elementor-element-d3bc01c elementor-widget elementor-widget-text-editor\" data-id=\"d3bc01c\" data-element_type=\"widget\" data-widget_type=\"text-editor.default\">\n\t\t\t\t<div class=\"elementor-widget-container\">\n\t\t\t\t\t\t\t\t\t<p class=\"has-medium-font-size\">Dopo l&#8217;introduzione degli SSRI (i farmaci antidepressivi che agiscono sulla serotonina) alla fine degli anni &#8217;80,<strong> la ricerca in psicofarmacologia ha faticato a produrre innovazioni altrettanto significative.<\/strong><\/p><div class=\"wp-block-group is-layout-constrained wp-block-group-is-layout-constrained\"><p class=\"has-medium-font-size\">Per di pi\u00f9, una percentuale significativa di pazienti non risponde ai trattamenti psichiatrici attualmente disponibili. <\/p><p class=\"has-medium-font-size\">Molte patologie mentali sono ancora difficili da trattare e spesso le persone devono affrontare effetti collaterali spiacevoli come aumento di peso, insonnia, mal di testa e mancanza di libido.  <\/p><p class=\"has-medium-font-size\">Ma forse l&#8217;aspetto pi\u00f9 critico \u00e8 che la maggior parte di questi medicinali necessitano di un impiego a lungo termine o a vita, limitandosi a gestire i sintomi piuttosto che affrontare le cause profonde delle condizioni.<\/p><\/div>\t\t\t\t\t\t\t\t<\/div>\n\t\t\t\t<\/div>\n\t\t\t\t<\/div>\n\t\t<div class=\"elementor-element elementor-element-7f15857 e-con-full e-flex e-con e-child\" data-id=\"7f15857\" data-element_type=\"container\">\n\t\t<div class=\"elementor-element elementor-element-19d4516 e-con-full e-flex e-con e-child\" data-id=\"19d4516\" data-element_type=\"container\" data-settings=\"{&quot;background_background&quot;:&quot;gradient&quot;}\">\n\t\t\t\t<div class=\"elementor-element elementor-element-6590660 elementor-widget elementor-widget-text-editor\" data-id=\"6590660\" data-element_type=\"widget\" data-widget_type=\"text-editor.default\">\n\t\t\t\t<div class=\"elementor-widget-container\">\n\t\t\t\t\t\t\t\t\t<p><strong>Troppo spesso ci ritroviamo con i soliti vecchi trattamenti. Gli approcci terapeutici che mio padre avrebbe potuto ricevere decenni fa sono ancora tra i pi\u00f9 recenti. Dobbiamo scoprire di pi\u00f9 sul cervello e sulla scienza per accelerare la scoperta di cure migliori.  <\/strong><\/p>\t\t\t\t\t\t\t\t<\/div>\n\t\t\t\t<\/div>\n\t\t\t\t<div class=\"elementor-element elementor-element-210652b elementor-widget elementor-widget-text-editor\" data-id=\"210652b\" data-element_type=\"widget\" data-widget_type=\"text-editor.default\">\n\t\t\t\t<div class=\"elementor-widget-container\">\n\t\t\t\t\t\t\t\t\t<p>Kan Duckworth, Chief Medical Officer, UK National Alliance on Mental Illness (Alleanza Nazionale per le Malattie Mentali)<\/p>\t\t\t\t\t\t\t\t<\/div>\n\t\t\t\t<\/div>\n\t\t\t\t<\/div>\n\t\t\t\t<\/div>\n\t\t\t\t\t<\/div>\n\t\t\t\t<\/div>\n\t\t<div class=\"elementor-element elementor-element-b145f7a e-flex e-con-boxed e-con e-parent\" data-id=\"b145f7a\" data-element_type=\"container\">\n\t\t\t\t\t<div class=\"e-con-inner\">\n\t\t<div class=\"elementor-element elementor-element-3ead2ad e-con-full e-flex e-con e-child\" data-id=\"3ead2ad\" data-element_type=\"container\">\n\t\t\t\t<div class=\"elementor-element elementor-element-5f2a19a elementor-widget elementor-widget-heading\" data-id=\"5f2a19a\" data-element_type=\"widget\" data-widget_type=\"heading.default\">\n\t\t\t\t<div class=\"elementor-widget-container\">\n\t\t\t\t\t<h3 class=\"elementor-heading-title elementor-size-default\">La scienza mostra nuove (ma antiche!) soluzioni che possono essere molto efficaci.<\/h3>\t\t\t\t<\/div>\n\t\t\t\t<\/div>\n\t\t\t\t<div class=\"elementor-element elementor-element-04243cc elementor-widget elementor-widget-text-editor\" data-id=\"04243cc\" data-element_type=\"widget\" data-widget_type=\"text-editor.default\">\n\t\t\t\t<div class=\"elementor-widget-container\">\n\t\t\t\t\t\t\t\t\t<p class=\"has-medium-font-size\">La ricerca scientifica in tutto il mondo evidenzia <strong>il potenziale terapeutico delle sostanze psichedeliche<\/strong>, spesso utilizzate da molte culture per secoli nel processo di guarigione tradizionale.<\/p><p class=\"has-medium-font-size\">Con l&#8217;assistenza di un professionista, la corretta preparazione e l&#8217;ambiente giusto (SET E SETTING),<strong> una o poche assunzioni di queste sostanze possono sostenere i benefici della terapia psicologica<\/strong>, con effetti duraturi nel tempo.<\/p><div class=\"wp-block-group is-layout-constrained wp-block-group-is-layout-constrained\"><p class=\"has-medium-font-size\">Un numero crescente di ricerche mediche conferma l&#8217;efficacia delle sostanze psichedeliche - Psilocibina, DMT, LSD, MDMA - se somministrate in un contesto clinico controllato e sicuro.<\/p><p>Le terapie assistite con psichedelici (TAP) possono offrire miglioramenti clinici sicuri, rapidi e con effetti duraturi nel trattamento di numerose patologie tra cui la depressione, il disturbo da stress post-traumatico, il disturbo ossessivo-compulsivo, l&#8217;ansia da fine vita, i disturbi da uso di sostanze e le dipendenze.<\/p><p class=\"has-medium-font-size\">L&#8217;Australia ha gi\u00e0 riconosciuto e formalizzato l&#8217;uso degli psichedelici per la salute mentale. Inoltre, le sostanze psichedeliche stanno ricevendo un crescente sostegno da parte di autorit\u00e0 e enti pubblici in Canada, Stati Uniti, Regno Unito e Svizzera, tra gli altri.  <\/p><p class=\"has-medium-font-size\"><a href=\"https:\/\/citizens-initiative.europa.eu\/initiatives\/details\/2024\/000011_en\" target=\"_blank\" rel=\"noreferrer noopener\">Scopri di pi\u00f9 sulla nostra iniziativa<\/a><\/p><\/div>\t\t\t\t\t\t\t\t<\/div>\n\t\t\t\t<\/div>\n\t\t\t\t<\/div>\n\t\t<div class=\"elementor-element elementor-element-5953480 e-con-full e-flex e-con e-child\" data-id=\"5953480\" data-element_type=\"container\">\n\t\t<div class=\"elementor-element elementor-element-6e0b946 e-con-full e-flex e-con e-child\" data-id=\"6e0b946\" data-element_type=\"container\" data-settings=\"{&quot;background_background&quot;:&quot;classic&quot;}\">\n\t\t\t\t<div class=\"elementor-element elementor-element-59e00ed elementor-widget elementor-widget-text-editor\" data-id=\"59e00ed\" data-element_type=\"widget\" data-widget_type=\"text-editor.default\">\n\t\t\t\t<div class=\"elementor-widget-container\">\n\t\t\t\t\t\t\t\t\t<p><strong>Milioni di europei hanno bisogno di cure migliori. Dobbiamo assicurarci che i nuovi trattamenti psichedelici vengano presi in considerazione, poich\u00e9 la scienza che li sostiene ne evidenzia l&#8217;immenso potenziale. <\/strong><\/p>\t\t\t\t\t\t\t\t<\/div>\n\t\t\t\t<\/div>\n\t\t\t\t<div class=\"elementor-element elementor-element-f627518 elementor-widget elementor-widget-text-editor\" data-id=\"f627518\" data-element_type=\"widget\" data-widget_type=\"text-editor.default\">\n\t\t\t\t<div class=\"elementor-widget-container\">\n\t\t\t\t\t\t\t\t\t<p>Mikulas Peksa, membro del Parlamento europeo<\/p>\t\t\t\t\t\t\t\t<\/div>\n\t\t\t\t<\/div>\n\t\t\t\t<\/div>\n\t\t\t\t<\/div>\n\t\t\t\t\t<\/div>\n\t\t\t\t<\/div>\n\t\t\t\t<\/div>\n\t\t","protected":false},"excerpt":{"rendered":"<p>MOTIVI C&#8217;\u00e8 una crisi di salute mentale in corso. Ammettiamolo. Oggi, nell&#8217;Unione Europea, pi\u00f9 di 1 persona su 6 soffre di disturbi mentali. Pi\u00f9 che mai. Depressione, sindromi da burnout, disturbo Post-Traumatico da Stress, insonnia, sono solo alcuni dei problemi che affliggono milioni di persone di ogni et\u00e0. I problemi di salute mentale causano sofferenza [&hellip;]<\/p>\n","protected":false},"author":8,"featured_media":0,"parent":0,"menu_order":0,"comment_status":"closed","ping_status":"closed","template":"","meta":{"footnotes":""},"class_list":["post-10192","page","type-page","status-publish","hentry"],"_links":{"self":[{"href":"https:\/\/2025.psychedelicare.eu\/it\/wp-json\/wp\/v2\/pages\/10192","targetHints":{"allow":["GET"]}}],"collection":[{"href":"https:\/\/2025.psychedelicare.eu\/it\/wp-json\/wp\/v2\/pages"}],"about":[{"href":"https:\/\/2025.psychedelicare.eu\/it\/wp-json\/wp\/v2\/types\/page"}],"author":[{"embeddable":true,"href":"https:\/\/2025.psychedelicare.eu\/it\/wp-json\/wp\/v2\/users\/8"}],"replies":[{"embeddable":true,"href":"https:\/\/2025.psychedelicare.eu\/it\/wp-json\/wp\/v2\/comments?post=10192"}],"version-history":[{"count":1,"href":"https:\/\/2025.psychedelicare.eu\/it\/wp-json\/wp\/v2\/pages\/10192\/revisions"}],"predecessor-version":[{"id":10194,"href":"https:\/\/2025.psychedelicare.eu\/it\/wp-json\/wp\/v2\/pages\/10192\/revisions\/10194"}],"wp:attachment":[{"href":"https:\/\/2025.psychedelicare.eu\/it\/wp-json\/wp\/v2\/media?parent=10192"}],"curies":[{"name":"wp","href":"https:\/\/api.w.org\/{rel}","templated":true}]}}