{"id":10287,"date":"2025-08-27T08:33:27","date_gmt":"2025-08-27T09:33:27","guid":{"rendered":"https:\/\/www.psychedelicare.eu\/storia-e-diritto\/"},"modified":"2025-09-19T19:29:46","modified_gmt":"2025-09-19T20:29:46","slug":"storia-e-diritto","status":"publish","type":"page","link":"https:\/\/2025.psychedelicare.eu\/it\/storia-e-diritto\/","title":{"rendered":"Storia e diritto"},"content":{"rendered":"\t\t<div data-elementor-type=\"wp-page\" data-elementor-id=\"10287\" class=\"elementor elementor-10287 elementor-9253\" data-elementor-post-type=\"page\">\n\t\t\t\t<div class=\"elementor-element elementor-element-1553548a e-flex e-con-boxed e-con e-parent\" data-id=\"1553548a\" data-element_type=\"container\">\n\t\t\t\t\t<div class=\"e-con-inner\">\n\t\t\t\t<div class=\"elementor-element elementor-element-4d4cbcf5 elementor-widget elementor-widget-heading\" data-id=\"4d4cbcf5\" data-element_type=\"widget\" data-widget_type=\"heading.default\">\n\t\t\t\t<div class=\"elementor-widget-container\">\n\t\t\t\t\t<h2 class=\"elementor-heading-title elementor-size-default\">STORIA E DIRITTO<\/h2>\t\t\t\t<\/div>\n\t\t\t\t<\/div>\n\t\t\t\t\t<\/div>\n\t\t\t\t<\/div>\n\t\t<div class=\"elementor-element elementor-element-a018e89 e-flex e-con-boxed e-con e-parent\" data-id=\"a018e89\" data-element_type=\"container\" id=\"legal\" data-settings=\"{&quot;background_background&quot;:&quot;classic&quot;}\">\n\t\t\t\t\t<div class=\"e-con-inner\">\n\t\t<div class=\"elementor-element elementor-element-e69fb58 e-con-full e-flex e-con e-child\" data-id=\"e69fb58\" data-element_type=\"container\">\n\t\t\t\t<div class=\"elementor-element elementor-element-ae5ee47 elementor-widget elementor-widget-heading\" data-id=\"ae5ee47\" data-element_type=\"widget\" data-widget_type=\"heading.default\">\n\t\t\t\t<div class=\"elementor-widget-container\">\n\t\t\t\t\t<h3 class=\"elementor-heading-title elementor-size-default\">Stato legale e sostanze psichedeliche<\/h3>\t\t\t\t<\/div>\n\t\t\t\t<\/div>\n\t\t\t\t<div class=\"elementor-element elementor-element-c24cfc0 elementor-widget elementor-widget-text-editor\" data-id=\"c24cfc0\" data-element_type=\"widget\" data-widget_type=\"text-editor.default\">\n\t\t\t\t<div class=\"elementor-widget-container\">\n\t\t\t\t\t\t\t\t\t<p class=\"has-medium-font-size\">Dopo il divieto di praticare attivit\u00e0 non autorizzate con psichedelici definiti &#8220;droghe controllate&#8221; negli anni &#8217;70-&#8217;80, la ricerca sui rischi e i benefici percepiti dall&#8217;uso di sostanze psichedeliche come l&#8217;LSD, la psilocibina e l&#8217;MDMA (comunemente nota come &#8220;ecstasy&#8221;) \u00e8 stata a dir poco ardua.<\/p><p class=\"has-medium-font-size\">Tuttavia, negli ultimi decenni si \u00e8 assistito alla rinascita della ricerca sull&#8217;applicazione terapeutica di questi farmaci. Il processo \u00e8 stato lento, ma resistente, e ha incoraggiato una certa liberalizzazione delle leggi sulle droghe in alcune giurisdizioni, portando alla depenalizzazione del possesso di molte droghe e, in alcuni casi, a una pi\u00f9 ampia legalizzazione di alcune attivit\u00e0 che in precedenza costituivano reati. <\/p>\t\t\t\t\t\t\t\t<\/div>\n\t\t\t\t<\/div>\n\t\t\t\t<\/div>\n\t\t<div class=\"elementor-element elementor-element-8e49099 e-con-full e-flex e-con e-child\" data-id=\"8e49099\" data-element_type=\"container\">\n\t\t\t\t<div class=\"elementor-element elementor-element-81f674b elementor-widget elementor-widget-text-editor\" data-id=\"81f674b\" data-element_type=\"widget\" data-widget_type=\"text-editor.default\">\n\t\t\t\t<div class=\"elementor-widget-container\">\n\t\t\t\t\t\t\t\t\t<p>Questo cambiamento \u00e8 stato definito il Rinascimento Psichedelico. Numerosi studi di ricerca e sperimentazioni cliniche hanno fornito prove a sostegno dell&#8217;uso degli psichedelici quando vengono somministrati insieme alla psicoterapia. Ad esempio, lo Spravato o Esketamina, che \u00e8 un derivato dello psichedelico\/anestetico ketamina, \u00e8 stato approvato nel 2019 dalla FDA (USA) per il trattamento della depressione e dovrebbe essere somministrato in combinazione con la psicoterapia, altri antidepressivi o entrambi. Molti autorevoli ricercatori e clinici riconoscono gli psichedelici come promettenti strumenti terapeutici per i disturbi mentali, tra cui la depressione, il PTSD e i disturbi da uso di sostanze come l&#8217;alcolismo.   <\/p><p>La strada per la legalizzazione della terapia assistita da psichedelici \u00e8 ancora lunga e non mancano gli ostacoli. Tuttavia, nonostante i numerosi ostacoli, il rinascimento psichedelico sta fiorendo e nel farlo sta aiutando ad alleviare il dolore e la sofferenza delle persone in tutto il mondo.  Raccomandiamo vivamente di adottare un discorso incentrato sulla persona quando si discute di tali restrizioni: utilizzando un linguaggio giuridicamente coerente e incentrato sull&#8217;uomo, possiamo aprire un varco in uno spazio normativo in cui la ricerca e le cure mediche possano prosperare.<\/p>\t\t\t\t\t\t\t\t<\/div>\n\t\t\t\t<\/div>\n\t\t\t\t<div class=\"elementor-element elementor-element-75b61ff elementor-widget elementor-widget-eael-adv-accordion\" data-id=\"75b61ff\" data-element_type=\"widget\" data-widget_type=\"eael-adv-accordion.default\">\n\t\t\t\t<div class=\"elementor-widget-container\">\n\t\t\t\t\t        <div class=\"eael-adv-accordion\" id=\"eael-adv-accordion-75b61ff\" data-scroll-on-click=\"\" data-scroll-speed=\"300\" data-accordion-id=\"75b61ff\" data-accordion-type=\"toggle\" 300>\n    <div class=\"eael-accordion-list\">\n                <div id=\"leggi-tutto\" class=\"elementor-tab-title eael-accordion-header\" tabindex=\"0\" data-tab=\"1\" aria-controls=\"elementor-tab-content-1231\"><span class=\"eael-advanced-accordion-icon-closed\"><\/span><span class=\"eael-advanced-accordion-icon-opened\"><\/span><span class=\"eael-accordion-tab-title\">LEGGI TUTTO<\/span><svg aria-hidden=\"true\" class=\"fa-toggle e-font-icon-svg e-fas-plus\" viewBox=\"0 0 448 512\" xmlns=\"http:\/\/www.w3.org\/2000\/svg\"><path d=\"M416 208H272V64c0-17.67-14.33-32-32-32h-32c-17.67 0-32 14.33-32 32v144H32c-17.67 0-32 14.33-32 32v32c0 17.67 14.33 32 32 32h144v144c0 17.67 14.33 32 32 32h32c17.67 0 32-14.33 32-32V304h144c17.67 0 32-14.33 32-32v-32c0-17.67-14.33-32-32-32z\"><\/path><\/svg><\/div><div id=\"elementor-tab-content-1231\" class=\"eael-accordion-content clearfix\" data-tab=\"1\" aria-labelledby=\"leggi-tutto\"><h3 class=\"wp-block-heading\"><strong>Unione Europea e Regno Unito<\/strong><\/h3>\n<p>Nonostante le numerose istituzioni accademiche, aziende e organizzazioni che hanno dimostrato l&#8217;efficacia della terapia assistita da psichedelici per il trattamento dei disturbi mentali, queste sostanze rimangono classificate come sostanze di serie I, senza un uso medico attualmente accettato e con un alto potenziale di abuso. La legislazione nazionale prevede spesso possibili disposizioni normative, ma in genere non vengono applicate a causa della volont\u00e0 di mantenere un&#8217;idea di &#8220;illegalit\u00e0&#8221; della sostanza (piuttosto che un modello normativo proporzionato basato sui risultati). <\/p>\n<p>Tuttavia, ci sono alcune eccezioni. A partire dal luglio 2025, la Germania \u00e8 diventata il primo Stato membro dell&#8217;UE a consentire l&#8217;accesso legale alla psilocibina nell&#8217;ambito di un programma limitato di uso compassionevole. Una recente decisione del parlamento ceco va oltre: A partire dal gennaio 2026, quando entrer\u00e0 in vigore la nuova legislazione, la psilocibina sar\u00e0 trattata in modo simile alla cannabis medica. Nei Paesi Bassi, i tartufi di psilocibina (la parte del sottosuolo di un fungo) sono venduti e posseduti legalmente. Sebbene i tartufi di psilocibina siano ora legalmente disponibili, quando vengono utilizzati a scopo terapeutico o nel contesto di un ritiro, le indicazioni mediche relative al trattamento di condizioni di salute rimangono illegali. Inoltre, in Spagna e Portogallo sono stati depenalizzati i reati di basso livello legati alle droghe. L&#8217;uso terapeutico di alcuni psichedelici \u00e8 stato depenalizzato anche in Svizzera e l&#8217;uso medico di alcuni psichedelici \u00e8 approvato nel contesto della psicoterapia da un numero limitato di medici certificati.      <\/p>\n<h3 class=\"wp-block-heading\"><strong>Stati Uniti<\/strong><\/h3>\n<p>Gli psichedelici rimangono classificati come sostanze di serie I, ad eccezione di alcuni Stati, tra cui Oregon, Colorado e Washington DC, che hanno depenalizzato il possesso di psichedelici, ma non hanno legalizzato tutte le attivit\u00e0 con tali sostanze. La depenalizzazione (delle attivit\u00e0 con le droghe), a differenza della legalizzazione (delle attivit\u00e0 con le droghe), consente solo il possesso e l&#8217;uso personale di piccole quantit\u00e0 di sostanze e prevede un requisito minimo di et\u00e0. Tuttavia, gli studi clinici che utilizzano la psicoterapia assistita da MDMA per il PTSD sono stati molto promettenti, tanto che nel 2017 la FDA ha designato la psicoterapia assistita da MDMA come &#8220;terapia innovativa&#8221;. Nel dicembre del 2023 \u00e8 stata presentata alla FDA una richiesta di autorizzazione per l&#8217;uso di MDMA, ma <a href=\"https:\/\/www.nature.com\/articles\/d41586-024-01622-3\" target=\"_blank\" rel=\"noreferrer noopener\">purtroppo \u00e8 stata respinta<\/a>.   <\/p>\n<h3 class=\"wp-block-heading\"><strong>Canada<\/strong><\/h3>\n<p>Sebbene gli psichedelici siano ancora classificati a livello federale come &#8220;droghe controllate&#8221;, un programma di accesso speciale consente ai medici di somministrarli in alcuni casi di emergenza, mentre l&#8217;uso e il possesso personale della sostanza psichedelica 5-MeO-DMT sono consentiti. Nel 2023, la provincia canadese di Alberta \u00e8 stata la prima a regolamentare l&#8217;accesso alla terapia psichedelica assistita per il trattamento delle condizioni di salute mentale, ma solo per alcune istituzioni accreditate. Anche nella Columbia Britannica c&#8217;\u00e8 stata una liberalizzazione molto pi\u00f9 ampia.  <\/p>\n<h3 class=\"wp-block-heading\"><strong>Australia<\/strong><\/h3>\n<p>Alcuni psichedelici possono essere utilizzati a livello medico in associazione alla terapia su prescrizione di psichiatri autorizzati, tra cui l&#8217;MDMA per i soggetti affetti da disturbo post-traumatico da stress (PTSD) e la psilocibina (contenuta in forma naturale nei &#8220;funghi magici&#8221;) per i soggetti affetti da depressione resistente al trattamento. Nel caso di disturbi da dipendenza, gli psichiatri possono prescrivere l&#8217;ibogaina, una sostanza psicoattiva contenuta in un arbusto dell&#8217;Africa occidentale&#8221;. <\/p>\n<\/div>\n                <\/div><\/div>\t\t\t\t<\/div>\n\t\t\t\t<\/div>\n\t\t\t\t<\/div>\n\t\t\t\t\t<\/div>\n\t\t\t\t<\/div>\n\t\t<div class=\"elementor-element elementor-element-45c49a8 e-flex e-con-boxed e-con e-parent\" data-id=\"45c49a8\" data-element_type=\"container\" id=\"history\" data-settings=\"{&quot;background_background&quot;:&quot;classic&quot;}\">\n\t\t\t\t\t<div class=\"e-con-inner\">\n\t\t<div class=\"elementor-element elementor-element-9da00e5 e-con-full e-flex e-con e-child\" data-id=\"9da00e5\" data-element_type=\"container\">\n\t\t\t\t<div class=\"elementor-element elementor-element-c3e18a3 elementor-widget elementor-widget-heading\" data-id=\"c3e18a3\" data-element_type=\"widget\" data-widget_type=\"heading.default\">\n\t\t\t\t<div class=\"elementor-widget-container\">\n\t\t\t\t\t<h3 class=\"elementor-heading-title elementor-size-default\">Storia dell'uso delle piante psichedeliche in Europa<\/h3>\t\t\t\t<\/div>\n\t\t\t\t<\/div>\n\t\t\t\t<div class=\"elementor-element elementor-element-417b723 elementor-widget-mobile__width-inherit elementor-widget elementor-widget-text-editor\" data-id=\"417b723\" data-element_type=\"widget\" data-widget_type=\"text-editor.default\">\n\t\t\t\t<div class=\"elementor-widget-container\">\n\t\t\t\t\t\t\t\t\t<p class=\"has-medium-font-size\">Diversi studi classici di etnobotanica indagano sull&#8217;uso di funghi, cactus e piante presenti in America centrale e meridionale e hanno contribuito notevolmente alla comprensione dei rituali sciamanici e delle tecniche utilizzate per far manifestare il &#8220;dio&#8221; o l'&#8221;anima&#8221;. Mentre l&#8217;uso degli entheogeni in Nord, Centro e Sud America \u00e8 profondamente documentato e studiato, si sa meno del continente europeo. <\/p><p class=\"has-medium-font-size\">Sappiamo che gli antichi greci utilizzavano la cannabis e i funghi psichedelici, ma si sa molto poco sui composti utilizzati negli antichi rituali greci. Wasson et al. (1978), riferendo dei &#8220;Misteri Eleusini&#8221;, hanno proposto che non un singolo ingrediente, ma piuttosto una miscela di composti psicoattivi, fosse la chiave dell&#8217;intruglio inebriante, della cui composizione non siamo sicuri (probabilmente si trattava di una miscela di cannabis, resina di P. Somniferum, o &#8220;oppio&#8221;, e una sorta di inibitore enzimatico come l&#8217;Harmaline estratta dal Peganum Harmala). <\/p><p class=\"has-medium-font-size\">Il filosofo greco Platone \u00e8 noto per aver partecipato ai Misteri Eleusini, citandoli nel suo famoso dialogo sull&#8217;immortalit\u00e0 dell&#8217;anima, il <em>Fedone<\/em>. Cos\u00ec come molti altri pensatori e filosofi del mondo antico. <\/p><p class=\"has-medium-font-size\"><a href=\"https:\/\/psychedelicmagazine.net\/insight\/history-of-psychedelic-use\/\">Leggi di pi\u00f9 sulla storia dell&#8217;uso degli psichedelici.<\/a><\/p>\t\t\t\t\t\t\t\t<\/div>\n\t\t\t\t<\/div>\n\t\t\t\t<\/div>\n\t\t<div class=\"elementor-element elementor-element-596d29b e-con-full e-flex e-con e-child\" data-id=\"596d29b\" data-element_type=\"container\">\n\t\t\t\t<div class=\"elementor-element elementor-element-86a2656 elementor-widget elementor-widget-image\" data-id=\"86a2656\" data-element_type=\"widget\" data-widget_type=\"image.default\">\n\t\t\t\t<div class=\"elementor-widget-container\">\n\t\t\t\t\t\t\t\t\t\t\t\t\t\t\t<img fetchpriority=\"high\" decoding=\"async\" width=\"2185\" height=\"2560\" src=\"https:\/\/2025.psychedelicare.eu\/wp-content\/uploads\/2024\/09\/druido-ammaccato-con-manici-scaled.jpg\" class=\"attachment-full size-full wp-image-16470\" alt=\"\" srcset=\"https:\/\/2025.psychedelicare.eu\/wp-content\/uploads\/2024\/09\/druido-ammaccato-con-manici-scaled.jpg 2185w, https:\/\/2025.psychedelicare.eu\/wp-content\/uploads\/2024\/09\/druido-ammaccato-con-manici-256x300.jpg 256w, https:\/\/2025.psychedelicare.eu\/wp-content\/uploads\/2024\/09\/druido-ammaccato-con-manici-874x1024.jpg 874w, https:\/\/2025.psychedelicare.eu\/wp-content\/uploads\/2024\/09\/druido-ammaccato-con-manici-768x900.jpg 768w, https:\/\/2025.psychedelicare.eu\/wp-content\/uploads\/2024\/09\/druido-ammaccato-con-manici-1311x1536.jpg 1311w, https:\/\/2025.psychedelicare.eu\/wp-content\/uploads\/2024\/09\/druido-ammaccato-con-manici-1748x2048.jpg 1748w\" sizes=\"(max-width: 2185px) 100vw, 2185px\" \/>\t\t\t\t\t\t\t\t\t\t\t\t\t\t\t<\/div>\n\t\t\t\t<\/div>\n\t\t\t\t<\/div>\n\t\t\t\t\t<\/div>\n\t\t\t\t<\/div>\n\t\t<div class=\"elementor-element elementor-element-a14aed0 e-flex e-con-boxed e-con e-parent\" data-id=\"a14aed0\" data-element_type=\"container\" id=\"organisations\" data-settings=\"{&quot;background_background&quot;:&quot;classic&quot;}\">\n\t\t\t\t\t<div class=\"e-con-inner\">\n\t\t\t\t<div class=\"elementor-element elementor-element-ca3021e elementor-widget elementor-widget-heading\" data-id=\"ca3021e\" data-element_type=\"widget\" data-widget_type=\"heading.default\">\n\t\t\t\t<div class=\"elementor-widget-container\">\n\t\t\t\t\t<h2 class=\"elementor-heading-title elementor-size-default\">Organizzazioni, comunit\u00e0, iniziative<\/h2>\t\t\t\t<\/div>\n\t\t\t\t<\/div>\n\t\t\t\t<div class=\"elementor-element elementor-element-befb48c elementor-widget elementor-widget-text-editor\" data-id=\"befb48c\" data-element_type=\"widget\" data-widget_type=\"text-editor.default\">\n\t\t\t\t<div class=\"elementor-widget-container\">\n\t\t\t\t\t\t\t\t\t<p class=\"has-medium-font-size\">Ecco un elenco non esaustivo di organizzazioni, aziende e comunit\u00e0 di tutto il mondo che si occupano della conoscenza e dell&#8217;educazione del pubblico sulle sostanze psichedeliche. Scopri anche i nostri <a href=\"https:\/\/2025.psychedelicare.eu\/partners\/\">partner<\/a>! <\/p><div class=\"wp-block-uagb-advanced-heading uagb-block-f8122fca\"><h3 class=\"uagb-heading-text\">Universit\u00e0 e istituti di ricerca sugli psichedelici<\/h3><\/div><p class=\"has-medium-font-size\"><a href=\"https:\/\/www.iceers.org\/research\/\" target=\"_blank\" rel=\"noreferrer noopener\">GHIACCIOLI<\/a><br><a href=\"https:\/\/www.heffter.org\/study-publications\/\" target=\"_blank\" rel=\"noreferrer noopener\">Istituto di ricerca Heffter<\/a><br><a href=\"https:\/\/hopkinspsychedelic.org\/\" target=\"_blank\" rel=\"noreferrer noopener\">Centro Johns Hopkins per la ricerca sugli psichedelici e la coscienza<\/a><br><a href=\"https:\/\/www.usonainstitute.org\/\" target=\"_blank\" rel=\"noreferrer noopener\">Istituto Usona<\/a><br><a href=\"https:\/\/www.imperial.ac.uk\/psychedelic-research-centre\/research\/publications\/\" target=\"_blank\" rel=\"noreferrer noopener\">Imperial College di Londra, Centro per la Ricerca Psichedelica<\/a><br><a href=\"https:\/\/medicine.yale.edu\/psychiatry\/education\/residency\/interest\/psychedelic_science_group\/\" target=\"_blank\" rel=\"noreferrer noopener\">Gruppo di Scienza Psichedelica di Yale<\/a><br><a href=\"https:\/\/psychedelics.berkeley.edu\/\" target=\"_blank\" rel=\"noreferrer noopener\">Centro della UC Berkeley per la scienza degli psichedelici<\/a><br><a href=\"https:\/\/med.nyu.edu\/departments-institutes\/psychiatry\/research\/center-psychedelic-medicine\" target=\"_blank\" rel=\"noreferrer noopener\">Centro di Medicina Psichedelica della NYU Langone<\/a><br><a href=\"https:\/\/www.columbiapsychiatry.org\/news\/topics\/mental-health\/psychedelics\" target=\"_blank\" rel=\"noreferrer noopener\">Dipartimento di Psichiatria della Columbia University<\/a><\/p><div class=\"wp-block-uagb-advanced-heading uagb-block-ae6585af\"><h3 class=\"uagb-heading-text\">Organizzazioni che si occupano di educazione e di difesa delle sostanze<\/h3><\/div><p class=\"has-medium-font-size\"><a href=\"https:\/\/www.erowid.org\/splash.php\" target=\"_blank\" rel=\"noreferrer noopener\">Erowid<\/a><br><a href=\"https:\/\/open-foundation.org\/\" target=\"_blank\" rel=\"noreferrer noopener\">Open Foundation<\/a><br><a href=\"https:\/\/www.mind-foundation.org\/\" target=\"_blank\" rel=\"noreferrer noopener\">Mind Foundation<\/a><br><a href=\"https:\/\/www.psychedelicsociety.org.au\/\" target=\"_blank\" rel=\"noreferrer noopener\">Australian Psychedelic Society<\/a><br><a href=\"https:\/\/www.drugscience.org.uk\/\" target=\"_blank\" rel=\"noreferrer noopener\">Drug Science<\/a><br><a href=\"https:\/\/blossomanalysis.com\/\" target=\"_blank\" rel=\"noreferrer noopener\">Blossom Database on Psychedelic Research<\/a><br><a href=\"https:\/\/parea.eu\/\" target=\"_blank\" rel=\"noreferrer noopener\">Psychedelic Access and Research European Alliance (PAREA)<\/a><\/p><div class=\"wp-block-uagb-advanced-heading uagb-block-edec5e3f\"><h3 class=\"uagb-heading-text\">Comunit\u00e0 e iniziative psiconautiche<\/h3><\/div><p class=\"has-medium-font-size\"><a href=\"https:\/\/www.heroicheartsuk.com\/testimonials\" target=\"_blank\" rel=\"noreferrer noopener\">Cuori eroici<\/a><br><a href=\"https:\/\/m.psychonautwiki.org\/wiki\/Main_Page\" target=\"_blank\" rel=\"noreferrer noopener\">Wiki Psychonaut<\/a><br><a href=\"https:\/\/www.bluelight.org\/community\/forums\/\" target=\"_blank\" rel=\"noreferrer noopener\">Comunit\u00e0 Bluelight<\/a><br><a href=\"https:\/\/www.shroomery.org\/\" target=\"_blank\" rel=\"noreferrer noopener\">Shroomery<\/a><br><a href=\"https:\/\/doubleblindmag.com\/\" target=\"_blank\" rel=\"noreferrer noopener\">Rivista Double Blind<\/a><\/p>\t\t\t\t\t\t\t\t<\/div>\n\t\t\t\t<\/div>\n\t\t\t\t\t<\/div>\n\t\t\t\t<\/div>\n\t\t\t\t<\/div>\n\t\t","protected":false},"excerpt":{"rendered":"<p>STORIA E DIRITTO Stato legale e sostanze psichedeliche Dopo il divieto di praticare attivit\u00e0 non autorizzate con psichedelici definiti &#8220;droghe controllate&#8221; negli anni &#8217;70-&#8217;80, la ricerca sui rischi e i benefici percepiti dall&#8217;uso di sostanze psichedeliche come l&#8217;LSD, la psilocibina e l&#8217;MDMA (comunemente nota come &#8220;ecstasy&#8221;) \u00e8 stata a dir poco ardua. Tuttavia, negli ultimi [&hellip;]<\/p>\n","protected":false},"author":8,"featured_media":0,"parent":0,"menu_order":0,"comment_status":"closed","ping_status":"closed","template":"","meta":{"footnotes":""},"class_list":["post-10287","page","type-page","status-publish","hentry"],"_links":{"self":[{"href":"https:\/\/2025.psychedelicare.eu\/it\/wp-json\/wp\/v2\/pages\/10287","targetHints":{"allow":["GET"]}}],"collection":[{"href":"https:\/\/2025.psychedelicare.eu\/it\/wp-json\/wp\/v2\/pages"}],"about":[{"href":"https:\/\/2025.psychedelicare.eu\/it\/wp-json\/wp\/v2\/types\/page"}],"author":[{"embeddable":true,"href":"https:\/\/2025.psychedelicare.eu\/it\/wp-json\/wp\/v2\/users\/8"}],"replies":[{"embeddable":true,"href":"https:\/\/2025.psychedelicare.eu\/it\/wp-json\/wp\/v2\/comments?post=10287"}],"version-history":[{"count":2,"href":"https:\/\/2025.psychedelicare.eu\/it\/wp-json\/wp\/v2\/pages\/10287\/revisions"}],"predecessor-version":[{"id":10301,"href":"https:\/\/2025.psychedelicare.eu\/it\/wp-json\/wp\/v2\/pages\/10287\/revisions\/10301"}],"wp:attachment":[{"href":"https:\/\/2025.psychedelicare.eu\/it\/wp-json\/wp\/v2\/media?parent=10287"}],"curies":[{"name":"wp","href":"https:\/\/api.w.org\/{rel}","templated":true}]}}