{"id":11528,"date":"2025-09-24T15:00:22","date_gmt":"2025-09-24T16:00:22","guid":{"rendered":"https:\/\/www.psychedelicare.eu\/donare\/"},"modified":"2025-09-30T13:27:54","modified_gmt":"2025-09-30T14:27:54","slug":"donate","status":"publish","type":"page","link":"https:\/\/2025.psychedelicare.eu\/it\/donate\/","title":{"rendered":"Donare"},"content":{"rendered":"\t\t<div data-elementor-type=\"wp-page\" data-elementor-id=\"11528\" class=\"elementor elementor-11528 elementor-11509\" data-elementor-post-type=\"page\">\n\t\t\t\t<div class=\"elementor-element elementor-element-ee3c2ee e-flex e-con-boxed e-con e-parent\" data-id=\"ee3c2ee\" data-element_type=\"container\">\n\t\t\t\t\t<div class=\"e-con-inner\">\n\t\t<div class=\"elementor-element elementor-element-a0ef854 e-con-full e-flex e-con e-child\" data-id=\"a0ef854\" data-element_type=\"container\">\n\t\t\t\t<div class=\"elementor-element elementor-element-573db51 elementor-widget-mobile__width-initial elementor-widget elementor-widget-heading\" data-id=\"573db51\" data-element_type=\"widget\" data-widget_type=\"heading.default\">\n\t\t\t\t<div class=\"elementor-widget-container\">\n\t\t\t\t\t<h2 class=\"elementor-heading-title elementor-size-default\">DONA ALL'INIZIATIVA<\/h2>\t\t\t\t<\/div>\n\t\t\t\t<\/div>\n\t\t\t\t<div class=\"elementor-element elementor-element-5ad31b1 elementor-widget elementor-widget-heading\" data-id=\"5ad31b1\" data-element_type=\"widget\" data-widget_type=\"heading.default\">\n\t\t\t\t<div class=\"elementor-widget-container\">\n\t\t\t\t\t<h2 class=\"elementor-heading-title elementor-size-default\">Il tuo sostegno \u00e8 importante!<\/h2>\t\t\t\t<\/div>\n\t\t\t\t<\/div>\n\t\t\t\t<div class=\"elementor-element elementor-element-3da318a elementor-widget elementor-widget-text-editor\" data-id=\"3da318a\" data-element_type=\"widget\" data-widget_type=\"text-editor.default\">\n\t\t\t\t<div class=\"elementor-widget-container\">\n\t\t\t\t\t\t\t\t\t<p>Sostieni la nostra iniziativa con una donazione di beneficenza e aiutaci a sensibilizzare l&#8217;opinione pubblica sui benefici della terapia psichedelica assistita, ad affrontare la crisi della salute mentale in Europa e a promuovere un movimento democratico di cittadini.<\/p><p>La tua donazione pu\u00f2 aiutarci principalmente in due modi: per stampare strumenti di comunicazione come volantini e altri materiali per aumentare la consapevolezza dell&#8217;iniziativa e per organizzare eventi e attivit\u00e0 di supporto.  <\/p><p>Per noi, le donazioni tramite addebito diretto SEPA o bonifico bancario SEPA sono pi\u00f9 vantaggiose perch\u00e9 permettono di evitare i processori di pagamento commerciali e le loro commissioni.<\/p>\t\t\t\t\t\t\t\t<\/div>\n\t\t\t\t<\/div>\n\t\t\t\t<\/div>\n\t\t\t\t\t<\/div>\n\t\t\t\t<\/div>\n\t\t<div class=\"elementor-element elementor-element-f253128 e-flex e-con-boxed e-con e-parent\" data-id=\"f253128\" data-element_type=\"container\">\n\t\t\t\t\t<div class=\"e-con-inner\">\n\t\t\t\t<div class=\"elementor-element elementor-element-5dffdfb elementor-widget elementor-widget-shortcode\" data-id=\"5dffdfb\" data-element_type=\"widget\" data-widget_type=\"shortcode.default\">\n\t\t\t\t<div class=\"elementor-widget-container\">\n\t\t\t\t\t\t\t<div class=\"elementor-shortcode\"><script type=\"text\/javascript\">\n            (function() {\n                var u=\"https:\/\/spenden.twingle.de\/embed\/genericorganisation\/genericproject\/tw66bb695836805\/widget\";\n                var id = '_' + Math.random().toString(36).substr(2, 9);\n                var d=document, g=d.createElement('script'), s=d.getElementsByTagName('script')[0], t=d.createElement('div');\n                t.id = 'twingle-public-embed-' + id;\n                document.currentScript.after(t);\n                g.type='text\/javascript'; g.async=true; g.defer=true; g.src=u+'\/'+id; s.parentNode.insertBefore(g,s);\n            })();\n        <\/script><\/div>\n\t\t\t\t\t\t<\/div>\n\t\t\t\t<\/div>\n\t\t\t\t\t<\/div>\n\t\t\t\t<\/div>\n\t\t<div class=\"elementor-element elementor-element-8bcf504 e-flex e-con-boxed e-con e-parent\" data-id=\"8bcf504\" data-element_type=\"container\">\n\t\t\t\t\t<div class=\"e-con-inner\">\n\t\t\t\t\t<\/div>\n\t\t\t\t<\/div>\n\t\t<div class=\"elementor-element elementor-element-2fe5d7f e-flex e-con-boxed e-con e-parent\" data-id=\"2fe5d7f\" data-element_type=\"container\">\n\t\t\t\t\t<div class=\"e-con-inner\">\n\t\t<div class=\"elementor-element elementor-element-8ca603a e-con-full e-flex e-con e-child\" data-id=\"8ca603a\" data-element_type=\"container\">\n\t\t\t\t<div class=\"elementor-element elementor-element-6414b63 elementor-widget elementor-widget-text-editor\" data-id=\"6414b63\" data-element_type=\"widget\" data-widget_type=\"text-editor.default\">\n\t\t\t\t<div class=\"elementor-widget-container\">\n\t\t\t\t\t\t\t\t\t<p>La tua donazione \u00e8 gestita da PsychedeliCare e.V., un&#8217;associazione no-profit registrata a Potsdam, Germania. PsychedeliCare e.V. \u00e8 riconosciuta dalle autorit\u00e0 fiscali come associazione di beneficenza. Pertanto le donazioni sono deducibili dalle tasse in Germania. La deducibilit\u00e0 delle donazioni in altri paesi dell&#8217;UE dipende dalle normative locali, poich\u00e9 attualmente non esiste una normativa unificata a livello europeo.   <\/p><p><strong>Se questo tema ti appassiona davvero, puoi anche <a href=\"https:\/\/2025.psychedelicare.eu\/it\/join-the-psychedelicare-association\/\">diventare membro di PsychedeliCare e.V.<\/a><\/strong><\/p>\t\t\t\t\t\t\t\t<\/div>\n\t\t\t\t<\/div>\n\t\t\t\t<\/div>\n\t\t\t\t\t<\/div>\n\t\t\t\t<\/div>\n\t\t\t\t<\/div>\n\t\t","protected":false},"excerpt":{"rendered":"<p>DONA ALL&#8217;INIZIATIVA Il tuo sostegno \u00e8 importante! Sostieni la nostra iniziativa con una donazione di beneficenza e aiutaci a sensibilizzare l&#8217;opinione pubblica sui benefici della terapia psichedelica assistita, ad affrontare la crisi della salute mentale in Europa e a promuovere un movimento democratico di cittadini. La tua donazione pu\u00f2 aiutarci principalmente in due modi: per [&hellip;]<\/p>\n","protected":false},"author":1,"featured_media":0,"parent":0,"menu_order":0,"comment_status":"closed","ping_status":"closed","template":"","meta":{"footnotes":""},"class_list":["post-11528","page","type-page","status-publish","hentry"],"_links":{"self":[{"href":"https:\/\/2025.psychedelicare.eu\/it\/wp-json\/wp\/v2\/pages\/11528","targetHints":{"allow":["GET"]}}],"collection":[{"href":"https:\/\/2025.psychedelicare.eu\/it\/wp-json\/wp\/v2\/pages"}],"about":[{"href":"https:\/\/2025.psychedelicare.eu\/it\/wp-json\/wp\/v2\/types\/page"}],"author":[{"embeddable":true,"href":"https:\/\/2025.psychedelicare.eu\/it\/wp-json\/wp\/v2\/users\/1"}],"replies":[{"embeddable":true,"href":"https:\/\/2025.psychedelicare.eu\/it\/wp-json\/wp\/v2\/comments?post=11528"}],"version-history":[{"count":5,"href":"https:\/\/2025.psychedelicare.eu\/it\/wp-json\/wp\/v2\/pages\/11528\/revisions"}],"predecessor-version":[{"id":13264,"href":"https:\/\/2025.psychedelicare.eu\/it\/wp-json\/wp\/v2\/pages\/11528\/revisions\/13264"}],"wp:attachment":[{"href":"https:\/\/2025.psychedelicare.eu\/it\/wp-json\/wp\/v2\/media?parent=11528"}],"curies":[{"name":"wp","href":"https:\/\/api.w.org\/{rel}","templated":true}]}}