{"id":4530,"date":"2023-08-26T06:52:46","date_gmt":"2023-08-26T07:52:46","guid":{"rendered":"https:\/\/www.psychedelicare.eu\/polityka-prywatnosci\/"},"modified":"2025-09-29T06:56:19","modified_gmt":"2025-09-29T07:56:19","slug":"polityka-prywatnosci","status":"publish","type":"page","link":"https:\/\/2025.psychedelicare.eu\/pl\/polityka-prywatnosci\/","title":{"rendered":"Polityka prywatno\u015bci"},"content":{"rendered":"\t\t<div data-elementor-type=\"wp-page\" data-elementor-id=\"4530\" class=\"elementor elementor-4530 elementor-1413\" data-elementor-post-type=\"page\">\n\t\t\t\t<div class=\"elementor-element elementor-element-1da536a9 e-flex e-con-boxed e-con e-parent\" data-id=\"1da536a9\" data-element_type=\"container\">\n\t\t\t\t\t<div class=\"e-con-inner\">\n\t\t\t\t<div class=\"elementor-element elementor-element-4f5ad5a3 elementor-widget elementor-widget-heading\" data-id=\"4f5ad5a3\" data-element_type=\"widget\" data-widget_type=\"heading.default\">\n\t\t\t\t<div class=\"elementor-widget-container\">\n\t\t\t\t\t<h2 class=\"elementor-heading-title elementor-size-default\">POLITYKA PRYWATNO\u015aCI<\/h2>\t\t\t\t<\/div>\n\t\t\t\t<\/div>\n\t\t\t\t\t<\/div>\n\t\t\t\t<\/div>\n\t\t<div class=\"elementor-element elementor-element-052287f e-flex e-con-boxed e-con e-parent\" data-id=\"052287f\" data-element_type=\"container\">\n\t\t\t\t\t<div class=\"e-con-inner\">\n\t\t\t\t<div class=\"elementor-element elementor-element-fb64b53 elementor-widget elementor-widget-text-editor\" data-id=\"fb64b53\" data-element_type=\"widget\" data-widget_type=\"text-editor.default\">\n\t\t\t\t<div class=\"elementor-widget-container\">\n\t\t\t\t\t\t\t\t\t<div><div><h3>Wprowadzenie<\/h3><\/div><p>Niniejsza Polityka prywatno\u015bci wyja\u015bnia, w jaki spos\u00f3b psychedelicare.eu gromadzi, wykorzystuje i chroni dane osobowe przekazywane nam za po\u015brednictwem naszego formularza kontaktowego. Dok\u0142adamy wszelkich stara\u0144, aby chroni\u0107 Twoj\u0105 prywatno\u015b\u0107 i przestrzega\u0107 obowi\u0105zuj\u0105cych przepis\u00f3w o ochronie danych, w tym og\u00f3lnego rozporz\u0105dzenia o ochronie danych (RODO). <\/p><\/div><div><div><h3>Jak wykorzystujemy dane osobowe u\u017cytkownik\u00f3w<\/h3><\/div><p>Wykorzystujemy dane osobowe podane przez u\u017cytkownika za po\u015brednictwem formularza kontaktowego w celu skontaktowania si\u0119 z u\u017cytkownikiem i udzielenia odpowiedzi na jego zapytanie lub pytanie. Nie wykorzystujemy ich do cel\u00f3w komercyjnych ani innych dzia\u0142a\u0144 marketingowych bez wyra\u017anej zgody u\u017cytkownika. <\/p><h3>Zgoda<\/h3><\/div><div><p>Korzystaj\u0105c z naszego formularza kontaktowego i podaj\u0105c swoje dane osobowe, u\u017cytkownik wyra\u017ca zgod\u0119 na wykorzystywanie ich przez nas do cel\u00f3w okre\u015blonych w niniejszej Polityce prywatno\u015bci.<\/p><\/div><div><div><h3>Udost\u0119pnianie danych osobowych<\/h3><\/div><p>Nie udost\u0119pniamy danych osobowych u\u017cytkownika stronom trzecim, chyba \u017ce jest to konieczne do udzielenia odpowiedzi na \u017c\u0105danie u\u017cytkownika lub je\u015bli jeste\u015bmy do tego prawnie zobowi\u0105zani.<\/p><\/div><div><div><h3>Bezpiecze\u0144stwo danych<\/h3><\/div><p>Podejmujemy uzasadnione \u015brodki w celu ochrony danych osobowych u\u017cytkownika przed nieuprawnionym wykorzystaniem, utrat\u0105, dost\u0119pem, ujawnieniem, zmian\u0105 lub zniszczeniem. Nale\u017cy jednak pami\u0119ta\u0107, \u017ce bezpiecze\u0144stwo informacji przesy\u0142anych przez Internet nie mo\u017ce by\u0107 zagwarantowane w 100%. <\/p><\/div><div><div><h3>Prawa u\u017cytkownika<\/h3><\/div><p>Zgodnie z RODO u\u017cytkownik ma prawo dost\u0119pu do swoich danych osobowych, ich sprostowania, usuni\u0119cia lub wniesienia sprzeciwu wobec ich przetwarzania. Je\u015bli chcesz skorzysta\u0107 z kt\u00f3regokolwiek z tych praw, skontaktuj si\u0119 z nami pod adresem info@psychedelicare.eu. Odpowiemy na Twoj\u0105 pro\u015bb\u0119 w terminie wymaganym przez prawo.  <\/p><\/div><div><div><h3>Zmiany w Polityce prywatno\u015bci<\/h3><\/div><p>Zastrzegamy sobie prawo do aktualizacji niniejszej Polityki prywatno\u015bci w dowolnym momencie. Zmiany b\u0119d\u0105 publikowane na tej stronie, a data ostatniej aktualizacji b\u0119dzie wskazana na g\u00f3rze tej strony. <\/p><\/div><div><div><h3>Kontakt<\/h3><\/div><p>W przypadku jakichkolwiek pyta\u0144 lub w\u0105tpliwo\u015bci dotycz\u0105cych naszej Polityki prywatno\u015bci, prosimy o kontakt pod nast\u0119puj\u0105cym adresem e-mail: info@psychedelicare.eu<\/p><\/div>\t\t\t\t\t\t\t\t<\/div>\n\t\t\t\t<\/div>\n\t\t\t\t\t<\/div>\n\t\t\t\t<\/div>\n\t\t\t\t<\/div>\n\t\t","protected":false},"excerpt":{"rendered":"<p>POLITYKA PRYWATNO\u015aCI Wprowadzenie Niniejsza Polityka prywatno\u015bci wyja\u015bnia, w jaki spos\u00f3b psychedelicare.eu gromadzi, wykorzystuje i chroni dane osobowe przekazywane nam za po\u015brednictwem naszego formularza kontaktowego. Dok\u0142adamy wszelkich stara\u0144, aby chroni\u0107 Twoj\u0105 prywatno\u015b\u0107 i przestrzega\u0107 obowi\u0105zuj\u0105cych przepis\u00f3w o ochronie danych, w tym og\u00f3lnego rozporz\u0105dzenia o ochronie danych (RODO). Jak wykorzystujemy dane osobowe u\u017cytkownik\u00f3w Wykorzystujemy dane osobowe podane [&hellip;]<\/p>\n","protected":false},"author":4,"featured_media":0,"parent":0,"menu_order":0,"comment_status":"closed","ping_status":"closed","template":"","meta":{"footnotes":""},"class_list":["post-4530","page","type-page","status-publish","hentry"],"_links":{"self":[{"href":"https:\/\/2025.psychedelicare.eu\/pl\/wp-json\/wp\/v2\/pages\/4530","targetHints":{"allow":["GET"]}}],"collection":[{"href":"https:\/\/2025.psychedelicare.eu\/pl\/wp-json\/wp\/v2\/pages"}],"about":[{"href":"https:\/\/2025.psychedelicare.eu\/pl\/wp-json\/wp\/v2\/types\/page"}],"author":[{"embeddable":true,"href":"https:\/\/2025.psychedelicare.eu\/pl\/wp-json\/wp\/v2\/users\/4"}],"replies":[{"embeddable":true,"href":"https:\/\/2025.psychedelicare.eu\/pl\/wp-json\/wp\/v2\/comments?post=4530"}],"version-history":[{"count":4,"href":"https:\/\/2025.psychedelicare.eu\/pl\/wp-json\/wp\/v2\/pages\/4530\/revisions"}],"predecessor-version":[{"id":11879,"href":"https:\/\/2025.psychedelicare.eu\/pl\/wp-json\/wp\/v2\/pages\/4530\/revisions\/11879"}],"wp:attachment":[{"href":"https:\/\/2025.psychedelicare.eu\/pl\/wp-json\/wp\/v2\/media?parent=4530"}],"curies":[{"name":"wp","href":"https:\/\/api.w.org\/{rel}","templated":true}]}}