{"id":10057,"date":"2025-05-15T17:14:40","date_gmt":"2025-05-15T18:14:40","guid":{"rendered":"https:\/\/www.psychedelicare.eu\/meios-de-comunicacao-social\/"},"modified":"2025-10-03T18:23:04","modified_gmt":"2025-10-03T19:23:04","slug":"meios-de-comunicacao-social","status":"publish","type":"page","link":"https:\/\/2025.psychedelicare.eu\/pt-pt\/meios-de-comunicacao-social\/","title":{"rendered":"Meios de comunica\u00e7\u00e3o social"},"content":{"rendered":"\t\t<div data-elementor-type=\"wp-page\" data-elementor-id=\"10057\" class=\"elementor elementor-10057 elementor-7070\" data-elementor-post-type=\"page\">\n\t\t\t\t<div class=\"elementor-element elementor-element-e59cf30 e-flex e-con-boxed e-con e-parent\" data-id=\"e59cf30\" data-element_type=\"container\">\n\t\t\t\t\t<div class=\"e-con-inner\">\n\t\t\t\t<div class=\"elementor-element elementor-element-43f59f6 elementor-widget elementor-widget-heading\" data-id=\"43f59f6\" data-element_type=\"widget\" data-widget_type=\"heading.default\">\n\t\t\t\t<div class=\"elementor-widget-container\">\n\t\t\t\t\t<h2 class=\"elementor-heading-title elementor-size-default\">MEDIA<\/h2>\t\t\t\t<\/div>\n\t\t\t\t<\/div>\n\t\t\t\t\t<\/div>\n\t\t\t\t<\/div>\n\t\t<div class=\"elementor-element elementor-element-ed5fe67 e-flex e-con-boxed e-con e-parent\" data-id=\"ed5fe67\" data-element_type=\"container\">\n\t\t\t\t\t<div class=\"e-con-inner\">\n\t\t\t\t<div class=\"elementor-element elementor-element-2173d14 elementor-widget elementor-widget-text-editor\" data-id=\"2173d14\" data-element_type=\"widget\" data-widget_type=\"text-editor.default\">\n\t\t\t\t<div class=\"elementor-widget-container\">\n\t\t\t\t\t\t\t\t\t<div class=\"wp-block-uagb-container uagb-block-6a1ba7b0\"><div class=\"wp-block-uagb-advanced-heading uagb-block-e71bc163\"><h3 class=\"uagb-heading-text\">Contactos<\/h3><\/div><p class=\"has-medium-font-size\"><strong>INQU\u00c9RITOS EUROPEUS E RELACIONADOS COM A CI\u00caNCIA<\/strong><br><a href=\"mailto:press@psychedelicare.eu\">press@psychedelicare.eu<\/a><\/p><p class=\"has-medium-font-size\"><strong>INQU\u00c9RITOS NACIONAIS<\/strong><br>Contacta a respectiva <a href=\"https:\/\/2025.psychedelicare.eu\/pt-pt\/about-us\/#national-teams\">equipa nacional<\/a>.<\/p><\/div><div class=\"wp-block-uagb-container uagb-block-253d4f51\"><div class=\"wp-block-uagb-advanced-heading uagb-block-c0406deb\"><h3 class=\"uagb-heading-text\">Kit de imprensa<\/h3><\/div><p class=\"has-medium-font-size\">Descarrega <strong>\n  <a href=\"https:\/\/2025.psychedelicare.eu\/wp-content\/uploads\/2025\/01\/Press-kit.zip\">o nosso kit de imprensa<\/a>\n<\/strong>, contendo:<\/p><p class=\"has-medium-font-size\">- Uma p\u00e1gina com um resumo da nossa iniciativa;<\/p><p class=\"has-medium-font-size\">- O nosso log\u00f3tipo e orienta\u00e7\u00f5es visuais;<\/p><p class=\"has-medium-font-size\">- Imagens e ilustra\u00e7\u00f5es.<\/p><\/div><div class=\"wp-block-uagb-container uagb-block-cd35ce69\"><div class=\"wp-block-uagb-advanced-heading uagb-block-ec224799\"><h3 class=\"uagb-heading-text\">Mais informa\u00e7\u00f5es e not\u00edcias<\/h3><\/div><p class=\"has-medium-font-size\">Descobre mais <a href=\"https:\/\/citizens-initiative.europa.eu\/initiatives\/details\/2024\/000011_en\" target=\"_blank\" rel=\"noreferrer noopener\">sobre a Iniciativa, o seu objetivo e os nossos pedidos \u00e0 Comiss\u00e3o Europeia<\/a>.<\/p><p class=\"has-medium-font-size\">Descobre mais sobre as nossas <a href=\"https:\/\/2025.psychedelicare.eu\/pt-pt\/news\/\">\u00faltimas not\u00edcias<\/a>.<\/p><\/div><div class=\"wp-block-spacer\" style=\"height: 100px;\" aria-hidden=\"true\"> <\/div><p>  re<\/p>\t\t\t\t\t\t\t\t<\/div>\n\t\t\t\t<\/div>\n\t\t\t\t\t<\/div>\n\t\t\t\t<\/div>\n\t\t\t\t<\/div>\n\t\t","protected":false},"excerpt":{"rendered":"<p>MEDIA Contactos INQU\u00c9RITOS EUROPEUS E RELACIONADOS COM A CI\u00caNCIApress@psychedelicare.eu INQU\u00c9RITOS NACIONAISContacta a respectiva equipa nacional. Kit de imprensa Descarrega o nosso kit de imprensa , contendo: - Uma p\u00e1gina com um resumo da nossa iniciativa; - O nosso log\u00f3tipo e orienta\u00e7\u00f5es visuais; - Imagens e ilustra\u00e7\u00f5es. Mais informa\u00e7\u00f5es e not\u00edcias Descobre mais sobre a Iniciativa, [&hellip;]<\/p>\n","protected":false},"author":1,"featured_media":0,"parent":0,"menu_order":0,"comment_status":"closed","ping_status":"closed","template":"","meta":{"footnotes":""},"class_list":["post-10057","page","type-page","status-publish","hentry"],"_links":{"self":[{"href":"https:\/\/2025.psychedelicare.eu\/pt-pt\/wp-json\/wp\/v2\/pages\/10057","targetHints":{"allow":["GET"]}}],"collection":[{"href":"https:\/\/2025.psychedelicare.eu\/pt-pt\/wp-json\/wp\/v2\/pages"}],"about":[{"href":"https:\/\/2025.psychedelicare.eu\/pt-pt\/wp-json\/wp\/v2\/types\/page"}],"author":[{"embeddable":true,"href":"https:\/\/2025.psychedelicare.eu\/pt-pt\/wp-json\/wp\/v2\/users\/1"}],"replies":[{"embeddable":true,"href":"https:\/\/2025.psychedelicare.eu\/pt-pt\/wp-json\/wp\/v2\/comments?post=10057"}],"version-history":[{"count":7,"href":"https:\/\/2025.psychedelicare.eu\/pt-pt\/wp-json\/wp\/v2\/pages\/10057\/revisions"}],"predecessor-version":[{"id":14260,"href":"https:\/\/2025.psychedelicare.eu\/pt-pt\/wp-json\/wp\/v2\/pages\/10057\/revisions\/14260"}],"wp:attachment":[{"href":"https:\/\/2025.psychedelicare.eu\/pt-pt\/wp-json\/wp\/v2\/media?parent=10057"}],"curies":[{"name":"wp","href":"https:\/\/api.w.org\/{rel}","templated":true}]}}