{"id":10436,"date":"2024-12-13T10:09:21","date_gmt":"2024-12-13T11:09:21","guid":{"rendered":"https:\/\/www.psychedelicare.eu\/motivos\/"},"modified":"2025-09-19T19:31:12","modified_gmt":"2025-09-19T20:31:12","slug":"motivos","status":"publish","type":"page","link":"https:\/\/2025.psychedelicare.eu\/pt-pt\/motivos\/","title":{"rendered":"Motivos"},"content":{"rendered":"\t\t<div data-elementor-type=\"wp-page\" data-elementor-id=\"10436\" class=\"elementor elementor-10436 elementor-5686\" data-elementor-post-type=\"page\">\n\t\t\t\t<div class=\"elementor-element elementor-element-3fede2b e-flex e-con-boxed e-con e-parent\" data-id=\"3fede2b\" data-element_type=\"container\">\n\t\t\t\t\t<div class=\"e-con-inner\">\n\t\t\t\t<div class=\"elementor-element elementor-element-56f7166 elementor-widget elementor-widget-heading\" data-id=\"56f7166\" data-element_type=\"widget\" data-widget_type=\"heading.default\">\n\t\t\t\t<div class=\"elementor-widget-container\">\n\t\t\t\t\t<h2 class=\"elementor-heading-title elementor-size-default\">RAZ\u00d5ES<\/h2>\t\t\t\t<\/div>\n\t\t\t\t<\/div>\n\t\t\t\t\t<\/div>\n\t\t\t\t<\/div>\n\t\t<div class=\"elementor-element elementor-element-da37ce2 e-flex e-con-boxed e-con e-parent\" data-id=\"da37ce2\" data-element_type=\"container\">\n\t\t\t\t\t<div class=\"e-con-inner\">\n\t\t<div class=\"elementor-element elementor-element-279accc e-con-full e-flex e-con e-child\" data-id=\"279accc\" data-element_type=\"container\">\n\t\t\t\t<div class=\"elementor-element elementor-element-0b5c568 elementor-widget elementor-widget-heading\" data-id=\"0b5c568\" data-element_type=\"widget\" data-widget_type=\"heading.default\">\n\t\t\t\t<div class=\"elementor-widget-container\">\n\t\t\t\t\t<h3 class=\"elementor-heading-title elementor-size-default\">H\u00e1 que encarar os factos: estamos perante uma crise de sa\u00fade mental. <\/h3>\t\t\t\t<\/div>\n\t\t\t\t<\/div>\n\t\t\t\t<div class=\"elementor-element elementor-element-0a1f078 elementor-widget elementor-widget-text-editor\" data-id=\"0a1f078\" data-element_type=\"widget\" data-widget_type=\"text-editor.default\">\n\t\t\t\t<div class=\"elementor-widget-container\">\n\t\t\t\t\t\t\t\t\t<p class=\"has-medium-font-size\" style=\"padding: 0px; border: 0px; font-variant-numeric: inherit; font-variant-east-asian: inherit; font-variant-alternates: inherit; font-variant-position: inherit; font-variant-emoji: inherit; font-stretch: inherit; line-height: 30px; font-optical-sizing: inherit; font-size-adjust: inherit; font-kerning: inherit; font-feature-settings: inherit; font-variation-settings: inherit; vertical-align: baseline; color: #212529; font-size: 20px !important; margin: 0px auto !important 1rem auto !important;\">Atualmente, na Uni\u00e3o Europeia, <span style=\"margin: 0px; padding: 0px; border: 0px; font-style: inherit; font-variant: inherit; font-weight: bolder; font-stretch: inherit; font-size: inherit; line-height: inherit; font-family: inherit; font-optical-sizing: inherit; font-size-adjust: inherit; font-kerning: inherit; font-feature-settings: inherit; font-variation-settings: inherit; vertical-align: baseline;\">mais de uma em cada seis pessoas sofre de problemas de sa\u00fade mental<\/span>. Mais do que nunca.<\/p><div class=\"wp-block-group is-layout-constrained wp-block-group-is-layout-constrained\" style=\"padding: 0px; border: 0px; font-variant-numeric: inherit; font-variant-east-asian: inherit; font-variant-alternates: inherit; font-variant-position: inherit; font-variant-emoji: inherit; font-stretch: inherit; font-size: 16px; line-height: inherit; font-optical-sizing: inherit; font-size-adjust: inherit; font-kerning: inherit; font-feature-settings: inherit; font-variation-settings: inherit; vertical-align: baseline; color: #212529; margin: 0px auto !important 0px auto !important;\"><p class=\"has-medium-font-size\" style=\"margin-top: 0px; margin-bottom: 1rem; padding: 0px; border: 0px; font-style: inherit; font-variant: inherit; font-weight: inherit; font-stretch: inherit; line-height: 30px; font-family: inherit; font-optical-sizing: inherit; font-size-adjust: inherit; font-kerning: inherit; font-feature-settings: inherit; font-variation-settings: inherit; vertical-align: baseline; font-size: 20px !important;\">Depress\u00e3o, s\u00edndromes de burnout, dist\u00farbios do stress p\u00f3s-traum\u00e1tico e ins\u00f3nia s\u00e3o apenas alguns dos problemas que afetam milh\u00f5es de pessoas de todas as idades.<\/p><p class=\"has-medium-font-size\" style=\"margin-top: 0px; margin-bottom: 1rem; padding: 0px; border: 0px; font-style: inherit; font-variant: inherit; font-weight: inherit; font-stretch: inherit; line-height: 30px; font-family: inherit; font-optical-sizing: inherit; font-size-adjust: inherit; font-kerning: inherit; font-feature-settings: inherit; font-variation-settings: inherit; vertical-align: baseline; font-size: 20px !important;\">Os problemas de sa\u00fade mental causam sofrimento ao indiv\u00edduo, \u00e0s fam\u00edlias e \u00e0s comunidades, e exercem uma enorme press\u00e3o sobre os sistemas de sa\u00fade, educa\u00e7\u00e3o, economia, trabalho e seguran\u00e7a social dos Estados-Membros da UE.<\/p><p class=\"has-medium-font-size\" style=\"margin-top: 0px; margin-bottom: 1rem; padding: 0px; border: 0px; font-style: inherit; font-variant: inherit; font-weight: inherit; font-stretch: inherit; line-height: 30px; font-family: inherit; font-optical-sizing: inherit; font-size-adjust: inherit; font-kerning: inherit; font-feature-settings: inherit; font-variation-settings: inherit; vertical-align: baseline; font-size: 20px !important;\">O custo estimado \u00e9 de 600 mil milh\u00f5es de euros, mais de 4% do PIB por ano. E isto afeta-nos a todos, direta ou indiretamente. <\/p><\/div>\t\t\t\t\t\t\t\t<\/div>\n\t\t\t\t<\/div>\n\t\t\t\t<\/div>\n\t\t<div class=\"elementor-element elementor-element-b71bd23 e-con-full e-flex e-con e-child\" data-id=\"b71bd23\" data-element_type=\"container\">\n\t\t<div class=\"elementor-element elementor-element-b8c61cb e-con-full e-flex e-con e-child\" data-id=\"b8c61cb\" data-element_type=\"container\" data-settings=\"{&quot;background_background&quot;:&quot;classic&quot;}\">\n\t\t\t\t<div class=\"elementor-element elementor-element-30070e7 elementor-widget elementor-widget-text-editor\" data-id=\"30070e7\" data-element_type=\"widget\" data-widget_type=\"text-editor.default\">\n\t\t\t\t<div class=\"elementor-widget-container\">\n\t\t\t\t\t\t\t\t\t<p><strong>Uma emerg\u00eancia de sa\u00fade mental invis\u00edvel est\u00e1 a varrer a Uni\u00e3o Europeia, como uma pandemia silenciosa.<\/strong><\/p>\t\t\t\t\t\t\t\t<\/div>\n\t\t\t\t<\/div>\n\t\t\t\t<div class=\"elementor-element elementor-element-bdcf62a elementor-widget elementor-widget-text-editor\" data-id=\"bdcf62a\" data-element_type=\"widget\" data-widget_type=\"text-editor.default\">\n\t\t\t\t<div class=\"elementor-widget-container\">\n\t\t\t\t\t\t\t\t\t<p>Stella Kyriakides, Comiss\u00e1ria Europeia para a Sa\u00fade e Seguran\u00e7a Alimentar, 2021<\/p>\t\t\t\t\t\t\t\t<\/div>\n\t\t\t\t<\/div>\n\t\t\t\t<\/div>\n\t\t\t\t<\/div>\n\t\t\t\t\t<\/div>\n\t\t\t\t<\/div>\n\t\t<div class=\"elementor-element elementor-element-5a115a5 e-flex e-con-boxed e-con e-parent\" data-id=\"5a115a5\" data-element_type=\"container\">\n\t\t\t\t\t<div class=\"e-con-inner\">\n\t\t<div class=\"elementor-element elementor-element-253072e e-con-full e-flex e-con e-child\" data-id=\"253072e\" data-element_type=\"container\">\n\t\t\t\t<div class=\"elementor-element elementor-element-12aa70d elementor-widget elementor-widget-heading\" data-id=\"12aa70d\" data-element_type=\"widget\" data-widget_type=\"heading.default\">\n\t\t\t\t<div class=\"elementor-widget-container\">\n\t\t\t\t\t<h3 class=\"elementor-heading-title elementor-size-default\">A farmacologia est\u00e1 a mostrar os seus limites. E os seus problemas. <\/h3>\t\t\t\t<\/div>\n\t\t\t\t<\/div>\n\t\t\t\t<div class=\"elementor-element elementor-element-d3bc01c elementor-widget elementor-widget-text-editor\" data-id=\"d3bc01c\" data-element_type=\"widget\" data-widget_type=\"text-editor.default\">\n\t\t\t\t<div class=\"elementor-widget-container\">\n\t\t\t\t\t\t\t\t\t<p class=\"has-medium-font-size\">Desde o surgimentos dos ISRS (antidepressivos), nas \u00faltimas tr\u00eas d\u00e9cadas, <strong>n\u00e3o se registaram inova\u00e7\u00f5es substanciais no dom\u00ednio da psicofarmacologia<\/strong>.<\/p><div class=\"wp-block-group is-layout-constrained wp-block-group-is-layout-constrained\"><p class=\"has-medium-font-size\">Uma percentagem significativa de doentes n\u00e3o responde aos tratamentos psiqui\u00e1tricos atualmente dispon\u00edveis. <\/p><p class=\"has-medium-font-size\">Muitas doen\u00e7as mentais continuam a ser dif\u00edceis de tratar e as pessoas enfrentam frequentemente efeitos secund\u00e1rios desagrad\u00e1veis, como aumento de peso, ins\u00f3nias, dores de cabe\u00e7a e falta de libido. <\/p><p class=\"has-medium-font-size\">Talvez mais importante seja o facto de alguns destes tratamentos exigirem uma utiliza\u00e7\u00e3o a longo prazo ou vital\u00edcia, tratando os sintomas e n\u00e3o as causas das doen\u00e7as.<\/p><\/div>\t\t\t\t\t\t\t\t<\/div>\n\t\t\t\t<\/div>\n\t\t\t\t<\/div>\n\t\t<div class=\"elementor-element elementor-element-7f15857 e-con-full e-flex e-con e-child\" data-id=\"7f15857\" data-element_type=\"container\">\n\t\t<div class=\"elementor-element elementor-element-19d4516 e-con-full e-flex e-con e-child\" data-id=\"19d4516\" data-element_type=\"container\" data-settings=\"{&quot;background_background&quot;:&quot;gradient&quot;}\">\n\t\t\t\t<div class=\"elementor-element elementor-element-6590660 elementor-widget elementor-widget-text-editor\" data-id=\"6590660\" data-element_type=\"widget\" data-widget_type=\"text-editor.default\">\n\t\t\t\t<div class=\"elementor-widget-container\">\n\t\t\t\t\t\t\t\t\t<p><strong>S\u00e3o-nos, com demasiada frequ\u00eancia, prescritos os mesmos tratamentos antigos. Os tratamentos que o meu pai podia ter recebido h\u00e1 d\u00e9cadas continuam a ser prescritos hoje em dia. Precisamos de descobrir mais sobre o c\u00e9rebro e a ci\u00eancia para acelerar a descoberta de melhores tratamentos.  <\/strong><\/p>\t\t\t\t\t\t\t\t<\/div>\n\t\t\t\t<\/div>\n\t\t\t\t<div class=\"elementor-element elementor-element-210652b elementor-widget elementor-widget-text-editor\" data-id=\"210652b\" data-element_type=\"widget\" data-widget_type=\"text-editor.default\">\n\t\t\t\t<div class=\"elementor-widget-container\">\n\t\t\t\t\t\t\t\t\t<p>Kan Duckworth, Diretor M\u00e9dico, Alian\u00e7a Nacional para as Doen\u00e7as Mentais do Reino Unido<\/p>\t\t\t\t\t\t\t\t<\/div>\n\t\t\t\t<\/div>\n\t\t\t\t<\/div>\n\t\t\t\t<\/div>\n\t\t\t\t\t<\/div>\n\t\t\t\t<\/div>\n\t\t<div class=\"elementor-element elementor-element-b145f7a e-flex e-con-boxed e-con e-parent\" data-id=\"b145f7a\" data-element_type=\"container\">\n\t\t\t\t\t<div class=\"e-con-inner\">\n\t\t<div class=\"elementor-element elementor-element-3ead2ad e-con-full e-flex e-con e-child\" data-id=\"3ead2ad\" data-element_type=\"container\">\n\t\t\t\t<div class=\"elementor-element elementor-element-5f2a19a elementor-widget elementor-widget-heading\" data-id=\"5f2a19a\" data-element_type=\"widget\" data-widget_type=\"heading.default\">\n\t\t\t\t<div class=\"elementor-widget-container\">\n\t\t\t\t\t<h3 class=\"elementor-heading-title elementor-size-default\">A ci\u00eancia mostra novas solu\u00e7\u00f5es antigas que podem ser muito eficazes.<\/h3>\t\t\t\t<\/div>\n\t\t\t\t<\/div>\n\t\t\t\t<div class=\"elementor-element elementor-element-04243cc elementor-widget elementor-widget-text-editor\" data-id=\"04243cc\" data-element_type=\"widget\" data-widget_type=\"text-editor.default\">\n\t\t\t\t<div class=\"elementor-widget-container\">\n\t\t\t\t\t\t\t\t\t<p class=\"has-medium-font-size\">A investiga\u00e7\u00e3o cient\u00edfica em todo o mundo destaca <strong>o potencial terap\u00eautico das subst\u00e2ncias psicad\u00e9licas<\/strong>, frequentemente utilizadas por muitas culturas durante s\u00e9culos no processo de cura tradicional.<\/p><p class=\"has-medium-font-size\">Com a ajuda de um profissional e com o set e setting corretos, <strong>apenas uma ou algumas doses podem aportar benef\u00edcios muito importantes para os pacientes<\/strong>, que muitas vezes se prolongam por um longo per\u00edodo de tempo.<\/p><div class=\"wp-block-group is-layout-constrained wp-block-group-is-layout-constrained\"><p class=\"has-medium-font-size\">Um n\u00famero crescente de descobertas m\u00e9dicas indica a efic\u00e1cia de subst\u00e2ncias psicad\u00e9licas como a psilocibina, DMT, LSD e MDMA como subst\u00e2ncias medicinais, quando administradas num ambiente cl\u00ednico controlado.<\/p><p>As terapias assistidas por psicad\u00e9licas (TAP) podem proporcionar melhorias cl\u00ednicas seguras e robustas, de a\u00e7\u00e3o r\u00e1pida, com efeitos duradouros, entre outros, no tratamento da depress\u00e3o, da perturba\u00e7\u00e3o de stress p\u00f3s-traum\u00e1tico, da perturba\u00e7\u00e3o obsessivo-compulsiva, da ansiedade no fim da vida, das perturba\u00e7\u00f5es relacionadas com o consumo de subst\u00e2ncias e das adi\u00e7\u00f5es.<\/p><p class=\"has-medium-font-size\">A Austr\u00e1lia j\u00e1 reconheceu e formalizou o uso de subst\u00e2ncias psicad\u00e9licas naturais para a sa\u00fade mental. Al\u00e9m disso, os psicad\u00e9licos recebem um apoio crescente das autoridades e ag\u00eancias p\u00fablicas no Canad\u00e1, Estados Unidos, Reino Unido e Su\u00ed\u00e7a, entre outros.  <\/p><p class=\"has-medium-font-size\"><a href=\"https:\/\/citizens-initiative.europa.eu\/initiatives\/details\/2024\/000011_en\" target=\"_blank\" rel=\"noreferrer noopener\">Descobre mais sobre a nossa iniciativa<\/a><\/p><\/div>\t\t\t\t\t\t\t\t<\/div>\n\t\t\t\t<\/div>\n\t\t\t\t<\/div>\n\t\t<div class=\"elementor-element elementor-element-5953480 e-con-full e-flex e-con e-child\" data-id=\"5953480\" data-element_type=\"container\">\n\t\t<div class=\"elementor-element elementor-element-6e0b946 e-con-full e-flex e-con e-child\" data-id=\"6e0b946\" data-element_type=\"container\" data-settings=\"{&quot;background_background&quot;:&quot;classic&quot;}\">\n\t\t\t\t<div class=\"elementor-element elementor-element-59e00ed elementor-widget elementor-widget-text-editor\" data-id=\"59e00ed\" data-element_type=\"widget\" data-widget_type=\"text-editor.default\">\n\t\t\t\t<div class=\"elementor-widget-container\">\n\t\t\t\t\t\t\t\t\t<p><strong>Milh\u00f5es de europeus precisam de melhores tratamentos. Temos de garantir que os novos tratamentos psicad\u00e9licos est\u00e3o a ser considerados, uma vez que a ci\u00eancia que lhes est\u00e1 subjacente evidencia o seu imenso potencial. <\/strong><\/p>\t\t\t\t\t\t\t\t<\/div>\n\t\t\t\t<\/div>\n\t\t\t\t<div class=\"elementor-element elementor-element-f627518 elementor-widget elementor-widget-text-editor\" data-id=\"f627518\" data-element_type=\"widget\" data-widget_type=\"text-editor.default\">\n\t\t\t\t<div class=\"elementor-widget-container\">\n\t\t\t\t\t\t\t\t\t<p>Mikulas Peksa, Deputado do Parlamento Europeu<\/p>\t\t\t\t\t\t\t\t<\/div>\n\t\t\t\t<\/div>\n\t\t\t\t<\/div>\n\t\t\t\t<\/div>\n\t\t\t\t\t<\/div>\n\t\t\t\t<\/div>\n\t\t\t\t<\/div>\n\t\t","protected":false},"excerpt":{"rendered":"<p>RAZ\u00d5ES H\u00e1 que encarar os factos: estamos perante uma crise de sa\u00fade mental. Atualmente, na Uni\u00e3o Europeia, mais de uma em cada seis pessoas sofre de problemas de sa\u00fade mental. Mais do que nunca. Depress\u00e3o, s\u00edndromes de burnout, dist\u00farbios do stress p\u00f3s-traum\u00e1tico e ins\u00f3nia s\u00e3o apenas alguns dos problemas que afetam milh\u00f5es de pessoas de [&hellip;]<\/p>\n","protected":false},"author":8,"featured_media":0,"parent":0,"menu_order":0,"comment_status":"closed","ping_status":"closed","template":"","meta":{"footnotes":""},"class_list":["post-10436","page","type-page","status-publish","hentry"],"_links":{"self":[{"href":"https:\/\/2025.psychedelicare.eu\/pt-pt\/wp-json\/wp\/v2\/pages\/10436","targetHints":{"allow":["GET"]}}],"collection":[{"href":"https:\/\/2025.psychedelicare.eu\/pt-pt\/wp-json\/wp\/v2\/pages"}],"about":[{"href":"https:\/\/2025.psychedelicare.eu\/pt-pt\/wp-json\/wp\/v2\/types\/page"}],"author":[{"embeddable":true,"href":"https:\/\/2025.psychedelicare.eu\/pt-pt\/wp-json\/wp\/v2\/users\/8"}],"replies":[{"embeddable":true,"href":"https:\/\/2025.psychedelicare.eu\/pt-pt\/wp-json\/wp\/v2\/comments?post=10436"}],"version-history":[{"count":2,"href":"https:\/\/2025.psychedelicare.eu\/pt-pt\/wp-json\/wp\/v2\/pages\/10436\/revisions"}],"predecessor-version":[{"id":10439,"href":"https:\/\/2025.psychedelicare.eu\/pt-pt\/wp-json\/wp\/v2\/pages\/10436\/revisions\/10439"}],"wp:attachment":[{"href":"https:\/\/2025.psychedelicare.eu\/pt-pt\/wp-json\/wp\/v2\/media?parent=10436"}],"curies":[{"name":"wp","href":"https:\/\/api.w.org\/{rel}","templated":true}]}}