{"id":10146,"date":"2023-08-26T06:52:46","date_gmt":"2023-08-26T07:52:46","guid":{"rendered":"https:\/\/www.psychedelicare.eu\/politika-zasebnosti\/"},"modified":"2025-09-19T19:28:05","modified_gmt":"2025-09-19T20:28:05","slug":"politika-zasebnosti","status":"publish","type":"page","link":"https:\/\/2025.psychedelicare.eu\/sl\/politika-zasebnosti\/","title":{"rendered":"Politika zasebnosti"},"content":{"rendered":"\t\t<div data-elementor-type=\"wp-page\" data-elementor-id=\"10146\" class=\"elementor elementor-10146 elementor-1413\" data-elementor-post-type=\"page\">\n\t\t\t\t<div class=\"elementor-element elementor-element-1da536a9 e-flex e-con-boxed e-con e-parent\" data-id=\"1da536a9\" data-element_type=\"container\">\n\t\t\t\t\t<div class=\"e-con-inner\">\n\t\t\t\t<div class=\"elementor-element elementor-element-4f5ad5a3 elementor-widget elementor-widget-heading\" data-id=\"4f5ad5a3\" data-element_type=\"widget\" data-widget_type=\"heading.default\">\n\t\t\t\t<div class=\"elementor-widget-container\">\n\t\t\t\t\t<h2 class=\"elementor-heading-title elementor-size-default\">POLITIKA VARNOSTI OSEBNIH PRAVIC<\/h2>\t\t\t\t<\/div>\n\t\t\t\t<\/div>\n\t\t\t\t\t<\/div>\n\t\t\t\t<\/div>\n\t\t<div class=\"elementor-element elementor-element-052287f e-flex e-con-boxed e-con e-parent\" data-id=\"052287f\" data-element_type=\"container\">\n\t\t\t\t\t<div class=\"e-con-inner\">\n\t\t\t\t<div class=\"elementor-element elementor-element-fb64b53 elementor-widget elementor-widget-text-editor\" data-id=\"fb64b53\" data-element_type=\"widget\" data-widget_type=\"text-editor.default\">\n\t\t\t\t<div class=\"elementor-widget-container\">\n\t\t\t\t\t\t\t\t\t<div><div><h3>Uvod<\/h3><\/div><p>Ta pravilnik o zasebnosti pojasnjuje, kako psychedelicare.eu zbira, uporablja in varuje osebne podatke, ki nam jih posredujete prek kontaktnega obrazca. Zavezani smo k varovanju va\u0161e zasebnosti in upo\u0161tevanju veljavnih zakonov o varstvu podatkov, vklju\u010dno s Splo\u0161no uredbo o varstvu podatkov (GDPR). <\/p><\/div><div><div><h3>Kako uporabljamo va\u0161e osebne podatke<\/h3><\/div><p>Osebne podatke, ki jih posredujete prek kontaktnega obrazca, uporabljamo za vzpostavitev stika z vami in za odgovor na va\u0161o poizvedbo ali vpra\u0161anje. Brez va\u0161e izrecne privolitve jih ne uporabljamo v komercialne namene ali druge tr\u017ene dejavnosti. <\/p><h3>Soglasje<\/h3><\/div><div><p>Z uporabo na\u0161ega kontaktnega obrazca in posredovanjem svojih osebnih podatkov sogla\u0161ate, da jih uporabimo za namene, opisane v tem pravilniku o zasebnosti.<\/p><\/div><div><div><h3>Souporaba osebnih podatkov<\/h3><\/div><p>Va\u0161ih osebnih podatkov ne posredujemo tretjim osebam, razen \u010de je to potrebno za odgovor na va\u0161o zahtevo ali \u010de smo k temu zakonsko zavezani.<\/p><\/div><div><div><h3>Varnost podatkov<\/h3><\/div><p>Sprejemamo razumne ukrepe za za\u0161\u010dito va\u0161ih osebnih podatkov pred nepoobla\u0161\u010deno uporabo, izgubo, dostopom, razkritjem, spreminjanjem ali uni\u010denjem. Vendar se zavedajte, da varnosti podatkov, ki se prena\u0161ajo prek interneta, ni mogo\u010de 100-odstotno zagotoviti. <\/p><\/div><div><div><h3>Va\u0161e pravice<\/h3><\/div><p>V skladu z GDPR imate pravico do dostopa, popravka, izbrisa ali ugovora obdelavi va\u0161ih osebnih podatkov. \u010ce \u017eelite uveljavljati katero koli od teh pravic, se obrnite na nas na naslov info@psychedelicare.eu. Na va\u0161o zahtevo se bomo odzvali v zakonsko dolo\u010denih rokih.  <\/p><\/div><div><div><h3>Spremembe pravilnika o zasebnosti<\/h3><\/div><p>Pridr\u017eujemo si pravico, da ta pravilnik o zasebnosti kadar koli posodobimo. Spremembe bodo objavljene na tej strani, datum zadnje posodobitve pa bo naveden na vrhu te strani. <\/p><\/div><div><div><h3>Pi\u0161ite nam<\/h3><\/div><p>\u010ce imate kakr\u0161na koli vpra\u0161anja ali pomisleke v zvezi z na\u0161im pravilnikom o zasebnosti, nam pi\u0161ite na naslednji e-po\u0161tni naslov: info@psychedelicare.eu<\/p><\/div>\t\t\t\t\t\t\t\t<\/div>\n\t\t\t\t<\/div>\n\t\t\t\t\t<\/div>\n\t\t\t\t<\/div>\n\t\t\t\t<\/div>\n\t\t","protected":false},"excerpt":{"rendered":"<p>POLITIKA VARNOSTI OSEBNIH PRAVIC Uvod Ta pravilnik o zasebnosti pojasnjuje, kako psychedelicare.eu zbira, uporablja in varuje osebne podatke, ki nam jih posredujete prek kontaktnega obrazca. Zavezani smo k varovanju va\u0161e zasebnosti in upo\u0161tevanju veljavnih zakonov o varstvu podatkov, vklju\u010dno s Splo\u0161no uredbo o varstvu podatkov (GDPR). Kako uporabljamo va\u0161e osebne podatke Osebne podatke, ki jih [&hellip;]<\/p>\n","protected":false},"author":4,"featured_media":0,"parent":0,"menu_order":0,"comment_status":"closed","ping_status":"closed","template":"","meta":{"footnotes":""},"class_list":["post-10146","page","type-page","status-publish","hentry"],"_links":{"self":[{"href":"https:\/\/2025.psychedelicare.eu\/sl\/wp-json\/wp\/v2\/pages\/10146","targetHints":{"allow":["GET"]}}],"collection":[{"href":"https:\/\/2025.psychedelicare.eu\/sl\/wp-json\/wp\/v2\/pages"}],"about":[{"href":"https:\/\/2025.psychedelicare.eu\/sl\/wp-json\/wp\/v2\/types\/page"}],"author":[{"embeddable":true,"href":"https:\/\/2025.psychedelicare.eu\/sl\/wp-json\/wp\/v2\/users\/4"}],"replies":[{"embeddable":true,"href":"https:\/\/2025.psychedelicare.eu\/sl\/wp-json\/wp\/v2\/comments?post=10146"}],"version-history":[{"count":1,"href":"https:\/\/2025.psychedelicare.eu\/sl\/wp-json\/wp\/v2\/pages\/10146\/revisions"}],"predecessor-version":[{"id":10147,"href":"https:\/\/2025.psychedelicare.eu\/sl\/wp-json\/wp\/v2\/pages\/10146\/revisions\/10147"}],"wp:attachment":[{"href":"https:\/\/2025.psychedelicare.eu\/sl\/wp-json\/wp\/v2\/media?parent=10146"}],"curies":[{"name":"wp","href":"https:\/\/api.w.org\/{rel}","templated":true}]}}